{"id":2701,"date":"2019-11-07T17:50:24","date_gmt":"2019-11-07T16:50:24","guid":{"rendered":"https:\/\/huntersmapp.com\/?page_id=2701"},"modified":"2020-02-10T09:47:57","modified_gmt":"2020-02-10T08:47:57","slug":"fragebogenaktion-mit-gewinnspiel","status":"publish","type":"page","link":"https:\/\/huntersmapp.com\/en\/extras\/fragebogenaktion-mit-gewinnspiel\/","title":{"rendered":"(Deutsch) Fragebogenaktion mit Gewinnspiel"},"content":{"rendered":"<p class=\"qtranxs-available-languages-message qtranxs-available-languages-message-en\">Sorry, this entry is only available in <a href=\"https:\/\/huntersmapp.com\/de\/wp-json\/wp\/v2\/pages\/2701\" class=\"qtranxs-available-language-link qtranxs-available-language-link-de\" title=\"Deutsch\">German<\/a>. For the sake of viewer convenience, the content is shown below in the alternative language. You may click the link to switch the active language.<\/p><p>[vc_row][vc_column width=&#8221;7\/12&#8243;][vc_column_text]Liebe HuntersMapp User und alle die es werden m\u00f6chten,<\/p>\n<p>&nbsp;<\/p>\n<p><strong>unsere Fragebogenaktion mit Gewinnspiel ist beendet!\u00a0<\/strong><\/p>\n<p>Insgesamt haben wir 695 ausgef\u00fcllte Frageb\u00f6gen erhalten.\u00a0Wir bedanken uns ganz herzlich bei allen Teilnehmern f\u00fcr die teilweise sehr guten Beitr\u00e4ge!<\/p>\n<p>&nbsp;<\/p>\n<p><strong>Erste Informationen zur geplanten Weiterentwicklung in 2020:<\/strong><\/p>\n<p>Bereits jetzt k\u00f6nnen wir sagen, dass wir in 2020 die Integration von diversen 4G Wildkameras in die HuntersMapp umsetzten werden.<\/p>\n<p>Die Nachfrage nach unserer geplanten <a href=\"https:\/\/huntersmapp.com\/extras\/hardware\/\" target=\"_blank\" rel=\"noopener noreferrer\">Funkhardware f\u00fcr die Peer to Peer Kommunikation<\/a> liegt unter unseren Erwartungen. Wir werden f\u00fcr uns pr\u00fcfen, ob eine Integration wirtschaftlich ist. Falls Sie\u00a0die Umsetzung unterst\u00fctzen m\u00f6chten, k\u00f6nnen Sie uns hier schreiben, wieviele Ger\u00e4te zum Einzelpreis von ca. 90 \u20ac Sie gerne bei uns kaufen w\u00fcrden.<\/p>\n<p><a href=\"mailto:info@outlander-lb.com\">Ich unterst\u00fctze die Umsetzung der Peer to Peer Hardware\u00a0in der HuntersMapp und w\u00fcrde gerne Ger\u00e4te kaufen!<\/a><\/p>\n<p>Die Frageb\u00f6gen werden in den n\u00e4chsten Tagen detailliert ausgewertet. Abgeleitet von Euren W\u00fcnschen, werden wir die\u00a0HuntersMapp zielgerichtet\u00a0weiterentwickeln.<\/p>\n<p>&nbsp;<\/p>\n<p><strong>Unsere Gewinner*:<\/strong><\/p>\n<p>Insgesamt wurden 15 Gutscheincodes f\u00fcr HuntersMapp Vollversion &#8220;Unlimited&#8221; verlost. Die Gewinner unseres Gewinnspiels wurden bereits per E-Mail benachrichtigt.<\/p>\n<p>Wir gratulieren unseren Gewinnern* und w\u00fcnschen viel Spa\u00df mit der HuntersMapp:<\/p>\n<ul>\n<li>Simon M. aus Bocholt<\/li>\n<li>Dirk S.<\/li>\n<li>J\u00f6rg G. aus Alsfeld (Hessen)<\/li>\n<li>Wolfgang S. aus W\u00f6llstadt<\/li>\n<li>Judith P. aus Wipperf\u00fcrth<\/li>\n<li>Thomas G. aus Bad Endorf<\/li>\n<li>Yvonne W.<\/li>\n<li>Philipp H. aus Zell<\/li>\n<\/ul>\n<p>&nbsp;<\/p>\n<p>Euer HuntersMapp Team<\/p>\n<p>&nbsp;<\/p>\n<p>*Die hier genannten Gewinner haben einer Ver\u00f6ffentlichung auf unserer Webseite zugestimmt![\/vc_column_text][vc_empty_space height=&#8221;50&#8243;][\/vc_column][vc_column width=&#8221;4\/12&#8243;][vc_empty_space height=&#8221;50&#8243;][vc_single_image image=&#8221;2705&#8243; img_size=&#8221;full&#8221;][vc_single_image image=&#8221;2587&#8243; img_size=&#8221;full&#8221;][\/vc_column][\/vc_row]<\/p>","protected":false},"excerpt":{"rendered":"<p>Sorry, this entry is only available in German. For the sake of viewer convenience, the content is shown below in the alternative language. You may click the link to switch the active language.[vc_row][vc_column width=&#8221;7\/12&#8243;][vc_column_text]Liebe HuntersMapp User und alle die es werden m\u00f6chten, &nbsp; unsere Fragebogenaktion mit Gewinnspiel ist beendet!\u00a0 Insgesamt haben wir 695 ausgef\u00fcllte Frageb\u00f6gen [&hellip;]<\/p>\n","protected":false},"author":4,"featured_media":0,"parent":159,"menu_order":0,"comment_status":"closed","ping_status":"closed","template":"","meta":[],"_links":{"self":[{"href":"https:\/\/huntersmapp.com\/en\/wp-json\/wp\/v2\/pages\/2701"}],"collection":[{"href":"https:\/\/huntersmapp.com\/en\/wp-json\/wp\/v2\/pages"}],"about":[{"href":"https:\/\/huntersmapp.com\/en\/wp-json\/wp\/v2\/types\/page"}],"author":[{"embeddable":true,"href":"https:\/\/huntersmapp.com\/en\/wp-json\/wp\/v2\/users\/4"}],"replies":[{"embeddable":true,"href":"https:\/\/huntersmapp.com\/en\/wp-json\/wp\/v2\/comments?post=2701"}],"version-history":[{"count":28,"href":"https:\/\/huntersmapp.com\/en\/wp-json\/wp\/v2\/pages\/2701\/revisions"}],"predecessor-version":[{"id":2797,"href":"https:\/\/huntersmapp.com\/en\/wp-json\/wp\/v2\/pages\/2701\/revisions\/2797"}],"up":[{"embeddable":true,"href":"https:\/\/huntersmapp.com\/en\/wp-json\/wp\/v2\/pages\/159"}],"wp:attachment":[{"href":"https:\/\/huntersmapp.com\/en\/wp-json\/wp\/v2\/media?parent=2701"}],"curies":[{"name":"wp","href":"https:\/\/api.w.org\/{rel}","templated":true}]}}