{"id":520,"date":"2017-05-08T10:36:04","date_gmt":"2017-05-08T08:36:04","guid":{"rendered":"http:\/\/huntersmapp.com\/?page_id=520"},"modified":"2019-10-28T10:17:20","modified_gmt":"2019-10-28T09:17:20","slug":"partner","status":"publish","type":"page","link":"https:\/\/huntersmapp.com\/en\/partner\/","title":{"rendered":"Partner"},"content":{"rendered":"<p class=\"qtranxs-available-languages-message qtranxs-available-languages-message-en\">Sorry, this entry is only available in <a href=\"https:\/\/huntersmapp.com\/de\/wp-json\/wp\/v2\/pages\/520\" class=\"qtranxs-available-language-link qtranxs-available-language-link-de\" title=\"Deutsch\">German<\/a>. For the sake of viewer convenience, the content is shown below in the alternative language. You may click the link to switch the active language.<\/p><p>[vc_row][vc_column width=&#8221;5\/12&#8243;][vc_column_text]<\/p>\n<h1>Unsere Partner<\/h1>\n<p>&nbsp;<\/p>\n<h3><a href=\"https:\/\/www.frankonia.de?campaign=kooperation\/huntersmapp\/logoverlinkung&amp;utm_medium=kooperation&amp;utm_source=huntersmapp &amp;utm_campaign=logoverlinkung\">Frankonia<\/a><\/h3>\n<p>Seit der Gr\u00fcndung im Jahre 1908 hat sich Frankonia zum Marktf\u00fchrer im Bereich Jagd und Sportschie\u00dfen in Deutschland entwickelt. Das Sortiment umfasst neben Ausr\u00fcstung f\u00fcr J\u00e4ger, Sportsch\u00fctzen und Sammler auch hochwertige Mode und eine exklusive Outdoorausstattung. Dank der Multichannel-Ausrichtung erreicht das Traditionsunternehmen seine Kunden \u00fcber die Vertriebswege Kataloggesch\u00e4ft, E-Commerce und Station\u00e4rhandel.<\/p>\n<h3><a href=\"http:\/\/waidwerken-app.de\">Waidwerken die App f\u00fcr Jagd und Natur &#8211; kostenlos in Deinem Playstore!<\/a><\/h3>\n<p>Das junge Projekt Waidwerken bietet einen \u00fcbersichtlichen Kleinanzeigenmarktplatz sowie eine Kommunikationsplattform f\u00fcr J\u00e4ger und Naturinteressierte\u00a0in Form einer\u00a0kostenlosen App.<br \/>\nDer Kleinanzeigenmarktplatz bietet Dir als Nutzer die M\u00f6glichkeit gebrauchte, neuwertige und neue Artikel und Dienstleistungen in den verschiedensten Rubriken des Jagdwesens selbst zu inserieren oder zu erwerben.<br \/>\nZus\u00e4tzlich bietet das Modul \u201eNeues vom Hochsitz\u201c die M\u00f6glichkeit Erlebnisse und Erfahrungen mit anderen Nutzern der J\u00e4gerschaft zu teilen und zu diskutieren.<br \/>\nDie abwechslungsreiche Plattform -Waidwerken- freut sich auf deinen Besuch, Waidmannsheil!<\/p>\n<h3><a href=\"https:\/\/hellewelt.de\" target=\"_blank\" rel=\"noopener noreferrer\">Tierfotografie und Jagdfotografie<\/a><\/h3>\n<p>Gern begleite ich sie und ihre Vierbeiner zu sch\u00f6nen und spannenden Locations in Schleswig-Holstein. So k\u00f6nnen sie nach einem in der Regel circa zwei-st\u00fcndigen Fotoshooting schnell sch\u00f6ne und aussagekr\u00e4ftige Fotos von sich und ihren Begleitern erhalten. Sei es vom Hund, ihrem Jagdhund oder den Pferden. Oder schenken sie Freunden dieses einmalige Erlebnis in Form eines Geschenk-Gutscheins!<\/p>\n<h3><a href=\"https:\/\/klaus-demmel.de\/index.php\">Rottumtaler Wildlocker<\/a><\/h3>\n<p>Rottumtaler Wildlocker werden in Handarbeit zum Gro\u00dfteil aus Hirschhorn und Rehgeh\u00f6rn hergestellt. Sie sind Produkte der Natur, die in Gr\u00f6\u00dfe, Farbe und Aussehen unterschiedlich sind. Jedes einzelne Exemplar ist ein Unikat.<\/p>\n<h3><a href=\"https:\/\/djv-shop.de\">DJV\u00a0&#8211; Shop (Deutscher Jagdverband)<\/a><\/h3>\n<p>J\u00e4ger und jagdinteressierte Menschen sind im DJV-Shop genau richtig &#8211; Wir sind Ihr Onlineshop f\u00fcr Jagdbekleidung, Jagdbedarf, Schie\u00dfscheiben und anderem Jagdzubeh\u00f6r.<\/p>\n<h3><a href=\"https:\/\/www.vdb-waffen.de\">Verband Deutscher B\u00fcchsenmacher (VDB)<\/a><\/h3>\n<p>Der VDB versteht sich als Bundesverband der B\u00fcchsenmacher und des Waffenfacheinzelhandels.<\/p>\n<h3><a href=\"https:\/\/wirjagen.de\">Wir Jagen<\/a><\/h3>\n<p>Das Online-Jagdmagazin f\u00fcr den deutschsprachigen Raum.\u00a0Viele bekannte und neue Autoren warten darauf Ihnen in jeder Ausgabe packende Jagdgeschichten, inspirierende Bilder, Produkttests und Neuvorstellungen sowie Trends, Rezepte, Tipps und Videomaterial zu pr\u00e4sentieren.<\/p>\n<h3><a href=\"https:\/\/www.geartester.de\">Geartester<\/a><\/h3>\n<p>Jagdausr\u00fcstung von J\u00e4gern getestet. Hier gibt es sehr gute Testberichte zu diverser Jagdausr\u00fcstung wie Jagdwaffen, Munition, Bekleidung, Optik etc. \u00a0Bei Gearteter stehen aber nicht nur die Produkte gro\u00dfer bekannter Firmen\u00a0sondern auch die kleinerer und eher unbekannterer Hersteller im Fokus.<\/p>\n<h3><a href=\"https:\/\/de.browning.eu\">Browning<\/a><\/h3>\n<p>Seit im Jahre 1897 die erste Browning-Schusswaffe auf den Markt kam, wurden mehrere Millionen Flinten und B\u00fcchsen, f\u00fcr die Jagd oder den Schie\u00dfsport, von Browning kreiert und signiert. Jeden Tag, in der ganzen Welt, begleiten alte oder moderne, glatte oder gezogene Browning Waffen ihre Besitzer auf der Jagd und beim Sportschie\u00dfen.<\/p>\n<h3><a href=\"http:\/\/www.winchesterguns.com\">Winchester<\/a><\/h3>\n<p>Das Unternehmen Winchester Repeating Arms Company entwickelte und produzierte seit 1860 in den Vereinigten Staaten Gewehre. Anfangs wurden diese unter der Bezeichnung Henry Rifle, ab 1866 unter der bekannten Marke Winchester vertrieben.<\/p>\n<h3><\/h3>\n<h3><\/h3>\n<p>[\/vc_column_text][\/vc_column][vc_column width=&#8221;7\/12&#8243;][vc_empty_space height=&#8221;300&#8243;][vc_row_inner][vc_column_inner offset=&#8221;vc_hidden-xs&#8221;][vc_raw_html]JTNDaHRtbCUzRSUwQSUzQ2JvZHklM0UlMEElM0NkaXYlMjBhbGlnbiUzRCUyN2NlbnRlciUyNyUzRSUwQSUzQyUyMS0tJTIwQkVHSU4lMjBQQVJUTkVSJTIwUFJPR1JBTSUyMC0lMjBETyUyME5PVCUyMENIQU5HRSUyMFRIRSUyMFBBUkFNRVRFUlMlMjBPRiUyMFRIRSUyMEhZUEVSTElOSyUyMC0tJTNFJTBBJTNDc2NyaXB0JTIwdHlwZSUzRCUyMnRleHQlMkZqYXZhc2NyaXB0JTIyJTIwc3JjJTNEJTIyaHR0cCUzQSUyRiUyRmJhbm5lcnMud2VibWFzdGVycGxhbi5jb20lMkZ2aWV3LmFzcCUzRnJlZiUzRDg1NTgwMCUyNmpzJTNEMSUyNnNpdGUlM0Q2NjE4JTI2YiUzRDI5JTI2dGFyZ2V0JTNEX2JsYW5rJTI2dGl0bGUlM0RGcmFua29uaWElMkItJTJCTW9kZSUyQmZ1ZXIlMkJob2VjaHN0ZSUyQkFuc3BydWVjaGUlMjIlMjAlM0UlM0MlMkZzY3JpcHQlM0UlM0Nub3NjcmlwdCUzRSUzQ2ElMjBocmVmJTNEJTIyaHR0cCUzQSUyRiUyRnBhcnRuZXJzLndlYm1hc3RlcnBsYW4uY29tJTJGY2xpY2suYXNwJTNGcmVmJTNEODU1ODAwJTI2c2l0ZSUzRDY2MTglMjZ0eXBlJTNEYjI5JTI2Ym5iJTNEMjklMjIlMjB0YXJnZXQlM0QlMjJfYmxhbmslMjIlM0UlMEElM0NpbWclMjBzcmMlM0QlMjJodHRwJTNBJTJGJTJGYmFubmVycy53ZWJtYXN0ZXJwbGFuLmNvbSUyRnZpZXcuYXNwJTNGcmVmJTNEODU1ODAwJTI2c2l0ZSUzRDY2MTglMjZiJTNEMjklMjIlMjBib3JkZXIlM0QlMjIwJTIyJTIwdGl0bGUlM0QlMjJGcmFua29uaWElMjAtJTIwTW9kZSUyMGZ1ZXIlMjBob2VjaHN0ZSUyMEFuc3BydWVjaGUlMjIlMjBhbHQlM0QlMjJGcmFua29uaWElMjAtJTIwTW9kZSUyMGZ1ZXIlMjBob2VjaHN0ZSUyMEFuc3BydWVjaGUlMjIlMjB3aWR0aCUzRCUyMjIwMCUyMiUyMGhlaWdodCUzRCUyMjYwJTIyJTIwJTJGJTNFJTNDJTJGYSUzRSUzQyUyRm5vc2NyaXB0JTNFJTBBJTNDJTIxLS0lMjBFTkQlMjBQQVJUTkVSJTIwUFJPR1JBTSUyMC0tJTNFJTBBJTNDJTJGZGl2JTNFJTBBJTNDJTJGYm9keSUzRSUwQSUwQSUzQyUyRmh0bWwlM0U=[\/vc_raw_html][\/vc_column_inner][\/vc_row_inner][vc_empty_space height=&#8221;50px&#8221;][vc_row_inner][vc_column_inner width=&#8221;1\/3&#8243;][\/vc_column_inner][vc_column_inner width=&#8221;1\/3&#8243;][vc_raw_html]JTNDYSUyMGhyZWYlM0QlMjJodHRwJTNBJTJGJTJGd2FpZHdlcmtlbi1hcHAuZGUlMjIlMjB0YXJnZXQlM0QlMjJfYmxhbmslMjIlMjBjbGFzcyUzRCUyMnZjX3NpbmdsZV9pbWFnZS13cmFwcGVyJTIwJTIwJTIwdmNfYm94X2JvcmRlcl9ncmV5JTIyJTNFJTNDaW1nJTIwY2xhc3MlM0QlMjJ2Y19zaW5nbGVfaW1hZ2UtaW1nJTIwJTIyJTIwc3JjJTNEJTIyaHR0cHMlM0ElMkYlMkZodW50ZXJzbWFwcC5jb20lMkZ3cC1jb250ZW50JTJGdXBsb2FkcyUyRjIwMTklMkYwMiUyRkxvZ28tZTE1NTA5MTY4MzQ4MzEtMjAweDI3MC5wbmclMjIlMjB3aWR0aCUzRCUyMjIwMCUyMiUyMGhlaWdodCUzRCUyMjI3MCUyMiUyMGFsdCUzRCUyMkxvZ28lMjIlMjB0aXRsZSUzRCUyMkxvZ28lMjIlMjBhbGlnbiUzRCUyN2NlbnRlciUyNyUyMCUyRiUzRSUzQyUyRmElM0U=[\/vc_raw_html][\/vc_column_inner][vc_column_inner width=&#8221;1\/3&#8243;][\/vc_column_inner][\/vc_row_inner][vc_row_inner][vc_column_inner width=&#8221;1\/4&#8243;][\/vc_column_inner][vc_column_inner width=&#8221;2\/4&#8243;][vc_single_image image=&#8221;2685&#8243; img_size=&#8221;medium&#8221; onclick=&#8221;custom_link&#8221; img_link_target=&#8221;_blank&#8221; link=&#8221;https:\/\/hellewelt.de&#8221;][\/vc_column_inner][vc_column_inner width=&#8221;1\/4&#8243;][\/vc_column_inner][\/vc_row_inner][vc_row_inner content_placement=&#8221;middle&#8221;][vc_column_inner width=&#8221;1\/2&#8243; offset=&#8221;vc_col-xs-6&#8243;][vc_single_image image=&#8221;923&#8243; img_size=&#8221;medium&#8221; alignment=&#8221;center&#8221; onclick=&#8221;custom_link&#8221; img_link_target=&#8221;_blank&#8221; link=&#8221;https:\/\/klaus-demmel.de\/index.php&#8221;][\/vc_column_inner][vc_column_inner width=&#8221;1\/2&#8243; offset=&#8221;vc_col-xs-6&#8243;][vc_single_image image=&#8221;1195&#8243; img_size=&#8221;large&#8221; onclick=&#8221;custom_link&#8221; img_link_target=&#8221;_blank&#8221; link=&#8221;http:\/\/djv-shop.de&#8221;][\/vc_column_inner][\/vc_row_inner][vc_row_inner][vc_column_inner width=&#8221;1\/2&#8243; offset=&#8221;vc_col-xs-6&#8243;][vc_single_image image=&#8221;523&#8243; img_size=&#8221;medium&#8221; onclick=&#8221;custom_link&#8221; img_link_target=&#8221;_blank&#8221; link=&#8221;https:\/\/www.vdb-waffen.de&#8221;][\/vc_column_inner][vc_column_inner width=&#8221;1\/2&#8243; offset=&#8221;vc_col-xs-6&#8243;][vc_single_image image=&#8221;522&#8243; img_size=&#8221;medium&#8221; alignment=&#8221;center&#8221; onclick=&#8221;custom_link&#8221; img_link_target=&#8221;_blank&#8221; link=&#8221;http:\/\/wirjagen.de&#8221;][\/vc_column_inner][\/vc_row_inner][vc_row_inner][vc_column_inner width=&#8221;1\/2&#8243; offset=&#8221;vc_col-xs-6&#8243;][vc_single_image image=&#8221;1486&#8243; img_size=&#8221;full&#8221; alignment=&#8221;center&#8221; onclick=&#8221;custom_link&#8221; img_link_target=&#8221;_blank&#8221; link=&#8221;http:\/\/www.geartester.de&#8221;][\/vc_column_inner][vc_column_inner width=&#8221;1\/2&#8243; offset=&#8221;vc_col-xs-6&#8243;][vc_single_image image=&#8221;1499&#8243; img_size=&#8221;medium&#8221; onclick=&#8221;custom_link&#8221; img_link_target=&#8221;_blank&#8221; link=&#8221;http:\/\/www.browning.eu&#8221;][\/vc_column_inner][\/vc_row_inner][vc_row_inner][vc_column_inner width=&#8221;1\/2&#8243; offset=&#8221;vc_col-xs-6&#8243;][vc_single_image image=&#8221;1501&#8243; img_size=&#8221;full&#8221; alignment=&#8221;center&#8221; onclick=&#8221;custom_link&#8221; img_link_target=&#8221;_blank&#8221; link=&#8221;http:\/\/winchester.com\/Pages\/Home.aspx&#8221;][\/vc_column_inner][\/vc_row_inner][\/vc_column][\/vc_row]<\/p>","protected":false},"excerpt":{"rendered":"<p>Sorry, this entry is only available in German. For the sake of viewer convenience, the content is shown below in the alternative language. You may click the link to switch the active language.[vc_row][vc_column width=&#8221;5\/12&#8243;][vc_column_text] Unsere Partner &nbsp; Frankonia Seit der Gr\u00fcndung im Jahre 1908 hat sich Frankonia zum Marktf\u00fchrer im Bereich Jagd und Sportschie\u00dfen in [&hellip;]<\/p>\n","protected":false},"author":4,"featured_media":0,"parent":0,"menu_order":0,"comment_status":"closed","ping_status":"closed","template":"","meta":[],"_links":{"self":[{"href":"https:\/\/huntersmapp.com\/en\/wp-json\/wp\/v2\/pages\/520"}],"collection":[{"href":"https:\/\/huntersmapp.com\/en\/wp-json\/wp\/v2\/pages"}],"about":[{"href":"https:\/\/huntersmapp.com\/en\/wp-json\/wp\/v2\/types\/page"}],"author":[{"embeddable":true,"href":"https:\/\/huntersmapp.com\/en\/wp-json\/wp\/v2\/users\/4"}],"replies":[{"embeddable":true,"href":"https:\/\/huntersmapp.com\/en\/wp-json\/wp\/v2\/comments?post=520"}],"version-history":[{"count":144,"href":"https:\/\/huntersmapp.com\/en\/wp-json\/wp\/v2\/pages\/520\/revisions"}],"predecessor-version":[{"id":2692,"href":"https:\/\/huntersmapp.com\/en\/wp-json\/wp\/v2\/pages\/520\/revisions\/2692"}],"wp:attachment":[{"href":"https:\/\/huntersmapp.com\/en\/wp-json\/wp\/v2\/media?parent=520"}],"curies":[{"name":"wp","href":"https:\/\/api.w.org\/{rel}","templated":true}]}}