{"id":100,"date":"2017-01-24T16:25:03","date_gmt":"2017-01-24T15:25:03","guid":{"rendered":"http:\/\/huntersmapp.com\/?page_id=100"},"modified":"2019-08-07T10:02:51","modified_gmt":"2019-08-07T08:02:51","slug":"einfache-jagd","status":"publish","type":"page","link":"https:\/\/huntersmapp.com\/es\/jagdplaner\/einfache-jagd\/","title":{"rendered":"(Deutsch) Einfache Jagd"},"content":{"rendered":"<p class=\"qtranxs-available-languages-message qtranxs-available-languages-message-es\">Disculpa, pero esta entrada est\u00e1 disponible s\u00f3lo en <a href=\"https:\/\/huntersmapp.com\/de\/wp-json\/wp\/v2\/pages\/100\" class=\"qtranxs-available-language-link qtranxs-available-language-link-de\" title=\"Deutsch\">Alem\u00e1n<\/a>, <a href=\"https:\/\/huntersmapp.com\/en\/wp-json\/wp\/v2\/pages\/100\" class=\"qtranxs-available-language-link qtranxs-available-language-link-en\" title=\"English\">Ingl\u00e9s Estadounidense<\/a>, <a href=\"https:\/\/huntersmapp.com\/fr\/wp-json\/wp\/v2\/pages\/100\" class=\"qtranxs-available-language-link qtranxs-available-language-link-fr\" title=\"Fran\u00e7ais\">Franc\u00e9s<\/a> y <a href=\"https:\/\/huntersmapp.com\/it\/wp-json\/wp\/v2\/pages\/100\" class=\"qtranxs-available-language-link qtranxs-available-language-link-it\" title=\"Italiano\">Italiano<\/a>. For the sake of viewer convenience, the content is shown below in this site default language. You may click one of the links to switch the site language to another available language.<\/p><p>[vc_row][vc_column width=&#8221;5\/12&#8243;][vc_column_text]<\/p>\n<h1>Einfache Jagd<\/h1>\n<p>Einfach genial \u2013 genial einfach: Mit dem Feature \u201eEinfache Jagd\u201c k\u00f6nnen Sie im Handumdrehen eine Gesellschaftsjagd starten, bei der z.B. Sie als Jagdleiter im HuntersMapp-Messenger eine Jagdgruppe anlegen, aus Ihrem Adressbuch die teilnehmenden J\u00e4ger und aus der Revierliste das zu bejagende Revier ausw\u00e4hlen und anschlie\u00dfend die Jagd starten:<\/p>\n<ul>\n<li>Die Teilnehmer erhalten vom Jagdleiter die Einladung an der Jagd teilzunehmen.<\/li>\n<li>Durch Annahme der Einladung werden die Revierdaten auf die Teilnehmer \u00fcbertragen\u00a0und\u00a0das GPS-Signal eines jeden\u00a0Teilnehmers wird auf der Jagdkarte angezeigt. Jeder Teilnehmer kann jederzeit die HuntersMapp-Jagd \u00fcber den Befehl &#8220;Jagd beenden&#8221;\u00a0verlassen.<\/li>\n<li>Die Kommunikation erfolgt via HuntersMapp-Chat.<\/li>\n<li>Der Jagdleiter kann die Jagd manuell beenden. Darauf hin schlie\u00dft sich die Jagdkarte f\u00fcr alle.<\/li>\n<li>Die Teilnehmerfunktion ist auch mit dem HuntersMapp\u00a0Gratis-Viewer nutzbar.<\/li>\n<li>Bilder und GPS-Positionen von Ereignissen wie z.B. Sichtungen, Absch\u00fcsse\u00a0k\u00f6nnen \u00fcber den HuntersMapp-Chat geteilt werden.<\/li>\n<li>Sie k\u00f6nnen sich die Jagdkarte in allen Aufl\u00f6sungsstufen offline auf Ihr Mobiltelefon herunterladen und sind somit unabh\u00e4ngig von einer Internetverbindung unterwegs.<\/li>\n<\/ul>\n<p>\u00dcber die <strong><a href=\"http:\/\/huntersmapp.com\/kommunikation\/peer-to-peer\/\">Peer-to-Peer Technik<\/a><\/strong>\u00a0kann die Kommunikation zwischen den Teilnehmern auch ohne \u00f6ffentliches Netz erfolgen.<\/p>\n<p>Wie die Planung und Durchf\u00fchrung einer Jagd in der HuntersMapp funktioniert, k\u00f6nnen Sie in unserer <a href=\"https:\/\/huntersmapp.com\/wp-content\/uploads\/2019\/07\/Bedienungsanleitung-HuntersMapp.pdf\" target=\"_blank\" rel=\"noopener noreferrer\">Bedienungsanleitung<\/a> auf Seite 50 &#8211; 53 nachlesen.[\/vc_column_text][\/vc_column][vc_column width=&#8221;7\/12&#8243;][vc_empty_space height=&#8221;30&#8243;][vc_single_image image=&#8221;2041&#8243; img_size=&#8221;large&#8221;][vc_single_image image=&#8221;2044&#8243; onclick=&#8221;link_image&#8221;][vc_single_image image=&#8221;1671&#8243; onclick=&#8221;link_image&#8221;][\/vc_column][\/vc_row]<\/p>","protected":false},"excerpt":{"rendered":"<p>Disculpa, pero esta entrada est\u00e1 disponible s\u00f3lo en Alem\u00e1n, Ingl\u00e9s Estadounidense, Franc\u00e9s y Italiano. For the sake of viewer convenience, the content is shown below in this site default language. You may click one of the links to switch the site language to another available language.[vc_row][vc_column width=&#8221;5\/12&#8243;][vc_column_text] Einfache Jagd Einfach genial \u2013 genial einfach: Mit [&hellip;]<\/p>\n","protected":false},"author":4,"featured_media":0,"parent":32,"menu_order":4,"comment_status":"closed","ping_status":"closed","template":"","meta":[],"_links":{"self":[{"href":"https:\/\/huntersmapp.com\/es\/wp-json\/wp\/v2\/pages\/100"}],"collection":[{"href":"https:\/\/huntersmapp.com\/es\/wp-json\/wp\/v2\/pages"}],"about":[{"href":"https:\/\/huntersmapp.com\/es\/wp-json\/wp\/v2\/types\/page"}],"author":[{"embeddable":true,"href":"https:\/\/huntersmapp.com\/es\/wp-json\/wp\/v2\/users\/4"}],"replies":[{"embeddable":true,"href":"https:\/\/huntersmapp.com\/es\/wp-json\/wp\/v2\/comments?post=100"}],"version-history":[{"count":44,"href":"https:\/\/huntersmapp.com\/es\/wp-json\/wp\/v2\/pages\/100\/revisions"}],"predecessor-version":[{"id":2509,"href":"https:\/\/huntersmapp.com\/es\/wp-json\/wp\/v2\/pages\/100\/revisions\/2509"}],"up":[{"embeddable":true,"href":"https:\/\/huntersmapp.com\/es\/wp-json\/wp\/v2\/pages\/32"}],"wp:attachment":[{"href":"https:\/\/huntersmapp.com\/es\/wp-json\/wp\/v2\/media?parent=100"}],"curies":[{"name":"wp","href":"https:\/\/api.w.org\/{rel}","templated":true}]}}