{"id":105,"date":"2017-01-24T16:32:55","date_gmt":"2017-01-24T15:32:55","guid":{"rendered":"http:\/\/huntersmapp.com\/?page_id=105"},"modified":"2019-08-07T10:02:02","modified_gmt":"2019-08-07T08:02:02","slug":"organisierte-jagd","status":"publish","type":"page","link":"https:\/\/huntersmapp.com\/es\/jagdplaner\/organisierte-jagd\/","title":{"rendered":"(Deutsch) Organisierte Jagd"},"content":{"rendered":"<p class=\"qtranxs-available-languages-message qtranxs-available-languages-message-es\">Disculpa, pero esta entrada est\u00e1 disponible s\u00f3lo en <a href=\"https:\/\/huntersmapp.com\/de\/wp-json\/wp\/v2\/pages\/105\" class=\"qtranxs-available-language-link qtranxs-available-language-link-de\" title=\"Deutsch\">Alem\u00e1n<\/a>, <a href=\"https:\/\/huntersmapp.com\/en\/wp-json\/wp\/v2\/pages\/105\" class=\"qtranxs-available-language-link qtranxs-available-language-link-en\" title=\"English\">Ingl\u00e9s Estadounidense<\/a>, <a href=\"https:\/\/huntersmapp.com\/fr\/wp-json\/wp\/v2\/pages\/105\" class=\"qtranxs-available-language-link qtranxs-available-language-link-fr\" title=\"Fran\u00e7ais\">Franc\u00e9s<\/a> y <a href=\"https:\/\/huntersmapp.com\/it\/wp-json\/wp\/v2\/pages\/105\" class=\"qtranxs-available-language-link qtranxs-available-language-link-it\" title=\"Italiano\">Italiano<\/a>. For the sake of viewer convenience, the content is shown below in this site default language. You may click one of the links to switch the site language to another available language.<\/p><p>[vc_row][vc_column width=&#8221;5\/12&#8243;][vc_column_text]<\/p>\n<h1>Organisierte Jagd<\/h1>\n<p>Sie wollen Gesellschaftsjagenden wie z.B. die Dr\u00fcck- oder Treibjagd oder auch die gemeinsame Pirsch sowohl als Jagdleiter wie auch als Teilnehmer in einer v\u00f6llig neuen Dynamik erleben? Mit unserem Feature \u201eOrganisierte Jagd\u201c wird dieser Wunsch wahr!<\/p>\n<p>Funktionen \u201eOrganisierte Jagd\u201c \u00e4hnlich wie <a href=\"http:\/\/huntersmapp.com\/jagdplaner\/einfache-jagd\/\">\u201eEinfache Jagd\u201c<\/a>, jedoch mit folgenden <strong>Zusatzfunktionen:<\/strong><\/p>\n<ul>\n<li><strong>Ideal f\u00fcr die Dr\u00fcckjagd:<\/strong> Der Jagdleiter kann seine Revierkarte kopieren und umbenennen. Auf der Jagdkarte\u00a0k\u00f6nnen\u00a0jetzt alle nicht ben\u00f6tigten Landmarks (Ansitze\/Sonstiges) gel\u00f6scht und alle f\u00fcr die\u00a0Dr\u00fcckjagd relevanten Informationen (z. B. Treffpunkt, Sammelplatz, einzelne St\u00e4nde) erg\u00e4nzt\u00a0werden.<\/li>\n<li>Die <strong>Einladung<\/strong> der Teilnehmer zur Dr\u00fcckjagd erfolgt \u00fcber eine HuntersMapp Chat-Gruppe, auf deren Basis auch die <strong>Detailplanung der Jagd<\/strong> erfolgt.<\/li>\n<li>Jedem <strong>Jagdteilnehmer<\/strong> kann ein <strong>Standort <\/strong>und<strong>\u00a0<\/strong>eine <strong>individuelle Rolle<\/strong>\u00a0(z.B. Ansteller, J\u00e4ger, Treiber, Nachsuchef\u00fchrer oder Erste Hilfe)\u00a0zugeteilt werden.<\/li>\n<li>Die <strong>Jagdregeln<\/strong>\u00a0k\u00f6nnen\u00a0vom Jagdleiter definiert werden. Beim Start der Jagd wird automatisch von allen Teilnehmern die Zustimmung zu den Jagdregeln eingeholt.<\/li>\n<\/ul>\n<p>Mit der integrierten <a href=\"http:\/\/huntersmapp.com\/kommunikation\/peer-to-peer\/\"><strong>Peer-to-Peer Technik<\/strong><\/a> k\u00f6nnen Jagdfreunde auch ohne \u00f6ffentliches Netz kommunizieren. Alle HuntersMapp-Nutzer dienen hierbei zur internen Netzstabilisierung f\u00fcr die Kommunikation. Ohne die spezielle HuntersMapp-Hardware ist die Reichweite jedoch stark eingeschr\u00e4nkt.<\/p>\n<p><a href=\"http:\/\/huntersmapp.com\/extras\/hardware\/\">Erfahren Sie mehr \u00fcber die Huntersmapp-Hardware!<\/a><\/p>\n<p>Wie die Planung und Durchf\u00fchrung einer Jagd in der HuntersMapp funktioniert, k\u00f6nnen Sie in unserer <a href=\"https:\/\/huntersmapp.com\/wp-content\/uploads\/2019\/07\/Bedienungsanleitung-HuntersMapp.pdf\" target=\"_blank\" rel=\"noopener noreferrer\">Bedienungsanleitung<\/a> auf Seite 50 &#8211; 53 nachlesen.[\/vc_column_text][\/vc_column][vc_column width=&#8221;7\/12&#8243;][vc_empty_space height=&#8221;30&#8243;][vc_single_image image=&#8221;2044&#8243; img_size=&#8221;large&#8221;][vc_single_image image=&#8221;2041&#8243; onclick=&#8221;link_image&#8221;][vc_single_image image=&#8221;1671&#8243; onclick=&#8221;link_image&#8221;][\/vc_column][\/vc_row]<\/p>","protected":false},"excerpt":{"rendered":"<p>Disculpa, pero esta entrada est\u00e1 disponible s\u00f3lo en Alem\u00e1n, Ingl\u00e9s Estadounidense, Franc\u00e9s y Italiano. For the sake of viewer convenience, the content is shown below in this site default language. You may click one of the links to switch the site language to another available language.[vc_row][vc_column width=&#8221;5\/12&#8243;][vc_column_text] Organisierte Jagd Sie wollen Gesellschaftsjagenden wie z.B. die [&hellip;]<\/p>\n","protected":false},"author":4,"featured_media":0,"parent":32,"menu_order":5,"comment_status":"closed","ping_status":"closed","template":"","meta":[],"_links":{"self":[{"href":"https:\/\/huntersmapp.com\/es\/wp-json\/wp\/v2\/pages\/105"}],"collection":[{"href":"https:\/\/huntersmapp.com\/es\/wp-json\/wp\/v2\/pages"}],"about":[{"href":"https:\/\/huntersmapp.com\/es\/wp-json\/wp\/v2\/types\/page"}],"author":[{"embeddable":true,"href":"https:\/\/huntersmapp.com\/es\/wp-json\/wp\/v2\/users\/4"}],"replies":[{"embeddable":true,"href":"https:\/\/huntersmapp.com\/es\/wp-json\/wp\/v2\/comments?post=105"}],"version-history":[{"count":47,"href":"https:\/\/huntersmapp.com\/es\/wp-json\/wp\/v2\/pages\/105\/revisions"}],"predecessor-version":[{"id":2508,"href":"https:\/\/huntersmapp.com\/es\/wp-json\/wp\/v2\/pages\/105\/revisions\/2508"}],"up":[{"embeddable":true,"href":"https:\/\/huntersmapp.com\/es\/wp-json\/wp\/v2\/pages\/32"}],"wp:attachment":[{"href":"https:\/\/huntersmapp.com\/es\/wp-json\/wp\/v2\/media?parent=105"}],"curies":[{"name":"wp","href":"https:\/\/api.w.org\/{rel}","templated":true}]}}