{"id":112,"date":"2017-01-25T11:39:40","date_gmt":"2017-01-25T10:39:40","guid":{"rendered":"http:\/\/huntersmapp.com\/?page_id=112"},"modified":"2019-09-12T08:47:30","modified_gmt":"2019-09-12T06:47:30","slug":"jagdfreunde","status":"publish","type":"page","link":"https:\/\/huntersmapp.com\/es\/revier\/jagdfreunde\/","title":{"rendered":"(Deutsch) Jagdfreunde"},"content":{"rendered":"<p class=\"qtranxs-available-languages-message qtranxs-available-languages-message-es\">Disculpa, pero esta entrada est\u00e1 disponible s\u00f3lo en <a href=\"https:\/\/huntersmapp.com\/de\/wp-json\/wp\/v2\/pages\/112\" class=\"qtranxs-available-language-link qtranxs-available-language-link-de\" title=\"Deutsch\">Alem\u00e1n<\/a>, <a href=\"https:\/\/huntersmapp.com\/en\/wp-json\/wp\/v2\/pages\/112\" class=\"qtranxs-available-language-link qtranxs-available-language-link-en\" title=\"English\">Ingl\u00e9s Estadounidense<\/a>, <a href=\"https:\/\/huntersmapp.com\/fr\/wp-json\/wp\/v2\/pages\/112\" class=\"qtranxs-available-language-link qtranxs-available-language-link-fr\" title=\"Fran\u00e7ais\">Franc\u00e9s<\/a> y <a href=\"https:\/\/huntersmapp.com\/it\/wp-json\/wp\/v2\/pages\/112\" class=\"qtranxs-available-language-link qtranxs-available-language-link-it\" title=\"Italiano\">Italiano<\/a>. For the sake of viewer convenience, the content is shown below in this site default language. You may click one of the links to switch the site language to another available language.<\/p><p>[vc_row][vc_column width=&#8221;5\/12&#8243;][vc_column_text]<\/p>\n<h1>Jagdfreunde<\/h1>\n<p>Was w\u00e4re die sch\u00f6nste Sache der Welt ohne Gleichgesinnte?<\/p>\n<p>Legen Sie einfach eine neue Chatgruppe mit Ihren Jagdkammeraden, mit denen Sie im Revier zusammen jagen an und Sie k\u00f6nnen alle Informationen \u00fcber den Gruppen-Chat austauschen.<\/p>\n<h2>Highlights f\u00fcr\u00a0Jagdfreunde:<\/h2>\n<ul>\n<li>Ein neu angelegtes Revier oder auch neue Ansitze oder verschobene Leitern oder Kanzeln m\u00fcssen nur von einem Jagdfreunde erfasst und anschlie\u00dfend mit der Jagdgruppe geteilt werden. So werden unn\u00f6tige Mehrfacherfassungen einfach vermieden!<\/li>\n<li>Die Jagdfreunde (Empf\u00e4nger) erhalten eine Chat-Nachricht mit dem aktualisierten Revier und k\u00f6nnen die neuen Revierdaten einfach \u00fcbernehmen \u2013 einfacher und bequemer geht es nicht!<\/li>\n<li><strong>Sie k\u00f6nnen \u00fcber den Messenger aber nicht nur Textnachrichten, Bilder, Positionsdaten und Reviere, sondern auch Tagebucheintr\u00e4ge, Ausr\u00fcstungsgegenst\u00e4nde und Abschusspl\u00e4ne verschicken. Eben ein echter &#8220;Jagdmessenger&#8221;!<\/strong><\/li>\n<li>Sie planen einen Gemeinschaftsansitz oder eine Dr\u00fcckjagd? Kein Problem! Kopieren Sie einfach Ihr bestehendes Revier, benennen Sie es z.B. in \u201eGemeinschaftsansitz am 25.05.2017, 19:00 Uhr, Revier Oberlauterbach\u201c um und passen Sie die Revierdaten nach Ihren w\u00fcnschen an. Sie k\u00f6nnen Ansitze l\u00f6schen, neue Ansitze hinzuf\u00fcgen oder auch einfach einen Treffpunkt mit weiteren Detailinformationen wie z.B. Datum, Uhrzeit oder Infos zum Treffpunkt auf Ihrer Revierkarte anlegen. Teilen Sie anschlie\u00dfend das angepasste Revier mit Ihren Jagdg\u00e4sten. So wei\u00df jeder bereits vorher, wo er eingeplant ist und erh\u00e4lt von Ihnen gleich noch weitere Detailinformationen f\u00fcr seinen Ansitz \/ Standplatz.<\/li>\n<\/ul>\n<p>[\/vc_column_text][\/vc_column][vc_column width=&#8221;7\/12&#8243;][vc_empty_space height=&#8221;30&#8243;][vc_single_image image=&#8221;1679&#8243; img_size=&#8221;large&#8221;][vc_single_image image=&#8221;1671&#8243; onclick=&#8221;link_image&#8221;][vc_single_image image=&#8221;1682&#8243; onclick=&#8221;link_image&#8221;][\/vc_column][\/vc_row]<\/p>","protected":false},"excerpt":{"rendered":"<p>Disculpa, pero esta entrada est\u00e1 disponible s\u00f3lo en Alem\u00e1n, Ingl\u00e9s Estadounidense, Franc\u00e9s y Italiano. For the sake of viewer convenience, the content is shown below in this site default language. You may click one of the links to switch the site language to another available language.[vc_row][vc_column width=&#8221;5\/12&#8243;][vc_column_text] Jagdfreunde Was w\u00e4re die sch\u00f6nste Sache der Welt [&hellip;]<\/p>\n","protected":false},"author":4,"featured_media":0,"parent":42,"menu_order":2,"comment_status":"closed","ping_status":"closed","template":"","meta":[],"_links":{"self":[{"href":"https:\/\/huntersmapp.com\/es\/wp-json\/wp\/v2\/pages\/112"}],"collection":[{"href":"https:\/\/huntersmapp.com\/es\/wp-json\/wp\/v2\/pages"}],"about":[{"href":"https:\/\/huntersmapp.com\/es\/wp-json\/wp\/v2\/types\/page"}],"author":[{"embeddable":true,"href":"https:\/\/huntersmapp.com\/es\/wp-json\/wp\/v2\/users\/4"}],"replies":[{"embeddable":true,"href":"https:\/\/huntersmapp.com\/es\/wp-json\/wp\/v2\/comments?post=112"}],"version-history":[{"count":37,"href":"https:\/\/huntersmapp.com\/es\/wp-json\/wp\/v2\/pages\/112\/revisions"}],"predecessor-version":[{"id":2592,"href":"https:\/\/huntersmapp.com\/es\/wp-json\/wp\/v2\/pages\/112\/revisions\/2592"}],"up":[{"embeddable":true,"href":"https:\/\/huntersmapp.com\/es\/wp-json\/wp\/v2\/pages\/42"}],"wp:attachment":[{"href":"https:\/\/huntersmapp.com\/es\/wp-json\/wp\/v2\/media?parent=112"}],"curies":[{"name":"wp","href":"https:\/\/api.w.org\/{rel}","templated":true}]}}