{"id":117,"date":"2017-01-25T12:04:09","date_gmt":"2017-01-25T11:04:09","guid":{"rendered":"http:\/\/huntersmapp.com\/?page_id=117"},"modified":"2019-09-12T08:58:09","modified_gmt":"2019-09-12T06:58:09","slug":"jagdeinrichtungen","status":"publish","type":"page","link":"https:\/\/huntersmapp.com\/es\/revier\/jagdeinrichtungen\/","title":{"rendered":"(Deutsch) Jagdeinrichtungen"},"content":{"rendered":"<p class=\"qtranxs-available-languages-message qtranxs-available-languages-message-es\">Disculpa, pero esta entrada est\u00e1 disponible s\u00f3lo en <a href=\"https:\/\/huntersmapp.com\/de\/wp-json\/wp\/v2\/pages\/117\" class=\"qtranxs-available-language-link qtranxs-available-language-link-de\" title=\"Deutsch\">Alem\u00e1n<\/a>, <a href=\"https:\/\/huntersmapp.com\/en\/wp-json\/wp\/v2\/pages\/117\" class=\"qtranxs-available-language-link qtranxs-available-language-link-en\" title=\"English\">Ingl\u00e9s Estadounidense<\/a>, <a href=\"https:\/\/huntersmapp.com\/fr\/wp-json\/wp\/v2\/pages\/117\" class=\"qtranxs-available-language-link qtranxs-available-language-link-fr\" title=\"Fran\u00e7ais\">Franc\u00e9s<\/a> y <a href=\"https:\/\/huntersmapp.com\/it\/wp-json\/wp\/v2\/pages\/117\" class=\"qtranxs-available-language-link qtranxs-available-language-link-it\" title=\"Italiano\">Italiano<\/a>. For the sake of viewer convenience, the content is shown below in this site default language. You may click one of the links to switch the site language to another available language.<\/p><p>[vc_row][vc_column width=&#8221;5\/12&#8243;][vc_column_text]<\/p>\n<h1>Jagdeinrichtungen<\/h1>\n<p>Steht der Wind g\u00fcnstig, so dass ich als J\u00e4ger\u00a0beim Ansitz\u00a0vom Wild nicht wahrgenommen werde? Habe ich alle im Revier bestehenden Jagdeinrichtungen richtig im Kopf? War der Reviergang ausreichend?<br \/>\nMit unserem Modul Jagdeinrichtungen k\u00f6nnen Sie diese und weitere Fragen rund um die Jagdvorbereitung mit einem souver\u00e4nen \u201eJawoll!\u201c beantworten&#8230;<\/p>\n<h2>Highlights Modul Jagdeinrichtungen:<\/h2>\n<ul>\n<li>Sie k\u00f6nnen Jagdeinrichtungen auf der Karte positionieren, einen Namen vergeben und abspeichern.<\/li>\n<li>Die Positionierung erfolgt manuell\u00a0auf der Karte oder wie gewohnt durch \u00dcbernahme der aktuellen GPS-Position.\u00a0Alternativ k\u00f6nnen Sie die Koordinaten (Latitiude \/ Longitude) auch direkt, z.B. per Copy und Paste, erfassen bzw. \u00fcbernehmen.<\/li>\n<\/ul>\n<p><strong>Unser Tipp:<\/strong> Neben der Position empfiehlt sich auch die Windinformationen jedes Ansitzes zu hinterlegen. Erfassen Sie hierzu die\u00a0g\u00fcnstigen Windverh\u00e4ltnisse (Gegenwind) durch ausrichten Ihrers Mobiltelefons an den linken Rand der g\u00fcnstigen Windrichtungen und tippen auf &#8220;Von links&#8221; und schwenken dann auf den rechten Rand der g\u00fcnstigen Windrichtungen und tippen auf &#8220;Nach rechts&#8221;- fertig!<\/p>\n<p>Auf der Revierkarte werden jetzt die\u00a0Ansitze mit\u00a0g\u00fcnstigem Wind in vollgr\u00fcn, mit kritischem Wind (automatisch ermittelter gelber Sektor) leicht transparent und mit ung\u00fcnstigem Wind (automatisch ermittelter roter Sektor) stark transparent angezeigt. Durch Einstellen der geplanten Jagdzeit, greift HuntersMapp\u00a0die Vorhersage f\u00fcr Wind zur eingestellten Jagdzeit\u00a0ab und aktualisiert die Farben der Ansitzeinrichtungen auf der Revierkarte\u00a0entsprechend.[\/vc_column_text][\/vc_column][vc_column width=&#8221;7\/12&#8243;][vc_empty_space height=&#8221;30&#8243;][vc_single_image image=&#8221;2040&#8243; img_size=&#8221;large&#8221;][vc_single_image image=&#8221;2586&#8243; onclick=&#8221;link_image&#8221;][vc_single_image image=&#8221;2041&#8243; onclick=&#8221;link_image&#8221;][vc_single_image image=&#8221;2587&#8243; onclick=&#8221;link_image&#8221;][vc_single_image image=&#8221;1356&#8243; onclick=&#8221;link_image&#8221;][\/vc_column][\/vc_row]<\/p>","protected":false},"excerpt":{"rendered":"<p>Disculpa, pero esta entrada est\u00e1 disponible s\u00f3lo en Alem\u00e1n, Ingl\u00e9s Estadounidense, Franc\u00e9s y Italiano. For the sake of viewer convenience, the content is shown below in this site default language. You may click one of the links to switch the site language to another available language.[vc_row][vc_column width=&#8221;5\/12&#8243;][vc_column_text] Jagdeinrichtungen Steht der Wind g\u00fcnstig, so dass ich [&hellip;]<\/p>\n","protected":false},"author":4,"featured_media":0,"parent":42,"menu_order":3,"comment_status":"closed","ping_status":"closed","template":"","meta":[],"_links":{"self":[{"href":"https:\/\/huntersmapp.com\/es\/wp-json\/wp\/v2\/pages\/117"}],"collection":[{"href":"https:\/\/huntersmapp.com\/es\/wp-json\/wp\/v2\/pages"}],"about":[{"href":"https:\/\/huntersmapp.com\/es\/wp-json\/wp\/v2\/types\/page"}],"author":[{"embeddable":true,"href":"https:\/\/huntersmapp.com\/es\/wp-json\/wp\/v2\/users\/4"}],"replies":[{"embeddable":true,"href":"https:\/\/huntersmapp.com\/es\/wp-json\/wp\/v2\/comments?post=117"}],"version-history":[{"count":40,"href":"https:\/\/huntersmapp.com\/es\/wp-json\/wp\/v2\/pages\/117\/revisions"}],"predecessor-version":[{"id":2596,"href":"https:\/\/huntersmapp.com\/es\/wp-json\/wp\/v2\/pages\/117\/revisions\/2596"}],"up":[{"embeddable":true,"href":"https:\/\/huntersmapp.com\/es\/wp-json\/wp\/v2\/pages\/42"}],"wp:attachment":[{"href":"https:\/\/huntersmapp.com\/es\/wp-json\/wp\/v2\/media?parent=117"}],"curies":[{"name":"wp","href":"https:\/\/api.w.org\/{rel}","templated":true}]}}