{"id":120,"date":"2017-01-25T12:13:04","date_gmt":"2017-01-25T11:13:04","guid":{"rendered":"http:\/\/huntersmapp.com\/?page_id=120"},"modified":"2019-09-12T09:09:34","modified_gmt":"2019-09-12T07:09:34","slug":"poi","status":"publish","type":"page","link":"https:\/\/huntersmapp.com\/es\/revier\/poi\/","title":{"rendered":"(Deutsch) Points of Interest"},"content":{"rendered":"<p class=\"qtranxs-available-languages-message qtranxs-available-languages-message-es\">Disculpa, pero esta entrada est\u00e1 disponible s\u00f3lo en <a href=\"https:\/\/huntersmapp.com\/de\/wp-json\/wp\/v2\/pages\/120\" class=\"qtranxs-available-language-link qtranxs-available-language-link-de\" title=\"Deutsch\">Alem\u00e1n<\/a>, <a href=\"https:\/\/huntersmapp.com\/en\/wp-json\/wp\/v2\/pages\/120\" class=\"qtranxs-available-language-link qtranxs-available-language-link-en\" title=\"English\">Ingl\u00e9s Estadounidense<\/a>, <a href=\"https:\/\/huntersmapp.com\/fr\/wp-json\/wp\/v2\/pages\/120\" class=\"qtranxs-available-language-link qtranxs-available-language-link-fr\" title=\"Fran\u00e7ais\">Franc\u00e9s<\/a> y <a href=\"https:\/\/huntersmapp.com\/it\/wp-json\/wp\/v2\/pages\/120\" class=\"qtranxs-available-language-link qtranxs-available-language-link-it\" title=\"Italiano\">Italiano<\/a>. For the sake of viewer convenience, the content is shown below in this site default language. You may click one of the links to switch the site language to another available language.<\/p><p>[vc_row][vc_column width=&#8221;5\/12&#8243;][vc_column_text]<\/p>\n<h1>Points of Interest (POI)<\/h1>\n<p>Von diesem extrem vielseitigen Modul profitieren nicht nur Sie und Ihre Jagfreunde, sondern (so Sie dies w\u00fcnschen) auch neu hinzugekommene J\u00e4ger bzw. Gastj\u00e4ger, die mit dem fremden Revier noch nicht 100%ig vertraut sind. Die Positionierung der POI erfolgt nach dem bew\u00e4hrtem Muster, analog den Jagdeinrichtungen und wird mit einem orangen Landmark auf der Karte markiert.<\/p>\n<h2>Highlights:<\/h2>\n<ul>\n<li>Sie k\u00f6nnen <strong>POI<\/strong>\u00a0\u2013 analog den <a href=\"http:\/\/huntersmapp.com\/revier\/jagdeinrichtungen\/\">Jagdeinrichtungen<\/a> \u2013 auf der Karte positionieren, einen Namen vergeben (z.B. \u201eKirrung Meierholz\u201c, \u201eJagdh\u00fctte am Forst\u201c, \u201eSuhle im Gemeindewald\u201c) und abspeichern.<\/li>\n<li>Ihnen steht ein <strong>gro\u00dfe Auswahl an POI<\/strong> zur Verf\u00fcgung: Falle, Totschlagfalle, Lebensf\u00fclle, Fuchsbau, Luderplatz, F\u00fctterung, Jagdh\u00fctte, Kirrautomat, Kirrung, Wildkamera, Mahlbaum, Nachsuche Anschuss, Nachsuche Fluchtstrecke, Nachsuche Schwei\u00df, Nachsuche Fundort, Nachsuche Wundbett, Parkplatz, Salzlecke, Sammelplatz, Suhle, Treffpunkt, Wildacker, Wildkamera, Wildschaden, Wildunfall usw.<\/li>\n<li>Die <strong>Positionierung<\/strong> erfolgt mittels manueller Positionierung auf der Karte oder wie gewohnt durch \u00dcbernahme der aktuelle GPS-Position, falls Sie gerade eine Revierbegehung machen und vor Ort sind. Alternativ k\u00f6nnen Sie die Koordinaten (Latitiude \/ Longitude) auch direkt, z.B. per Copy und Paste, erfassen bzw. \u00fcbernehmen.<\/li>\n<li>Sie k\u00f6nnen auch <strong>Strecken<\/strong> also z. B. <strong>Wege \/ Stra\u00dfen \/ Kreuzungen oder Pirschwege und Wildwechsel<\/strong> in Ihre Revierkarte einzeichnen. So wird das Navigieren im Jagdrevier f\u00fcr Ihre Jagdg\u00e4ste ein Kinderspiel! Das Einzeichnen funktioniert hierbei \u00e4hnlich wie bei er Anlage einer Reviergrenze.<\/li>\n<li><\/li>\n<\/ul>\n<p>[\/vc_column_text][\/vc_column][vc_column width=&#8221;7\/12&#8243;][vc_single_image image=&#8221;2587&#8243; img_size=&#8221;large&#8221; alignment=&#8221;center&#8221;][\/vc_column][\/vc_row]<\/p>","protected":false},"excerpt":{"rendered":"<p>Disculpa, pero esta entrada est\u00e1 disponible s\u00f3lo en Alem\u00e1n, Ingl\u00e9s Estadounidense, Franc\u00e9s y Italiano. For the sake of viewer convenience, the content is shown below in this site default language. You may click one of the links to switch the site language to another available language.[vc_row][vc_column width=&#8221;5\/12&#8243;][vc_column_text] Points of Interest (POI) Von diesem extrem vielseitigen [&hellip;]<\/p>\n","protected":false},"author":4,"featured_media":0,"parent":42,"menu_order":4,"comment_status":"closed","ping_status":"closed","template":"","meta":[],"_links":{"self":[{"href":"https:\/\/huntersmapp.com\/es\/wp-json\/wp\/v2\/pages\/120"}],"collection":[{"href":"https:\/\/huntersmapp.com\/es\/wp-json\/wp\/v2\/pages"}],"about":[{"href":"https:\/\/huntersmapp.com\/es\/wp-json\/wp\/v2\/types\/page"}],"author":[{"embeddable":true,"href":"https:\/\/huntersmapp.com\/es\/wp-json\/wp\/v2\/users\/4"}],"replies":[{"embeddable":true,"href":"https:\/\/huntersmapp.com\/es\/wp-json\/wp\/v2\/comments?post=120"}],"version-history":[{"count":25,"href":"https:\/\/huntersmapp.com\/es\/wp-json\/wp\/v2\/pages\/120\/revisions"}],"predecessor-version":[{"id":2599,"href":"https:\/\/huntersmapp.com\/es\/wp-json\/wp\/v2\/pages\/120\/revisions\/2599"}],"up":[{"embeddable":true,"href":"https:\/\/huntersmapp.com\/es\/wp-json\/wp\/v2\/pages\/42"}],"wp:attachment":[{"href":"https:\/\/huntersmapp.com\/es\/wp-json\/wp\/v2\/media?parent=120"}],"curies":[{"name":"wp","href":"https:\/\/api.w.org\/{rel}","templated":true}]}}