{"id":1202,"date":"2017-07-13T11:57:27","date_gmt":"2017-07-13T09:57:27","guid":{"rendered":"http:\/\/huntersmapp.com\/?page_id=1202"},"modified":"2019-07-03T11:42:37","modified_gmt":"2019-07-03T09:42:37","slug":"tutorials","status":"publish","type":"page","link":"https:\/\/huntersmapp.com\/es\/tutorials\/","title":{"rendered":"(Deutsch) Tutorials"},"content":{"rendered":"<p class=\"qtranxs-available-languages-message qtranxs-available-languages-message-es\">Disculpa, pero esta entrada est\u00e1 disponible s\u00f3lo en <a href=\"https:\/\/huntersmapp.com\/de\/wp-json\/wp\/v2\/pages\/1202\" class=\"qtranxs-available-language-link qtranxs-available-language-link-de\" title=\"Deutsch\">Alem\u00e1n<\/a> y <a href=\"https:\/\/huntersmapp.com\/en\/wp-json\/wp\/v2\/pages\/1202\" class=\"qtranxs-available-language-link qtranxs-available-language-link-en\" title=\"English\">Ingl\u00e9s Estadounidense<\/a>. For the sake of viewer convenience, the content is shown below in this site default language. You may click one of the links to switch the site language to another available language.<\/p><p>[vc_row][vc_column width=&#8221;5\/12&#8243;][vc_column_text]<\/p>\n<h1>Tutorials<\/h1>\n<p>Liebe HuntersMapp &#8211; Freunde,<\/p>\n<p>hier finden Sie die aktuelle <a href=\"https:\/\/huntersmapp.com\/tutorials\/tipps-tricks\/\">Bedienungsanleitung<\/a> (Stand Juni 2019), eine \u00dcbersicht der in der HuntersMapp verwendeten <a href=\"https:\/\/huntersmapp.com\/tutorials\/legende-symbole\/\">Ikons und Symbole<\/a> und unsere\u00a0<a href=\"http:\/\/huntersmapp.com\/tutorials\/videos\/\">Tutorial-Videos<\/a>.<\/p>\n<p>Die Videos sind zwar nicht ganz auf dem aktuellen Stand, da zwischenzeitlich einige Anpassungen und Funktionserweiterungen vorgenommen wurden, sind aber\u00a0f\u00fcr den Einstieg in die HuntersMapp sehr hilfreiche, da die grunds\u00e4tzliche Logik hier\u00fcber sehr gut erkl\u00e4rt wird.<\/p>\n<p>Doch nun w\u00fcnschen wir viel Spa\u00df und Vergn\u00fcgen mit der HuntersMapp!<\/p>\n<p>Ihr HuntersMapp Team[\/vc_column_text][\/vc_column][vc_column width=&#8221;7\/12&#8243;][vc_single_image image=&#8221;30&#8243; img_size=&#8221;large&#8221;][\/vc_column][\/vc_row]<\/p>","protected":false},"excerpt":{"rendered":"<p>Disculpa, pero esta entrada est\u00e1 disponible s\u00f3lo en Alem\u00e1n y Ingl\u00e9s Estadounidense. For the sake of viewer convenience, the content is shown below in this site default language. You may click one of the links to switch the site language to another available language.[vc_row][vc_column width=&#8221;5\/12&#8243;][vc_column_text] Tutorials Liebe HuntersMapp &#8211; Freunde, hier finden Sie die aktuelle [&hellip;]<\/p>\n","protected":false},"author":4,"featured_media":0,"parent":0,"menu_order":0,"comment_status":"closed","ping_status":"closed","template":"","meta":[],"_links":{"self":[{"href":"https:\/\/huntersmapp.com\/es\/wp-json\/wp\/v2\/pages\/1202"}],"collection":[{"href":"https:\/\/huntersmapp.com\/es\/wp-json\/wp\/v2\/pages"}],"about":[{"href":"https:\/\/huntersmapp.com\/es\/wp-json\/wp\/v2\/types\/page"}],"author":[{"embeddable":true,"href":"https:\/\/huntersmapp.com\/es\/wp-json\/wp\/v2\/users\/4"}],"replies":[{"embeddable":true,"href":"https:\/\/huntersmapp.com\/es\/wp-json\/wp\/v2\/comments?post=1202"}],"version-history":[{"count":15,"href":"https:\/\/huntersmapp.com\/es\/wp-json\/wp\/v2\/pages\/1202\/revisions"}],"predecessor-version":[{"id":2435,"href":"https:\/\/huntersmapp.com\/es\/wp-json\/wp\/v2\/pages\/1202\/revisions\/2435"}],"wp:attachment":[{"href":"https:\/\/huntersmapp.com\/es\/wp-json\/wp\/v2\/media?parent=1202"}],"curies":[{"name":"wp","href":"https:\/\/api.w.org\/{rel}","templated":true}]}}