{"id":1212,"date":"2017-07-14T15:44:06","date_gmt":"2017-07-14T13:44:06","guid":{"rendered":"http:\/\/huntersmapp.com\/?page_id=1212"},"modified":"2021-01-07T12:17:24","modified_gmt":"2021-01-07T11:17:24","slug":"tipps-tricks","status":"publish","type":"page","link":"https:\/\/huntersmapp.com\/es\/tutorials\/tipps-tricks\/","title":{"rendered":"(Deutsch) Anleitung"},"content":{"rendered":"<p class=\"qtranxs-available-languages-message qtranxs-available-languages-message-es\">Disculpa, pero esta entrada est\u00e1 disponible s\u00f3lo en <a href=\"https:\/\/huntersmapp.com\/de\/wp-json\/wp\/v2\/pages\/1212\" class=\"qtranxs-available-language-link qtranxs-available-language-link-de\" title=\"Deutsch\">Alem\u00e1n<\/a> y <a href=\"https:\/\/huntersmapp.com\/en\/wp-json\/wp\/v2\/pages\/1212\" class=\"qtranxs-available-language-link qtranxs-available-language-link-en\" title=\"English\">Ingl\u00e9s Estadounidense<\/a>. For the sake of viewer convenience, the content is shown below in this site default language. You may click one of the links to switch the site language to another available language.<\/p><p>[vc_row][vc_column][vc_column_text]<\/p>\n<h1>HuntersMapp &#8211;\u00a0Bedienungsanleitung<\/h1>\n<p>&nbsp;<\/p>\n<p><a href=\"https:\/\/huntersmapp.com\/wp-content\/uploads\/2021\/01\/Bedienungsanleitung-HuntersMapp.pdf\">Download HuntersMapp Bedienungsanleitung (Stand Januar\u00a02021)<\/a><\/p>\n<p>&nbsp;<\/p>\n<h2><\/h2>\n<h2>HuntersMapp TIPP!<\/h2>\n<p>&nbsp;<\/p>\n<h3><strong>iOS 13 Problem \/ HuntersMapp schlie\u00dft sich bei einigen Nutzern nach 10 sek. automatisch<\/strong><\/h3>\n<p>&nbsp;<\/p>\n<p><strong>L\u00f6sung:<\/strong><\/p>\n<p>Installieren\u00a0Sie sich bitte unser aktuelles HuntersMapp Update (Version 2.2.6) aus dem in den App Store. Nach der Aktualisierung ist das Problem behoben und Sie k\u00f6nnen wie gewohnt wieder mit der HuntersMapp weiterarbeiten!<\/p>\n<p>&nbsp;<\/p>\n<h3><strong>Eink\u00e4ufe wiederherstellen<\/strong><\/h3>\n<p>&nbsp;<\/p>\n<div class=\"\">Starten Sie bitte die HuntersMapp und gehen Sie bitte in den Men\u00fcpunkt \u201eAbo\u201c.\u00a0\u00d6ffnen Sie hier das \u201emore Men\u00fc\u201c (die drei Punkte oben rechts) und tippen Sie auf \u201eEink\u00e4ufe wiederherstellen\u201c.\u00a0Die HuntersMapp holt sich jetzt \u00fcber den App Store bzw. Google Play Store erneut die Kaufinformation zu Ihrer Apple ID bzw. Ihrem Google Konto und die Vollversion wird wieder aktiviert!<\/div>\n<p>&nbsp;<\/p>\n<h3><strong>So werden Sie im Adressbuch Ihrer Jagdfreunde angezeigt<\/strong><\/h3>\n<p>&nbsp;<\/p>\n<p>Mit dem \u201eaktualisieren\u201c &#8211; Button (Symbol oben, ganz rechts im Messenger) k\u00f6nnen Ihre Freunde und nat\u00fcrlich auch Sie,\u00a0das HuntersMapp-Adressbuch aktualisieren. HuntersMapp vergleicht jetzt die\u00a0im Telefonadressbuch gespeicherten Email-Adressen mit der Registrierungsdatenbank der HuntersMapp und zeigt hier die Kontakte an, die sich in der HuntersMapp registriert haben.<\/p>\n<p>Oftmals haben Ihre Jagdfreunde jedoch nur Ihre Telefonnummer in ihren Telefonkontakten gespeichert, nicht aber Ihre Emailadresse. Erweitern Sie deshalb bitte Ihre Profildaten (Men\u00fcpunkt &#8220;Konto&#8221;) um Ihre Mobilfunknummer, damit Sie auch im HuntersMapp-Adressbuch der Jagdfreunde angezeigt werden, die zwar Ihre Telefonnummer, aber nicht Ihre Email-Adresse gespeichert haben. Sobald Sie Ihre Telefonnummer erg\u00e4nzt haben, werden Sie bei den Betroffenen Jagdfreunden auch im HuntersMapp-Adressbuch angezeigt!<\/p>\n<p>&nbsp;<\/p>\n<p>&nbsp;<\/p>\n<p>&nbsp;<\/p>\n<h2><\/h2>\n<p>[\/vc_column_text][vc_empty_space height=&#8221;200px&#8221;][\/vc_column][\/vc_row]<\/p>","protected":false},"excerpt":{"rendered":"<p>Disculpa, pero esta entrada est\u00e1 disponible s\u00f3lo en Alem\u00e1n y Ingl\u00e9s Estadounidense. For the sake of viewer convenience, the content is shown below in this site default language. You may click one of the links to switch the site language to another available language.[vc_row][vc_column][vc_column_text] HuntersMapp &#8211;\u00a0Bedienungsanleitung &nbsp; Download HuntersMapp Bedienungsanleitung (Stand Januar\u00a02021) &nbsp; HuntersMapp TIPP! [&hellip;]<\/p>\n","protected":false},"author":4,"featured_media":0,"parent":1202,"menu_order":1,"comment_status":"closed","ping_status":"closed","template":"","meta":[],"_links":{"self":[{"href":"https:\/\/huntersmapp.com\/es\/wp-json\/wp\/v2\/pages\/1212"}],"collection":[{"href":"https:\/\/huntersmapp.com\/es\/wp-json\/wp\/v2\/pages"}],"about":[{"href":"https:\/\/huntersmapp.com\/es\/wp-json\/wp\/v2\/types\/page"}],"author":[{"embeddable":true,"href":"https:\/\/huntersmapp.com\/es\/wp-json\/wp\/v2\/users\/4"}],"replies":[{"embeddable":true,"href":"https:\/\/huntersmapp.com\/es\/wp-json\/wp\/v2\/comments?post=1212"}],"version-history":[{"count":82,"href":"https:\/\/huntersmapp.com\/es\/wp-json\/wp\/v2\/pages\/1212\/revisions"}],"predecessor-version":[{"id":2845,"href":"https:\/\/huntersmapp.com\/es\/wp-json\/wp\/v2\/pages\/1212\/revisions\/2845"}],"up":[{"embeddable":true,"href":"https:\/\/huntersmapp.com\/es\/wp-json\/wp\/v2\/pages\/1202"}],"wp:attachment":[{"href":"https:\/\/huntersmapp.com\/es\/wp-json\/wp\/v2\/media?parent=1212"}],"curies":[{"name":"wp","href":"https:\/\/api.w.org\/{rel}","templated":true}]}}