{"id":1219,"date":"2017-07-17T10:15:57","date_gmt":"2017-07-17T08:15:57","guid":{"rendered":"http:\/\/huntersmapp.com\/?page_id=1219"},"modified":"2019-09-10T17:40:43","modified_gmt":"2019-09-10T15:40:43","slug":"videos","status":"publish","type":"page","link":"https:\/\/huntersmapp.com\/es\/tutorials\/videos\/","title":{"rendered":"(Deutsch) Tutorial Videos"},"content":{"rendered":"<p class=\"qtranxs-available-languages-message qtranxs-available-languages-message-es\">Disculpa, pero esta entrada est\u00e1 disponible s\u00f3lo en <a href=\"https:\/\/huntersmapp.com\/de\/wp-json\/wp\/v2\/pages\/1219\" class=\"qtranxs-available-language-link qtranxs-available-language-link-de\" title=\"Deutsch\">Alem\u00e1n<\/a> y <a href=\"https:\/\/huntersmapp.com\/en\/wp-json\/wp\/v2\/pages\/1219\" class=\"qtranxs-available-language-link qtranxs-available-language-link-en\" title=\"English\">Ingl\u00e9s Estadounidense<\/a>. For the sake of viewer convenience, the content is shown below in this site default language. You may click one of the links to switch the site language to another available language.<\/p><p>[vc_row][vc_column][\/vc_column][\/vc_row][vc_row el_class=&#8221;neuezeile&#8221;][vc_column][vc_column_text]<\/p>\n<h1><\/h1>\n<h1>HuntersMapp Tutorial Videos<\/h1>\n<p>&nbsp;<\/p>\n<p>Liebe HuntersMapp &#8211; Freunde,<\/p>\n<p>die nachfolgenden Videos stammen aus dem Jahr 2017 und sind mittlerweile nicht mehr auf dem aktuellen Stand, da zwischenzeitlich viele\u00a0neue Funktionen in die HuntersMapp integriert wurden.\u00a0Zum Einstieg sind die Videos aber auch jetzt noch recht hilfreich.<\/p>\n<p>Ihr HuntersMapp Team[\/vc_column_text][\/vc_column][\/vc_row][vc_row el_class=&#8221;neuezeile&#8221;][vc_column][\/vc_column][\/vc_row][vc_row el_class=&#8221;neuezeile&#8221;][vc_column width=&#8221;1\/3&#8243;][vc_column_text css=&#8221;.vc_custom_1501213170158{padding-top: 0px !important;}&#8221;]<\/p>\n<p style=\"text-align: left;\">Folgen Sie uns auf unseren <a href=\"https:\/\/www.youtube.com\/channel\/UCcS7BOlmciorhC_MZhh9Muw\" target=\"_blank\" rel=\"noopener noreferrer\">HuntersMapp YouTube &#8211; Kanal<\/a>, hier k\u00f6nnen Sie alle HuntersMapp Videos aufrufen!<\/p>\n<p>[\/vc_column_text][vc_single_image image=&#8221;1278&#8243; img_size=&#8221;medium&#8221; alignment=&#8221;center&#8221; onclick=&#8221;custom_link&#8221; img_link_target=&#8221;_blank&#8221; link=&#8221;https:\/\/www.youtube.com\/channel\/UCcS7BOlmciorhC_MZhh9Muw&#8221;][\/vc_column][vc_column width=&#8221;1\/3&#8243;][vc_column_text]<\/p>\n<p style=\"text-align: center;\">KONTO \/ PROFIL<\/p>\n<p>[\/vc_column_text][vc_single_image image=&#8221;1265&#8243; img_size=&#8221;full&#8221; alignment=&#8221;center&#8221; onclick=&#8221;custom_link&#8221; img_link_target=&#8221;_blank&#8221; link=&#8221;https:\/\/www.youtube.com\/watch?v=AlWdzogvkO4&#8243;][vc_column_text]<\/p>\n<p style=\"text-align: center;\">JAGDNEWS<\/p>\n<p>[\/vc_column_text][vc_single_image image=&#8221;1263&#8243; img_size=&#8221;full&#8221; alignment=&#8221;center&#8221; onclick=&#8221;custom_link&#8221; img_link_target=&#8221;_blank&#8221; link=&#8221;https:\/\/www.youtube.com\/watch?v=hpUZn9Vb0PE&#8221;][vc_column_text]<\/p>\n<p style=\"text-align: center;\">JAGDWETTER<\/p>\n<p>[\/vc_column_text][vc_single_image image=&#8221;1264&#8243; img_size=&#8221;full&#8221; alignment=&#8221;center&#8221; onclick=&#8221;custom_link&#8221; img_link_target=&#8221;_blank&#8221; link=&#8221;https:\/\/www.youtube.com\/watch?v=XogiUwUqz6c&#8221;][vc_column_text]<\/p>\n<p style=\"text-align: center;\">MESSENGER &#8211; CHATS &amp; KONTAKTE<\/p>\n<p>[\/vc_column_text][vc_single_image image=&#8221;1332&#8243; img_size=&#8221;large&#8221; alignment=&#8221;center&#8221; onclick=&#8221;custom_link&#8221; img_link_target=&#8221;_blank&#8221; link=&#8221;https:\/\/www.youtube.com\/watch?v=4vG_ERYVS4I&#8221;][vc_column_text]<\/p>\n<p style=\"text-align: center;\">JAGD PLANEN &#8211; LIVEHUNT<\/p>\n<p>[\/vc_column_text][vc_single_image image=&#8221;1342&#8243; img_size=&#8221;large&#8221; alignment=&#8221;center&#8221; onclick=&#8221;custom_link&#8221; img_link_target=&#8221;_blank&#8221; link=&#8221;https:\/\/www.youtube.com\/watch?v=&#8211;ZEjH_CWL8&amp;t=30s&#8221;][vc_column_text]<\/p>\n<p style=\"text-align: center;\">JAGDTAGEBUCH<\/p>\n<p>[\/vc_column_text][vc_single_image image=&#8221;1389&#8243; img_size=&#8221;large&#8221; alignment=&#8221;center&#8221; onclick=&#8221;custom_link&#8221; img_link_target=&#8221;_blank&#8221; link=&#8221;https:\/\/youtu.be\/0_VjbQu__4I&#8221;][\/vc_column][vc_column width=&#8221;1\/3&#8243;][vc_column_text]<\/p>\n<p style=\"text-align: center;\">REVIERLISTE<\/p>\n<p>[\/vc_column_text][vc_single_image image=&#8221;1267&#8243; img_size=&#8221;full&#8221; alignment=&#8221;center&#8221; onclick=&#8221;custom_link&#8221; img_link_target=&#8221;_blank&#8221; link=&#8221;https:\/\/www.youtube.com\/watch?v=glPGBjHAn5k&#8221;][vc_column_text]<\/p>\n<p style=\"text-align: center;\">REVIER &#8211; \u00c4NDERUNGSMODUS<\/p>\n<p>[\/vc_column_text][vc_single_image image=&#8221;1266&#8243; img_size=&#8221;full&#8221; alignment=&#8221;center&#8221; onclick=&#8221;custom_link&#8221; img_link_target=&#8221;_blank&#8221; link=&#8221;https:\/\/www.youtube.com\/watch?v=Y7mySAAfZ34&#8243;][vc_column_text]<\/p>\n<p style=\"text-align: center;\">REVIER &#8211; ANZEIGEMODUS<\/p>\n<p>[\/vc_column_text][vc_single_image image=&#8221;1298&#8243; img_size=&#8221;full&#8221; alignment=&#8221;center&#8221; onclick=&#8221;custom_link&#8221; img_link_target=&#8221;_blank&#8221; link=&#8221;https:\/\/www.youtube.com\/watch?v=MIL4cCzVPu4&#8243;][vc_column_text]<\/p>\n<p style=\"text-align: center;\">JAGD ABHALTEN &#8211; LIVEHUNT<\/p>\n<p>[\/vc_column_text][vc_single_image image=&#8221;1338&#8243; img_size=&#8221;large&#8221; alignment=&#8221;center&#8221; onclick=&#8221;custom_link&#8221; img_link_target=&#8221;_blank&#8221; link=&#8221;https:\/\/www.youtube.com\/watch?v=5AhuHSgnwwU&#8221;][vc_column_text]<\/p>\n<p style=\"text-align: center;\">LOCKRUFE<\/p>\n<p>[\/vc_column_text][vc_single_image image=&#8221;1351&#8243; img_size=&#8221;large&#8221; alignment=&#8221;center&#8221; onclick=&#8221;custom_link&#8221; img_link_target=&#8221;_blank&#8221; link=&#8221;https:\/\/www.youtube.com\/watch?v=2vMRRgnw9sM&#8221;][\/vc_column][\/vc_row][vc_row][vc_column][\/vc_column][\/vc_row]<\/p>","protected":false},"excerpt":{"rendered":"<p>Disculpa, pero esta entrada est\u00e1 disponible s\u00f3lo en Alem\u00e1n y Ingl\u00e9s Estadounidense. For the sake of viewer convenience, the content is shown below in this site default language. You may click one of the links to switch the site language to another available language.[vc_row][vc_column][\/vc_column][\/vc_row][vc_row el_class=&#8221;neuezeile&#8221;][vc_column][vc_column_text] HuntersMapp Tutorial Videos &nbsp; Liebe HuntersMapp &#8211; Freunde, die nachfolgenden [&hellip;]<\/p>\n","protected":false},"author":4,"featured_media":0,"parent":1202,"menu_order":2,"comment_status":"closed","ping_status":"closed","template":"","meta":[],"_links":{"self":[{"href":"https:\/\/huntersmapp.com\/es\/wp-json\/wp\/v2\/pages\/1219"}],"collection":[{"href":"https:\/\/huntersmapp.com\/es\/wp-json\/wp\/v2\/pages"}],"about":[{"href":"https:\/\/huntersmapp.com\/es\/wp-json\/wp\/v2\/types\/page"}],"author":[{"embeddable":true,"href":"https:\/\/huntersmapp.com\/es\/wp-json\/wp\/v2\/users\/4"}],"replies":[{"embeddable":true,"href":"https:\/\/huntersmapp.com\/es\/wp-json\/wp\/v2\/comments?post=1219"}],"version-history":[{"count":69,"href":"https:\/\/huntersmapp.com\/es\/wp-json\/wp\/v2\/pages\/1219\/revisions"}],"predecessor-version":[{"id":2583,"href":"https:\/\/huntersmapp.com\/es\/wp-json\/wp\/v2\/pages\/1219\/revisions\/2583"}],"up":[{"embeddable":true,"href":"https:\/\/huntersmapp.com\/es\/wp-json\/wp\/v2\/pages\/1202"}],"wp:attachment":[{"href":"https:\/\/huntersmapp.com\/es\/wp-json\/wp\/v2\/media?parent=1219"}],"curies":[{"name":"wp","href":"https:\/\/api.w.org\/{rel}","templated":true}]}}