{"id":1243,"date":"2017-07-19T20:54:02","date_gmt":"2017-07-19T18:54:02","guid":{"rendered":"http:\/\/huntersmapp.com\/?page_id=1243"},"modified":"2019-09-23T08:54:17","modified_gmt":"2019-09-23T06:54:17","slug":"legende-symbole","status":"publish","type":"page","link":"https:\/\/huntersmapp.com\/es\/tutorials\/legende-symbole\/","title":{"rendered":"(Deutsch) HuntersMapp &#8211; Symbole"},"content":{"rendered":"<p class=\"qtranxs-available-languages-message qtranxs-available-languages-message-es\">Disculpa, pero esta entrada est\u00e1 disponible s\u00f3lo en <a href=\"https:\/\/huntersmapp.com\/de\/wp-json\/wp\/v2\/pages\/1243\" class=\"qtranxs-available-language-link qtranxs-available-language-link-de\" title=\"Deutsch\">Alem\u00e1n<\/a> y <a href=\"https:\/\/huntersmapp.com\/en\/wp-json\/wp\/v2\/pages\/1243\" class=\"qtranxs-available-language-link qtranxs-available-language-link-en\" title=\"English\">Ingl\u00e9s Estadounidense<\/a>. For the sake of viewer convenience, the content is shown below in this site default language. You may click one of the links to switch the site language to another available language.<\/p><p>[vc_row][vc_column][vc_single_image image=&#8221;2655&#8243; img_size=&#8221;full&#8221;][\/vc_column][\/vc_row]<\/p>","protected":false},"excerpt":{"rendered":"<p>Disculpa, pero esta entrada est\u00e1 disponible s\u00f3lo en Alem\u00e1n y Ingl\u00e9s Estadounidense. For the sake of viewer convenience, the content is shown below in this site default language. You may click one of the links to switch the site language to another available language.[vc_row][vc_column][vc_single_image image=&#8221;2655&#8243; img_size=&#8221;full&#8221;][\/vc_column][\/vc_row]<\/p>\n","protected":false},"author":4,"featured_media":0,"parent":1202,"menu_order":0,"comment_status":"closed","ping_status":"closed","template":"","meta":[],"_links":{"self":[{"href":"https:\/\/huntersmapp.com\/es\/wp-json\/wp\/v2\/pages\/1243"}],"collection":[{"href":"https:\/\/huntersmapp.com\/es\/wp-json\/wp\/v2\/pages"}],"about":[{"href":"https:\/\/huntersmapp.com\/es\/wp-json\/wp\/v2\/types\/page"}],"author":[{"embeddable":true,"href":"https:\/\/huntersmapp.com\/es\/wp-json\/wp\/v2\/users\/4"}],"replies":[{"embeddable":true,"href":"https:\/\/huntersmapp.com\/es\/wp-json\/wp\/v2\/comments?post=1243"}],"version-history":[{"count":16,"href":"https:\/\/huntersmapp.com\/es\/wp-json\/wp\/v2\/pages\/1243\/revisions"}],"predecessor-version":[{"id":2656,"href":"https:\/\/huntersmapp.com\/es\/wp-json\/wp\/v2\/pages\/1243\/revisions\/2656"}],"up":[{"embeddable":true,"href":"https:\/\/huntersmapp.com\/es\/wp-json\/wp\/v2\/pages\/1202"}],"wp:attachment":[{"href":"https:\/\/huntersmapp.com\/es\/wp-json\/wp\/v2\/media?parent=1243"}],"curies":[{"name":"wp","href":"https:\/\/api.w.org\/{rel}","templated":true}]}}