{"id":125,"date":"2017-01-25T12:30:43","date_gmt":"2017-01-25T11:30:43","guid":{"rendered":"http:\/\/huntersmapp.com\/?page_id=125"},"modified":"2019-01-04T17:29:59","modified_gmt":"2019-01-04T16:29:59","slug":"aufgabenliste","status":"publish","type":"page","link":"https:\/\/huntersmapp.com\/es\/revier\/aufgabenliste\/","title":{"rendered":"(Deutsch) Aufgabenliste"},"content":{"rendered":"<p class=\"qtranxs-available-languages-message qtranxs-available-languages-message-es\">Disculpa, pero esta entrada est\u00e1 disponible s\u00f3lo en <a href=\"https:\/\/huntersmapp.com\/de\/wp-json\/wp\/v2\/pages\/125\" class=\"qtranxs-available-language-link qtranxs-available-language-link-de\" title=\"Deutsch\">Alem\u00e1n<\/a>, <a href=\"https:\/\/huntersmapp.com\/en\/wp-json\/wp\/v2\/pages\/125\" class=\"qtranxs-available-language-link qtranxs-available-language-link-en\" title=\"English\">Ingl\u00e9s Estadounidense<\/a>, <a href=\"https:\/\/huntersmapp.com\/fr\/wp-json\/wp\/v2\/pages\/125\" class=\"qtranxs-available-language-link qtranxs-available-language-link-fr\" title=\"Fran\u00e7ais\">Franc\u00e9s<\/a> y <a href=\"https:\/\/huntersmapp.com\/it\/wp-json\/wp\/v2\/pages\/125\" class=\"qtranxs-available-language-link qtranxs-available-language-link-it\" title=\"Italiano\">Italiano<\/a>. For the sake of viewer convenience, the content is shown below in this site default language. You may click one of the links to switch the site language to another available language.<\/p><p>[vc_row][vc_column width=&#8221;5\/12&#8243;][vc_column_text]<\/p>\n<h1>Aufgabenliste<\/h1>\n<p><strong>(demn\u00e4chst als Update verf\u00fcgbar)<\/strong><\/p>\n<p>Ob Reparatur vom Hochsitz oder Ausbesserung von Zu- und Abfahrtswegen: \u201eTo-do\u201c-Listen\u00a0rund ums im Revier sto\u00dfen bei den Beteiligten nicht immer auf Begeisterung. Mit unserer\u00a0Aufgabenliste k\u00f6nnte sich das f\u00fcr HuntersMapp-User\u00a0aber ganz schnell \u00e4ndern&#8230;<\/p>\n<h2>Highlights Modul Aufgabenliste:<\/h2>\n<ul>\n<li>Jeder Jagdkollege kann Aufgaben erstellen und diese mit allen anderen Jagdkollegen teilen.<\/li>\n<li>Vergeben Sie einfach einen Namen (z.B. \u201eReparatur Leiter\u201c) f\u00fcr die Aufgabe.<\/li>\n<li>W\u00e4hlen Sie aus Ihren bereits angelegten Reviereinrichtungen die entsprechende Einrichtung aus<\/li>\n<li>Bei Bedarf k\u00f6nnen Sie die jeweilige Aufgabe mit einer Kurzbeschreibung (z.B. \u201e2. und 3. Sprosse und ein Sitzbrett ersetzen\u201c) noch erg\u00e4nzen bzw. pr\u00e4zisieren.<\/li>\n<li>Teilen Sie die Aufgabe einfach mit Ihren Jagdfreunden aus dem Revier!<\/li>\n<li>Aufgabe erledigt? Sobald ein Jagdfreund die Aufgabe erledigt hat, hakt er den Punkt auf der Aufgabenliste ab und teilt diese Information wieder mit den anderen Jagdfreunden.<\/li>\n<li>So sind alle Jagfreunde automatisch informiert, dass die Aufgabe bereits erledigt ist.<\/li>\n<\/ul>\n<p>[\/vc_column_text][\/vc_column][vc_column width=&#8221;7\/12&#8243;][vc_single_image image=&#8221;1356&#8243; img_size=&#8221;large&#8221;][\/vc_column][\/vc_row]<\/p>","protected":false},"excerpt":{"rendered":"<p>Disculpa, pero esta entrada est\u00e1 disponible s\u00f3lo en Alem\u00e1n, Ingl\u00e9s Estadounidense, Franc\u00e9s y Italiano. For the sake of viewer convenience, the content is shown below in this site default language. You may click one of the links to switch the site language to another available language.[vc_row][vc_column width=&#8221;5\/12&#8243;][vc_column_text] Aufgabenliste (demn\u00e4chst als Update verf\u00fcgbar) Ob Reparatur vom [&hellip;]<\/p>\n","protected":false},"author":4,"featured_media":0,"parent":42,"menu_order":7,"comment_status":"closed","ping_status":"closed","template":"","meta":[],"_links":{"self":[{"href":"https:\/\/huntersmapp.com\/es\/wp-json\/wp\/v2\/pages\/125"}],"collection":[{"href":"https:\/\/huntersmapp.com\/es\/wp-json\/wp\/v2\/pages"}],"about":[{"href":"https:\/\/huntersmapp.com\/es\/wp-json\/wp\/v2\/types\/page"}],"author":[{"embeddable":true,"href":"https:\/\/huntersmapp.com\/es\/wp-json\/wp\/v2\/users\/4"}],"replies":[{"embeddable":true,"href":"https:\/\/huntersmapp.com\/es\/wp-json\/wp\/v2\/comments?post=125"}],"version-history":[{"count":27,"href":"https:\/\/huntersmapp.com\/es\/wp-json\/wp\/v2\/pages\/125\/revisions"}],"predecessor-version":[{"id":2102,"href":"https:\/\/huntersmapp.com\/es\/wp-json\/wp\/v2\/pages\/125\/revisions\/2102"}],"up":[{"embeddable":true,"href":"https:\/\/huntersmapp.com\/es\/wp-json\/wp\/v2\/pages\/42"}],"wp:attachment":[{"href":"https:\/\/huntersmapp.com\/es\/wp-json\/wp\/v2\/media?parent=125"}],"curies":[{"name":"wp","href":"https:\/\/api.w.org\/{rel}","templated":true}]}}