{"id":132,"date":"2017-01-25T15:08:29","date_gmt":"2017-01-25T14:08:29","guid":{"rendered":"http:\/\/huntersmapp.com\/?page_id=132"},"modified":"2019-01-04T16:46:25","modified_gmt":"2019-01-04T15:46:25","slug":"jagdtagebuch","status":"publish","type":"page","link":"https:\/\/huntersmapp.com\/es\/jagdplaner\/jagdtagebuch\/","title":{"rendered":"(Deutsch) Jagdtagebuch"},"content":{"rendered":"<p class=\"qtranxs-available-languages-message qtranxs-available-languages-message-es\">Disculpa, pero esta entrada est\u00e1 disponible s\u00f3lo en <a href=\"https:\/\/huntersmapp.com\/de\/wp-json\/wp\/v2\/pages\/132\" class=\"qtranxs-available-language-link qtranxs-available-language-link-de\" title=\"Deutsch\">Alem\u00e1n<\/a>, <a href=\"https:\/\/huntersmapp.com\/en\/wp-json\/wp\/v2\/pages\/132\" class=\"qtranxs-available-language-link qtranxs-available-language-link-en\" title=\"English\">Ingl\u00e9s Estadounidense<\/a>, <a href=\"https:\/\/huntersmapp.com\/fr\/wp-json\/wp\/v2\/pages\/132\" class=\"qtranxs-available-language-link qtranxs-available-language-link-fr\" title=\"Fran\u00e7ais\">Franc\u00e9s<\/a> y <a href=\"https:\/\/huntersmapp.com\/it\/wp-json\/wp\/v2\/pages\/132\" class=\"qtranxs-available-language-link qtranxs-available-language-link-it\" title=\"Italiano\">Italiano<\/a>. For the sake of viewer convenience, the content is shown below in this site default language. You may click one of the links to switch the site language to another available language.<\/p><p>[vc_row][vc_column width=&#8221;5\/12&#8243;][vc_column_text]<\/p>\n<h1>Jagdtagebuch<\/h1>\n<p>Gerade im Jagbetrieb gilt: Ein Bild sagt manchmal mehr als tausend Worte! In Ihrem digitalen Tagebuch k\u00f6nnen Sie Wild-Sichtungen und Absch\u00fcsse ganz einfach erfassen und nach folgenden Rubriken f\u00fcr immer festhalten:<\/p>\n<ul>\n<li>Anblick<\/li>\n<li>Schuss<\/li>\n<li>Erlegt<\/li>\n<li>Sonstiges<\/li>\n<\/ul>\n<p><strong>Und so einfach funktioniert der Eintrag ins Tagebuch:<\/strong><\/p>\n<ul>\n<li>Einfach ein Foto machen, die Wildart (z.B. Wildschwein, Reh) ausw\u00e4hlen<\/li>\n<li>Per Best\u00e4tigungsklick Datum, Uhrzeit und Standort \u00fcbernehmen \u2013 fertig!<\/li>\n<\/ul>\n<p><strong>Ihr Plus:\u00a0<\/strong>Bei Bedarf k\u00f6nnen Sie noch eigene Notizen im jeweiligen Tagebucheintrag hinterlegen. Nutzen Sie dazu die Diktierfunktion und das gesprochene Wort wird automatisch in Text umgewandelt und im Notizfeld festgehalten.<\/p>\n<p><strong>Gut zu wissen:<\/strong> Sie k\u00f6nnen die Jagdtagebucheintr\u00e4ge der Kategorie &#8220;Erlegt&#8221; ihren zuvor angelegten <a href=\"https:\/\/huntersmapp.com\/revier\/abschussplaene\/\">Abschusspl\u00e4nen<\/a> zuordnen. So haben Sie den aktuellen Stand mit Wildart, Geschlecht, Klasse, Erleger, Soll- und Ist-Stand immer \u00fcbersichtlich im Blick![\/vc_column_text][\/vc_column][vc_column width=&#8221;7\/12&#8243;][vc_empty_space height=&#8221;30&#8243;][vc_single_image image=&#8221;1674&#8243; img_size=&#8221;large&#8221;][vc_single_image image=&#8221;1673&#8243; onclick=&#8221;link_image&#8221;][vc_single_image image=&#8221;1672&#8243; onclick=&#8221;link_image&#8221;][vc_single_image image=&#8221;2053&#8243; onclick=&#8221;link_image&#8221;][\/vc_column][\/vc_row]<\/p>","protected":false},"excerpt":{"rendered":"<p>Disculpa, pero esta entrada est\u00e1 disponible s\u00f3lo en Alem\u00e1n, Ingl\u00e9s Estadounidense, Franc\u00e9s y Italiano. For the sake of viewer convenience, the content is shown below in this site default language. You may click one of the links to switch the site language to another available language.[vc_row][vc_column width=&#8221;5\/12&#8243;][vc_column_text] Jagdtagebuch Gerade im Jagbetrieb gilt: Ein Bild sagt [&hellip;]<\/p>\n","protected":false},"author":4,"featured_media":0,"parent":32,"menu_order":2,"comment_status":"closed","ping_status":"closed","template":"","meta":[],"_links":{"self":[{"href":"https:\/\/huntersmapp.com\/es\/wp-json\/wp\/v2\/pages\/132"}],"collection":[{"href":"https:\/\/huntersmapp.com\/es\/wp-json\/wp\/v2\/pages"}],"about":[{"href":"https:\/\/huntersmapp.com\/es\/wp-json\/wp\/v2\/types\/page"}],"author":[{"embeddable":true,"href":"https:\/\/huntersmapp.com\/es\/wp-json\/wp\/v2\/users\/4"}],"replies":[{"embeddable":true,"href":"https:\/\/huntersmapp.com\/es\/wp-json\/wp\/v2\/comments?post=132"}],"version-history":[{"count":36,"href":"https:\/\/huntersmapp.com\/es\/wp-json\/wp\/v2\/pages\/132\/revisions"}],"predecessor-version":[{"id":2078,"href":"https:\/\/huntersmapp.com\/es\/wp-json\/wp\/v2\/pages\/132\/revisions\/2078"}],"up":[{"embeddable":true,"href":"https:\/\/huntersmapp.com\/es\/wp-json\/wp\/v2\/pages\/32"}],"wp:attachment":[{"href":"https:\/\/huntersmapp.com\/es\/wp-json\/wp\/v2\/media?parent=132"}],"curies":[{"name":"wp","href":"https:\/\/api.w.org\/{rel}","templated":true}]}}