{"id":135,"date":"2017-01-25T15:13:50","date_gmt":"2017-01-25T14:13:50","guid":{"rendered":"http:\/\/huntersmapp.com\/?page_id=135"},"modified":"2019-01-04T16:55:19","modified_gmt":"2019-01-04T15:55:19","slug":"lockrufe","status":"publish","type":"page","link":"https:\/\/huntersmapp.com\/es\/jagdplaner\/lockrufe\/","title":{"rendered":"(Deutsch) Lockrufe"},"content":{"rendered":"<p class=\"qtranxs-available-languages-message qtranxs-available-languages-message-es\">Disculpa, pero esta entrada est\u00e1 disponible s\u00f3lo en <a href=\"https:\/\/huntersmapp.com\/de\/wp-json\/wp\/v2\/pages\/135\" class=\"qtranxs-available-language-link qtranxs-available-language-link-de\" title=\"Deutsch\">Alem\u00e1n<\/a>, <a href=\"https:\/\/huntersmapp.com\/en\/wp-json\/wp\/v2\/pages\/135\" class=\"qtranxs-available-language-link qtranxs-available-language-link-en\" title=\"English\">Ingl\u00e9s Estadounidense<\/a>, <a href=\"https:\/\/huntersmapp.com\/fr\/wp-json\/wp\/v2\/pages\/135\" class=\"qtranxs-available-language-link qtranxs-available-language-link-fr\" title=\"Fran\u00e7ais\">Franc\u00e9s<\/a> y <a href=\"https:\/\/huntersmapp.com\/it\/wp-json\/wp\/v2\/pages\/135\" class=\"qtranxs-available-language-link qtranxs-available-language-link-it\" title=\"Italiano\">Italiano<\/a>. For the sake of viewer convenience, the content is shown below in this site default language. You may click one of the links to switch the site language to another available language.<\/p><p>[vc_row][vc_column width=&#8221;5\/12&#8243;][vc_column_text]<\/p>\n<h1>Lockrufe<\/h1>\n<p>&nbsp;<\/p>\n<p>Bekanntlich k\u00f6nnen bei der Lockjagd durch Lautnachahmung einige Wildarten auf die eine oder andere Art angelockt werden \u2013 vorausgesetzt, man hat als J\u00e4ger den richtigen Lockruf parat!<\/p>\n<p>Hier finden Sie fast 20 unterschiedliche Lockrufe f\u00fcr die&#8230;<\/p>\n<ul>\n<li><strong>Blattjagd<\/strong><\/li>\n<li><strong>Schwarzwildjagd<\/strong><\/li>\n<li><strong>Fuchsjagd<\/strong><\/li>\n<li><strong>Waschb\u00e4rjagd<\/strong><\/li>\n<li><strong>Enten- und Kr\u00e4henjagd<\/strong><\/li>\n<\/ul>\n<p>Nutzen Sie diese wertvolle Funktion, um vor der Lockjagd die Rufe nochmal anzuh\u00f6ren und in Ruhe \u2013 ob mit oder ohne Hilfsmittel \u2013 zu \u00fcben.<\/p>\n<p><strong>Gut zu wissen:<\/strong> Die Locker, mit denen die Lockrufe erzeugt wurden, k\u00f6nnen Sie bei Klaus Demmel erwerben:<\/p>\n<p><a href=\"https:\/\/klaus-demmel.de\/index.php?id_category=6&amp;controller=category\">Hier geht\u2019s zum Shop!<\/a><\/p>\n<p><strong>Beispiel anh\u00f6ren:<\/strong><\/p>\n<p><a href=\"https:\/\/huntersmapp.com\/wp-content\/uploads\/2019\/01\/Sprengfiep.mp3\">Rehblatter\/Sprengfiep<\/a>[\/vc_column_text][\/vc_column][vc_column width=&#8221;7\/12&#8243;][vc_empty_space height=&#8221;30&#8243;][vc_single_image image=&#8221;1677&#8243; img_size=&#8221;large&#8221;][vc_single_image image=&#8221;1676&#8243; onclick=&#8221;link_image&#8221;][vc_single_image image=&#8221;1675&#8243; onclick=&#8221;link_image&#8221;][\/vc_column][\/vc_row]<\/p>","protected":false},"excerpt":{"rendered":"<p>Disculpa, pero esta entrada est\u00e1 disponible s\u00f3lo en Alem\u00e1n, Ingl\u00e9s Estadounidense, Franc\u00e9s y Italiano. For the sake of viewer convenience, the content is shown below in this site default language. You may click one of the links to switch the site language to another available language.[vc_row][vc_column width=&#8221;5\/12&#8243;][vc_column_text] Lockrufe &nbsp; Bekanntlich k\u00f6nnen bei der Lockjagd durch [&hellip;]<\/p>\n","protected":false},"author":4,"featured_media":0,"parent":32,"menu_order":5,"comment_status":"closed","ping_status":"closed","template":"","meta":[],"_links":{"self":[{"href":"https:\/\/huntersmapp.com\/es\/wp-json\/wp\/v2\/pages\/135"}],"collection":[{"href":"https:\/\/huntersmapp.com\/es\/wp-json\/wp\/v2\/pages"}],"about":[{"href":"https:\/\/huntersmapp.com\/es\/wp-json\/wp\/v2\/types\/page"}],"author":[{"embeddable":true,"href":"https:\/\/huntersmapp.com\/es\/wp-json\/wp\/v2\/users\/4"}],"replies":[{"embeddable":true,"href":"https:\/\/huntersmapp.com\/es\/wp-json\/wp\/v2\/comments?post=135"}],"version-history":[{"count":47,"href":"https:\/\/huntersmapp.com\/es\/wp-json\/wp\/v2\/pages\/135\/revisions"}],"predecessor-version":[{"id":2082,"href":"https:\/\/huntersmapp.com\/es\/wp-json\/wp\/v2\/pages\/135\/revisions\/2082"}],"up":[{"embeddable":true,"href":"https:\/\/huntersmapp.com\/es\/wp-json\/wp\/v2\/pages\/32"}],"wp:attachment":[{"href":"https:\/\/huntersmapp.com\/es\/wp-json\/wp\/v2\/media?parent=135"}],"curies":[{"name":"wp","href":"https:\/\/api.w.org\/{rel}","templated":true}]}}