{"id":149,"date":"2017-01-25T18:29:25","date_gmt":"2017-01-25T17:29:25","guid":{"rendered":"http:\/\/huntersmapp.com\/?page_id=149"},"modified":"2019-01-04T16:34:48","modified_gmt":"2019-01-04T15:34:48","slug":"jagdwetter","status":"publish","type":"page","link":"https:\/\/huntersmapp.com\/es\/jagdplaner\/jagdwetter\/","title":{"rendered":"(Deutsch) Jagdwetter"},"content":{"rendered":"<p class=\"qtranxs-available-languages-message qtranxs-available-languages-message-es\">Disculpa, pero esta entrada est\u00e1 disponible s\u00f3lo en <a href=\"https:\/\/huntersmapp.com\/de\/wp-json\/wp\/v2\/pages\/149\" class=\"qtranxs-available-language-link qtranxs-available-language-link-de\" title=\"Deutsch\">Alem\u00e1n<\/a>, <a href=\"https:\/\/huntersmapp.com\/en\/wp-json\/wp\/v2\/pages\/149\" class=\"qtranxs-available-language-link qtranxs-available-language-link-en\" title=\"English\">Ingl\u00e9s Estadounidense<\/a>, <a href=\"https:\/\/huntersmapp.com\/fr\/wp-json\/wp\/v2\/pages\/149\" class=\"qtranxs-available-language-link qtranxs-available-language-link-fr\" title=\"Fran\u00e7ais\">Franc\u00e9s<\/a> y <a href=\"https:\/\/huntersmapp.com\/it\/wp-json\/wp\/v2\/pages\/149\" class=\"qtranxs-available-language-link qtranxs-available-language-link-it\" title=\"Italiano\">Italiano<\/a>. For the sake of viewer convenience, the content is shown below in this site default language. You may click one of the links to switch the site language to another available language.<\/p><p>[vc_row][vc_column width=&#8221;5\/12&#8243;][vc_column_text]<\/p>\n<h1>Jagdwetter<\/h1>\n<p>&nbsp;<\/p>\n<p>Das B\u00fcchsenlicht oder die Windrichtung k\u00f6nnen wir leider (noch) nicht beeinflussen \u2013 daf\u00fcr liefern wir Ihnen mit der HuntersMapp alle relevanten Wetter-Parameter f\u00fcr die perfekte Jagd \u2013 ob bei Tag oder bei Nacht:<\/p>\n<ul>\n<li>Allgemeine Wetterinfos (Wetterlage, Temperatur, Regenwahrscheinlichkeit und Regenmenge, Sonnenaufgang und Sonnenuntergang)<\/li>\n<li>Windst\u00e4rke und Windrichtung<\/li>\n<li>Mondphasen, Mondaufgang und Monduntergang<\/li>\n<\/ul>\n<h2>Highlights Jagdwetter:<\/h2>\n<ul>\n<li>Die Darstellung von Wetter bzw. Wettervorhersage erfolgt auf 3 Bildschirmseiten: Wetter, Wind, Mond<\/li>\n<li>Neben den aktuellen Wetter-Infos gibt es eine 5-t\u00e4gige Vorschau<\/li>\n<li>Die Wettervorschau* f\u00fcr die kommenden 6 Stunden wird zudem laufend\u00a0aktualisiert.<\/li>\n<\/ul>\n<p><strong>Sie haben die Wahl: aktueller oder gew\u00fcnschter Standort?<\/strong><\/p>\n<p>Bei der Abfrage der Wetterdaten kann entweder der aktuelle Standort automatisch \u00fcbernommen werden oder durch Auswahl des Landes und Eingabe der Postleitzahl ein gew\u00fcnschter Standort ausgew\u00e4hlt werden.<\/p>\n<p>&nbsp;<\/p>\n<h6>*Wettervorschau mit Temperatur, Regenwahrscheinlichkeit, Regenmenge, Windrichtung und Windgeschwindigkeit.<\/h6>\n<p>[\/vc_column_text][\/vc_column][vc_column width=&#8221;7\/12&#8243;][vc_empty_space height=&#8221;30&#8243;][vc_single_image image=&#8221;1687&#8243; img_size=&#8221;large&#8221;][vc_single_image image=&#8221;1686&#8243; alignment=&#8221;center&#8221; onclick=&#8221;link_image&#8221;][vc_single_image image=&#8221;1688&#8243; alignment=&#8221;center&#8221; onclick=&#8221;link_image&#8221;][\/vc_column][\/vc_row]<\/p>","protected":false},"excerpt":{"rendered":"<p>Disculpa, pero esta entrada est\u00e1 disponible s\u00f3lo en Alem\u00e1n, Ingl\u00e9s Estadounidense, Franc\u00e9s y Italiano. For the sake of viewer convenience, the content is shown below in this site default language. You may click one of the links to switch the site language to another available language.[vc_row][vc_column width=&#8221;5\/12&#8243;][vc_column_text] Jagdwetter &nbsp; Das B\u00fcchsenlicht oder die Windrichtung k\u00f6nnen [&hellip;]<\/p>\n","protected":false},"author":4,"featured_media":0,"parent":32,"menu_order":1,"comment_status":"closed","ping_status":"closed","template":"","meta":[],"_links":{"self":[{"href":"https:\/\/huntersmapp.com\/es\/wp-json\/wp\/v2\/pages\/149"}],"collection":[{"href":"https:\/\/huntersmapp.com\/es\/wp-json\/wp\/v2\/pages"}],"about":[{"href":"https:\/\/huntersmapp.com\/es\/wp-json\/wp\/v2\/types\/page"}],"author":[{"embeddable":true,"href":"https:\/\/huntersmapp.com\/es\/wp-json\/wp\/v2\/users\/4"}],"replies":[{"embeddable":true,"href":"https:\/\/huntersmapp.com\/es\/wp-json\/wp\/v2\/comments?post=149"}],"version-history":[{"count":60,"href":"https:\/\/huntersmapp.com\/es\/wp-json\/wp\/v2\/pages\/149\/revisions"}],"predecessor-version":[{"id":2072,"href":"https:\/\/huntersmapp.com\/es\/wp-json\/wp\/v2\/pages\/149\/revisions\/2072"}],"up":[{"embeddable":true,"href":"https:\/\/huntersmapp.com\/es\/wp-json\/wp\/v2\/pages\/32"}],"wp:attachment":[{"href":"https:\/\/huntersmapp.com\/es\/wp-json\/wp\/v2\/media?parent=149"}],"curies":[{"name":"wp","href":"https:\/\/api.w.org\/{rel}","templated":true}]}}