{"id":159,"date":"2017-01-26T11:37:49","date_gmt":"2017-01-26T10:37:49","guid":{"rendered":"http:\/\/huntersmapp.com\/?page_id=159"},"modified":"2017-06-14T15:49:48","modified_gmt":"2017-06-14T13:49:48","slug":"extras","status":"publish","type":"page","link":"https:\/\/huntersmapp.com\/es\/extras\/","title":{"rendered":"(Deutsch) Extras"},"content":{"rendered":"<p class=\"qtranxs-available-languages-message qtranxs-available-languages-message-es\">Disculpa, pero esta entrada est\u00e1 disponible s\u00f3lo en <a href=\"https:\/\/huntersmapp.com\/de\/wp-json\/wp\/v2\/pages\/159\" class=\"qtranxs-available-language-link qtranxs-available-language-link-de\" title=\"Deutsch\">Alem\u00e1n<\/a>, <a href=\"https:\/\/huntersmapp.com\/en\/wp-json\/wp\/v2\/pages\/159\" class=\"qtranxs-available-language-link qtranxs-available-language-link-en\" title=\"English\">Ingl\u00e9s Estadounidense<\/a>, <a href=\"https:\/\/huntersmapp.com\/fr\/wp-json\/wp\/v2\/pages\/159\" class=\"qtranxs-available-language-link qtranxs-available-language-link-fr\" title=\"Fran\u00e7ais\">Franc\u00e9s<\/a> y <a href=\"https:\/\/huntersmapp.com\/it\/wp-json\/wp\/v2\/pages\/159\" class=\"qtranxs-available-language-link qtranxs-available-language-link-it\" title=\"Italiano\">Italiano<\/a>. For the sake of viewer convenience, the content is shown below in this site default language. You may click one of the links to switch the site language to another available language.<\/p><p>[vc_row][vc_column width=&#8221;5\/12&#8243;][vc_column_text]<\/p>\n<h1>Extras<\/h1>\n<p>Hier finden Sie weitere Extras, die Sie exklusiv mit der HuntersMapp nutzen k\u00f6nnen:<\/p>\n<ul>\n<li><a href=\"http:\/\/huntersmapp.com\/extras\/hardware\/\">HuntersMapp Hardware<\/a><\/li>\n<li><a href=\"http:\/\/huntersmapp.com\/extras\/ar-funktion\/\">Erweiterte Realit\u00e4t<\/a> (Augmented Reality)<\/li>\n<\/ul>\n<p>Erh\u00f6hen Sie z.B. die Reichweite unserer Peer-to-Peer-Technik mit unserer speziellen HuntersMapp-Hardware \u2013 f\u00fcr eine optimale Kommunikation unter Jagdfreunden!<\/p>\n<p>Lassen Sie im Live-Bild Ihrer Mobiltelefonkamera z. B. die Position anderer J\u00e4ger einblenden sowie Jagdeinrichtungen, Suhlen, Treffpunkt etc. (z. B. alles, was Sie bereits auf der Revierkarte erfasst haben.)[\/vc_column_text][\/vc_column][vc_column width=&#8221;7\/12&#8243;][vc_single_image image=&#8221;22&#8243; img_size=&#8221;large&#8221;][\/vc_column][\/vc_row]<\/p>","protected":false},"excerpt":{"rendered":"<p>Disculpa, pero esta entrada est\u00e1 disponible s\u00f3lo en Alem\u00e1n, Ingl\u00e9s Estadounidense, Franc\u00e9s y Italiano. For the sake of viewer convenience, the content is shown below in this site default language. You may click one of the links to switch the site language to another available language.[vc_row][vc_column width=&#8221;5\/12&#8243;][vc_column_text] Extras Hier finden Sie weitere Extras, die Sie [&hellip;]<\/p>\n","protected":false},"author":4,"featured_media":0,"parent":0,"menu_order":4,"comment_status":"closed","ping_status":"closed","template":"","meta":[],"_links":{"self":[{"href":"https:\/\/huntersmapp.com\/es\/wp-json\/wp\/v2\/pages\/159"}],"collection":[{"href":"https:\/\/huntersmapp.com\/es\/wp-json\/wp\/v2\/pages"}],"about":[{"href":"https:\/\/huntersmapp.com\/es\/wp-json\/wp\/v2\/types\/page"}],"author":[{"embeddable":true,"href":"https:\/\/huntersmapp.com\/es\/wp-json\/wp\/v2\/users\/4"}],"replies":[{"embeddable":true,"href":"https:\/\/huntersmapp.com\/es\/wp-json\/wp\/v2\/comments?post=159"}],"version-history":[{"count":19,"href":"https:\/\/huntersmapp.com\/es\/wp-json\/wp\/v2\/pages\/159\/revisions"}],"predecessor-version":[{"id":1107,"href":"https:\/\/huntersmapp.com\/es\/wp-json\/wp\/v2\/pages\/159\/revisions\/1107"}],"wp:attachment":[{"href":"https:\/\/huntersmapp.com\/es\/wp-json\/wp\/v2\/media?parent=159"}],"curies":[{"name":"wp","href":"https:\/\/api.w.org\/{rel}","templated":true}]}}