{"id":164,"date":"2017-01-26T11:44:29","date_gmt":"2017-01-26T10:44:29","guid":{"rendered":"http:\/\/huntersmapp.com\/?page_id=164"},"modified":"2020-02-07T12:08:24","modified_gmt":"2020-02-07T11:08:24","slug":"hardware","status":"publish","type":"page","link":"https:\/\/huntersmapp.com\/es\/extras\/hardware\/","title":{"rendered":"(Deutsch) Hardware"},"content":{"rendered":"<p class=\"qtranxs-available-languages-message qtranxs-available-languages-message-es\">Disculpa, pero esta entrada est\u00e1 disponible s\u00f3lo en <a href=\"https:\/\/huntersmapp.com\/de\/wp-json\/wp\/v2\/pages\/164\" class=\"qtranxs-available-language-link qtranxs-available-language-link-de\" title=\"Deutsch\">Alem\u00e1n<\/a>, <a href=\"https:\/\/huntersmapp.com\/en\/wp-json\/wp\/v2\/pages\/164\" class=\"qtranxs-available-language-link qtranxs-available-language-link-en\" title=\"English\">Ingl\u00e9s Estadounidense<\/a>, <a href=\"https:\/\/huntersmapp.com\/fr\/wp-json\/wp\/v2\/pages\/164\" class=\"qtranxs-available-language-link qtranxs-available-language-link-fr\" title=\"Fran\u00e7ais\">Franc\u00e9s<\/a> y <a href=\"https:\/\/huntersmapp.com\/it\/wp-json\/wp\/v2\/pages\/164\" class=\"qtranxs-available-language-link qtranxs-available-language-link-it\" title=\"Italiano\">Italiano<\/a>. For the sake of viewer convenience, the content is shown below in this site default language. You may click one of the links to switch the site language to another available language.<\/p><p>[vc_row][vc_column width=&#8221;5\/12&#8243;][vc_column_text]<\/p>\n<h1>HuntersMapp Hardware<\/h1>\n<p><strong>(demn\u00e4chst verf\u00fcgbar)<\/strong><\/p>\n<p>Mit unserer HuntersMapp Hardware wird ab 2019\/2020 die Peer-to-Peer-Technologie noch leistungsf\u00e4higer und grenzenloser&#8230;<\/p>\n<p><strong>Was bedeutet Peer-to-Peer?<\/strong><\/p>\n<p>Sollte Ihnen bei der Jagd f\u00fcr die Kommunikation mit beteiligten J\u00e4gern und Treibern kein \u00f6ffentliches Netz zur Verf\u00fcgung stehen, kommt die \u00a0Peer-to-Peer Technik ins Spiel. Diese funktioniert jedoch nur \u00fcber kurze Distanzen.<\/p>\n<p><strong>Warum ben\u00f6tige ich f\u00fcr weitere Distanzen\u00a0eine zus\u00e4tzliche Hardware?<\/strong><\/p>\n<p>Stehen Ihre Jagdfreunde bei der Jagd weiter voneinander entfernt, so dass auch kein klassisches Peer-to-Peer Netz via WLAN\/Bluetooth aufgebaut werden kann, funktioniert die Kommunikation\u00a0ohne die zus\u00e4tzliche Hardware nicht mehr.<\/p>\n<h2>Highlights HuntersMapp Hardware:<\/h2>\n<ul>\n<li>Zuverl\u00e4ssige Kommunikation, basierend auf Funk, zwischen den einzelnen J\u00e4gern. Diese k\u00f6nnen, gel\u00e4nde- und wetterabh\u00e4ngig, ca. 800 m bis zu max. 4 km voneinander entfernt stehen.<\/li>\n<li>Grenzenlos kommunizieren: Sind mehrere J\u00e4ger mit der HuntersMapp-Hardware ausgestattet, so kann \u00fcber die einzelnen User hinweg (Peer to Peer) noch\u00a0weiter kommuniziert werden.<\/li>\n<\/ul>\n<p>&nbsp;<\/p>\n<h2>Aktuelle Information auf Basis unserer Umfrage von 2019<\/h2>\n<p>Die Nachfrage nach unserer geplanten Funkhardware f\u00fcr die Peer to Peer Kommunikation liegt aktuell unter unseren Erwartungen. Wir werden f\u00fcr uns pr\u00fcfen, ob eine Integration wirtschaftlich ist. Falls Sie\u00a0die Umsetzung unterst\u00fctzen m\u00f6chten, k\u00f6nnen Sie uns hier schreiben, wieviele Ger\u00e4te zum Einzelpreis von ca. 90 \u20ac Sie gerne bei uns kaufen w\u00fcrden.<\/p>\n<p><a href=\"mailto:info@outlander-lb.com\">Ich unterst\u00fctze die Umsetzung der Peer to Peer Hardware\u00a0in der HuntersMapp und w\u00fcrde gerne Ger\u00e4te kaufen!<\/a>[\/vc_column_text][\/vc_column][vc_column width=&#8221;7\/12&#8243;][vc_row_inner][vc_column_inner][vc_empty_space height=&#8221;30&#8243;][vc_single_image image=&#8221;666&#8243; img_size=&#8221;large&#8221; alignment=&#8221;center&#8221;][vc_single_image image=&#8221;1682&#8243; onclick=&#8221;link_image&#8221;][\/vc_column_inner][\/vc_row_inner][\/vc_column][\/vc_row]<\/p>","protected":false},"excerpt":{"rendered":"<p>Disculpa, pero esta entrada est\u00e1 disponible s\u00f3lo en Alem\u00e1n, Ingl\u00e9s Estadounidense, Franc\u00e9s y Italiano. For the sake of viewer convenience, the content is shown below in this site default language. You may click one of the links to switch the site language to another available language.[vc_row][vc_column width=&#8221;5\/12&#8243;][vc_column_text] HuntersMapp Hardware (demn\u00e4chst verf\u00fcgbar) Mit unserer HuntersMapp Hardware [&hellip;]<\/p>\n","protected":false},"author":4,"featured_media":0,"parent":159,"menu_order":1,"comment_status":"closed","ping_status":"closed","template":"","meta":[],"_links":{"self":[{"href":"https:\/\/huntersmapp.com\/es\/wp-json\/wp\/v2\/pages\/164"}],"collection":[{"href":"https:\/\/huntersmapp.com\/es\/wp-json\/wp\/v2\/pages"}],"about":[{"href":"https:\/\/huntersmapp.com\/es\/wp-json\/wp\/v2\/types\/page"}],"author":[{"embeddable":true,"href":"https:\/\/huntersmapp.com\/es\/wp-json\/wp\/v2\/users\/4"}],"replies":[{"embeddable":true,"href":"https:\/\/huntersmapp.com\/es\/wp-json\/wp\/v2\/comments?post=164"}],"version-history":[{"count":89,"href":"https:\/\/huntersmapp.com\/es\/wp-json\/wp\/v2\/pages\/164\/revisions"}],"predecessor-version":[{"id":2794,"href":"https:\/\/huntersmapp.com\/es\/wp-json\/wp\/v2\/pages\/164\/revisions\/2794"}],"up":[{"embeddable":true,"href":"https:\/\/huntersmapp.com\/es\/wp-json\/wp\/v2\/pages\/159"}],"wp:attachment":[{"href":"https:\/\/huntersmapp.com\/es\/wp-json\/wp\/v2\/media?parent=164"}],"curies":[{"name":"wp","href":"https:\/\/api.w.org\/{rel}","templated":true}]}}