{"id":199,"date":"2017-01-26T17:37:42","date_gmt":"2017-01-26T16:37:42","guid":{"rendered":"http:\/\/huntersmapp.com\/?page_id=199"},"modified":"2019-01-04T17:33:29","modified_gmt":"2019-01-04T16:33:29","slug":"ar-funktion","status":"publish","type":"page","link":"https:\/\/huntersmapp.com\/es\/extras\/ar-funktion\/","title":{"rendered":"(Deutsch) Erweiterte Realit\u00e4t"},"content":{"rendered":"<p class=\"qtranxs-available-languages-message qtranxs-available-languages-message-es\">Disculpa, pero esta entrada est\u00e1 disponible s\u00f3lo en <a href=\"https:\/\/huntersmapp.com\/de\/wp-json\/wp\/v2\/pages\/199\" class=\"qtranxs-available-language-link qtranxs-available-language-link-de\" title=\"Deutsch\">Alem\u00e1n<\/a>, <a href=\"https:\/\/huntersmapp.com\/en\/wp-json\/wp\/v2\/pages\/199\" class=\"qtranxs-available-language-link qtranxs-available-language-link-en\" title=\"English\">Ingl\u00e9s Estadounidense<\/a>, <a href=\"https:\/\/huntersmapp.com\/fr\/wp-json\/wp\/v2\/pages\/199\" class=\"qtranxs-available-language-link qtranxs-available-language-link-fr\" title=\"Fran\u00e7ais\">Franc\u00e9s<\/a> y <a href=\"https:\/\/huntersmapp.com\/it\/wp-json\/wp\/v2\/pages\/199\" class=\"qtranxs-available-language-link qtranxs-available-language-link-it\" title=\"Italiano\">Italiano<\/a>. For the sake of viewer convenience, the content is shown below in this site default language. You may click one of the links to switch the site language to another available language.<\/p><p>[vc_row][vc_column width=&#8221;5\/12&#8243;][vc_column_text]<\/p>\n<h1>Erweiterte Realit\u00e4t \u2013 Augmented Reality (AR)<\/h1>\n<p>Das Verschmelzen von Computer animierten Visualisierungen mit den eingescannten Daten der realen Umgebung \u2013 kurz: Augmented Reality \u2013 bietet faszinierende M\u00f6glichkeiten, von denen jetzt auch ganze Jagdgesellschaften profitieren k\u00f6nnen!<\/p>\n<p><strong>Tipp:<\/strong> Augmented Reality ist ideal z.B. bei einer Dr\u00fcckjagd, um die Standorte der einzelnen Jagdteilnehmer zu sehen.<\/p>\n<h2>Highlights Modul Augmented Reality:<\/h2>\n<ul>\n<li>Eigene Landmarks (Hochsitz, Treffpunkt, Suhle etc.)<\/li>\n<li>Alle eingeloggten J\u00e4ger auf einer Dr\u00fcckjagd<\/li>\n<li>Mit Bezeichnung bzw. Profilnamen und Angabe der Entfernung<\/li>\n<\/ul>\n<p><strong>Und so einfach funktioniert Augmented Reality:<\/strong><\/p>\n<p>Wechseln Sie auf Ihrem Mobiltelefon von der Kartenansicht auf die Kameraansicht. Jetzt sehen Sie zus\u00e4tzliche Informationen, die direkt in das Livebild Ihres Kamerabilds eingeblendet werden \u2013 inklusive der jeweiligen Bezeichnung sowie einer pr\u00e4zisen Entfernungsangabe.[\/vc_column_text][\/vc_column][vc_column width=&#8221;7\/12&#8243;][vc_empty_space height=&#8221;30&#8243;][vc_single_image image=&#8221;2041&#8243; img_size=&#8221;large&#8221;][vc_single_image image=&#8221;1356&#8243; onclick=&#8221;link_image&#8221;][vc_single_image image=&#8221;1298&#8243; img_size=&#8221;full&#8221;][vc_single_image image=&#8221;1338&#8243; img_size=&#8221;full&#8221;][\/vc_column][\/vc_row]<\/p>","protected":false},"excerpt":{"rendered":"<p>Disculpa, pero esta entrada est\u00e1 disponible s\u00f3lo en Alem\u00e1n, Ingl\u00e9s Estadounidense, Franc\u00e9s y Italiano. For the sake of viewer convenience, the content is shown below in this site default language. You may click one of the links to switch the site language to another available language.[vc_row][vc_column width=&#8221;5\/12&#8243;][vc_column_text] Erweiterte Realit\u00e4t \u2013 Augmented Reality (AR) Das Verschmelzen [&hellip;]<\/p>\n","protected":false},"author":4,"featured_media":0,"parent":159,"menu_order":2,"comment_status":"closed","ping_status":"closed","template":"","meta":[],"_links":{"self":[{"href":"https:\/\/huntersmapp.com\/es\/wp-json\/wp\/v2\/pages\/199"}],"collection":[{"href":"https:\/\/huntersmapp.com\/es\/wp-json\/wp\/v2\/pages"}],"about":[{"href":"https:\/\/huntersmapp.com\/es\/wp-json\/wp\/v2\/types\/page"}],"author":[{"embeddable":true,"href":"https:\/\/huntersmapp.com\/es\/wp-json\/wp\/v2\/users\/4"}],"replies":[{"embeddable":true,"href":"https:\/\/huntersmapp.com\/es\/wp-json\/wp\/v2\/comments?post=199"}],"version-history":[{"count":38,"href":"https:\/\/huntersmapp.com\/es\/wp-json\/wp\/v2\/pages\/199\/revisions"}],"predecessor-version":[{"id":2107,"href":"https:\/\/huntersmapp.com\/es\/wp-json\/wp\/v2\/pages\/199\/revisions\/2107"}],"up":[{"embeddable":true,"href":"https:\/\/huntersmapp.com\/es\/wp-json\/wp\/v2\/pages\/159"}],"wp:attachment":[{"href":"https:\/\/huntersmapp.com\/es\/wp-json\/wp\/v2\/media?parent=199"}],"curies":[{"name":"wp","href":"https:\/\/api.w.org\/{rel}","templated":true}]}}