{"id":204,"date":"2017-01-26T17:47:27","date_gmt":"2017-01-26T16:47:27","guid":{"rendered":"http:\/\/huntersmapp.com\/?page_id=204"},"modified":"2019-01-04T17:25:05","modified_gmt":"2019-01-04T16:25:05","slug":"entfernungsmesser","status":"publish","type":"page","link":"https:\/\/huntersmapp.com\/es\/revier\/entfernungsmesser\/","title":{"rendered":"(Deutsch) Entfernungsmesser"},"content":{"rendered":"<p class=\"qtranxs-available-languages-message qtranxs-available-languages-message-es\">Disculpa, pero esta entrada est\u00e1 disponible s\u00f3lo en <a href=\"https:\/\/huntersmapp.com\/de\/wp-json\/wp\/v2\/pages\/204\" class=\"qtranxs-available-language-link qtranxs-available-language-link-de\" title=\"Deutsch\">Alem\u00e1n<\/a>, <a href=\"https:\/\/huntersmapp.com\/en\/wp-json\/wp\/v2\/pages\/204\" class=\"qtranxs-available-language-link qtranxs-available-language-link-en\" title=\"English\">Ingl\u00e9s Estadounidense<\/a>, <a href=\"https:\/\/huntersmapp.com\/fr\/wp-json\/wp\/v2\/pages\/204\" class=\"qtranxs-available-language-link qtranxs-available-language-link-fr\" title=\"Fran\u00e7ais\">Franc\u00e9s<\/a> y <a href=\"https:\/\/huntersmapp.com\/it\/wp-json\/wp\/v2\/pages\/204\" class=\"qtranxs-available-language-link qtranxs-available-language-link-it\" title=\"Italiano\">Italiano<\/a>. For the sake of viewer convenience, the content is shown below in this site default language. You may click one of the links to switch the site language to another available language.<\/p><p>[vc_row][vc_column width=&#8221;5\/12&#8243;][vc_column_text]<\/p>\n<h1>Entfernungsmesser<\/h1>\n<p>Ob Reh, Rotwild oder Schwarzwild: Entfernungen richtig absch\u00e4tzen mittels Absehen 1, 4, oder 7 ist selbst f\u00fcr erfahrene J\u00e4ger nicht immer ganz einfach. \u00c4hnlich verh\u00e4lt es sich bei der Absch\u00e4tzung\u00a0der Entfernung zwischen zwei beliebigen Orten.<\/p>\n<p>Wer trotz hervorragender Revierkenntnis also keine Zeit und Lust auf das Kombinieren von Balkenabst\u00e4nden und St\u00fcckgr\u00f6\u00dfen hat, der sollte auf unser Modul Entfernungsmesser setzen!<\/p>\n<h2>Highlight\u00a0Entfernungsmesser:<\/h2>\n<p>Pr\u00e4zise Entfernungsmessung zwischen zwei beliebigen Punkten oder\u00a0der eigenen Position z. B. zum Wild.<\/p>\n<p><strong>Und so einfach funktioniert der Entfernungsmesser:<\/strong><\/p>\n<ul>\n<li>Nach Start des Reviermoduls und der Auswahl des Reviers\u00a0\u00f6ffnet sich die Revierkarte (Satellitenansicht).<\/li>\n<li>W\u00e4hlen Sie in der Men\u00fcleiste unten das Lineal-Symbol f\u00fcr den Entfernungsmesser.<\/li>\n<li>Der\u00a0Startpunkt f\u00fcr die Messung ist der aktuelle Standort (blauer Punkt auf der Karte), der aber einfach mit dem Finger zu jeder beliebigen Position verschoben werden kann.<\/li>\n<li>Die Auswahl des Endpunkts der Messung erfolgt durch\u00a0einfaches Tippen auf die gew\u00fcnschte Position in\u00a0Karte. Der Endpunkt wird mit einem roten Punkt markiert.<\/li>\n<li>Als Ergebnis der Messung wird die Entfernung der beiden Punkte (Luftlinie) in der Ma\u00dfeinheit des jeweiligen Landes angezeigt.<\/li>\n<\/ul>\n<p>[\/vc_column_text][\/vc_column][vc_column width=&#8221;7\/12&#8243;][vc_empty_space][vc_single_image image=&#8221;1668&#8243; img_size=&#8221;large&#8221; alignment=&#8221;center&#8221;][\/vc_column][\/vc_row]<\/p>","protected":false},"excerpt":{"rendered":"<p>Disculpa, pero esta entrada est\u00e1 disponible s\u00f3lo en Alem\u00e1n, Ingl\u00e9s Estadounidense, Franc\u00e9s y Italiano. For the sake of viewer convenience, the content is shown below in this site default language. You may click one of the links to switch the site language to another available language.[vc_row][vc_column width=&#8221;5\/12&#8243;][vc_column_text] Entfernungsmesser Ob Reh, Rotwild oder Schwarzwild: Entfernungen richtig [&hellip;]<\/p>\n","protected":false},"author":4,"featured_media":0,"parent":42,"menu_order":5,"comment_status":"closed","ping_status":"closed","template":"","meta":[],"_links":{"self":[{"href":"https:\/\/huntersmapp.com\/es\/wp-json\/wp\/v2\/pages\/204"}],"collection":[{"href":"https:\/\/huntersmapp.com\/es\/wp-json\/wp\/v2\/pages"}],"about":[{"href":"https:\/\/huntersmapp.com\/es\/wp-json\/wp\/v2\/types\/page"}],"author":[{"embeddable":true,"href":"https:\/\/huntersmapp.com\/es\/wp-json\/wp\/v2\/users\/4"}],"replies":[{"embeddable":true,"href":"https:\/\/huntersmapp.com\/es\/wp-json\/wp\/v2\/comments?post=204"}],"version-history":[{"count":27,"href":"https:\/\/huntersmapp.com\/es\/wp-json\/wp\/v2\/pages\/204\/revisions"}],"predecessor-version":[{"id":2099,"href":"https:\/\/huntersmapp.com\/es\/wp-json\/wp\/v2\/pages\/204\/revisions\/2099"}],"up":[{"embeddable":true,"href":"https:\/\/huntersmapp.com\/es\/wp-json\/wp\/v2\/pages\/42"}],"wp:attachment":[{"href":"https:\/\/huntersmapp.com\/es\/wp-json\/wp\/v2\/media?parent=204"}],"curies":[{"name":"wp","href":"https:\/\/api.w.org\/{rel}","templated":true}]}}