{"id":2112,"date":"2019-01-04T17:53:01","date_gmt":"2019-01-04T16:53:01","guid":{"rendered":"https:\/\/huntersmapp.com\/?page_id=2112"},"modified":"2019-01-04T17:55:47","modified_gmt":"2019-01-04T16:55:47","slug":"cloud-2","status":"publish","type":"page","link":"https:\/\/huntersmapp.com\/es\/extras\/cloud-2\/","title":{"rendered":"(Deutsch) Cloud"},"content":{"rendered":"<p class=\"qtranxs-available-languages-message qtranxs-available-languages-message-es\">Disculpa, pero esta entrada est\u00e1 disponible s\u00f3lo en <a href=\"https:\/\/huntersmapp.com\/de\/wp-json\/wp\/v2\/pages\/2112\" class=\"qtranxs-available-language-link qtranxs-available-language-link-de\" title=\"Deutsch\">Alem\u00e1n<\/a>. For the sake of viewer convenience, the content is shown below in the alternative language. You may click the link to switch the active language.<\/p><p>[vc_row][vc_column width=&#8221;5\/12&#8243;][vc_column_text]<\/p>\n<h1>HuntersMapp Cloud-Speicher<\/h1>\n<p>Ob rein zur Datensicherung oder bei einem Ger\u00e4tewechsel oder auch zur Nutzung der Nuzterdaten auf einem Zweitger\u00e4t, mit unsere Cloud sind Sie auf der sicheren Seite!<\/p>\n<h2>Highlights Cloud-Speicher<\/h2>\n<ul>\n<li>Im Men\u00fcpunkt &#8220;Konto&#8221; k\u00f6nnen Sie ein Backup Ihrer pers\u00f6nlichen Nutzerdaten erstellen und bei Bedarf wieder einspielen<\/li>\n<li>Folgen Nutzerdaten werden auf unserer Cloud gespeichert: Pers\u00f6nliche Kontoeinstellungen, Chats inkl. Chatgruppen, Gesellschaftsjagden, Revierdaten, Tagebucheintr\u00e4ge, Ausr\u00fcstungseintr\u00e4ge und Abschusspl\u00e4ne<\/li>\n<li>\u00dcbertragen Sie die Daten auf ein Zweitger\u00e4t (z.B. Tablet \/ iPad) um z. B. eine Gesellschaftsjagd ganz \u00fcbersichtlich auf einem gro\u00dfen Display aus zu planen.<\/li>\n<\/ul>\n<p>&nbsp;<\/p>\n<p>&nbsp;<\/p>\n<p>[\/vc_column_text][\/vc_column][vc_column width=&#8221;7\/12&#8243;][vc_single_image image=&#8221;2043&#8243; img_size=&#8221;large&#8221;][\/vc_column][\/vc_row]<\/p>","protected":false},"excerpt":{"rendered":"<p>Disculpa, pero esta entrada est\u00e1 disponible s\u00f3lo en Alem\u00e1n. For the sake of viewer convenience, the content is shown below in the alternative language. You may click the link to switch the active language.[vc_row][vc_column width=&#8221;5\/12&#8243;][vc_column_text] HuntersMapp Cloud-Speicher Ob rein zur Datensicherung oder bei einem Ger\u00e4tewechsel oder auch zur Nutzung der Nuzterdaten auf einem Zweitger\u00e4t, mit [&hellip;]<\/p>\n","protected":false},"author":4,"featured_media":0,"parent":159,"menu_order":3,"comment_status":"closed","ping_status":"closed","template":"","meta":[],"_links":{"self":[{"href":"https:\/\/huntersmapp.com\/es\/wp-json\/wp\/v2\/pages\/2112"}],"collection":[{"href":"https:\/\/huntersmapp.com\/es\/wp-json\/wp\/v2\/pages"}],"about":[{"href":"https:\/\/huntersmapp.com\/es\/wp-json\/wp\/v2\/types\/page"}],"author":[{"embeddable":true,"href":"https:\/\/huntersmapp.com\/es\/wp-json\/wp\/v2\/users\/4"}],"replies":[{"embeddable":true,"href":"https:\/\/huntersmapp.com\/es\/wp-json\/wp\/v2\/comments?post=2112"}],"version-history":[{"count":3,"href":"https:\/\/huntersmapp.com\/es\/wp-json\/wp\/v2\/pages\/2112\/revisions"}],"predecessor-version":[{"id":2116,"href":"https:\/\/huntersmapp.com\/es\/wp-json\/wp\/v2\/pages\/2112\/revisions\/2116"}],"up":[{"embeddable":true,"href":"https:\/\/huntersmapp.com\/es\/wp-json\/wp\/v2\/pages\/159"}],"wp:attachment":[{"href":"https:\/\/huntersmapp.com\/es\/wp-json\/wp\/v2\/media?parent=2112"}],"curies":[{"name":"wp","href":"https:\/\/api.w.org\/{rel}","templated":true}]}}