{"id":214,"date":"2017-01-27T11:21:00","date_gmt":"2017-01-27T10:21:00","guid":{"rendered":"http:\/\/huntersmapp.com\/?page_id=214"},"modified":"2018-10-08T10:43:44","modified_gmt":"2018-10-08T08:43:44","slug":"versionen","status":"publish","type":"page","link":"https:\/\/huntersmapp.com\/es\/versionen\/","title":{"rendered":"(Deutsch) Preis"},"content":{"rendered":"<p class=\"qtranxs-available-languages-message qtranxs-available-languages-message-es\">Disculpa, pero esta entrada est\u00e1 disponible s\u00f3lo en <a href=\"https:\/\/huntersmapp.com\/de\/wp-json\/wp\/v2\/pages\/214\" class=\"qtranxs-available-language-link qtranxs-available-language-link-de\" title=\"Deutsch\">Alem\u00e1n<\/a>, <a href=\"https:\/\/huntersmapp.com\/en\/wp-json\/wp\/v2\/pages\/214\" class=\"qtranxs-available-language-link qtranxs-available-language-link-en\" title=\"English\">Ingl\u00e9s Estadounidense<\/a>, <a href=\"https:\/\/huntersmapp.com\/fr\/wp-json\/wp\/v2\/pages\/214\" class=\"qtranxs-available-language-link qtranxs-available-language-link-fr\" title=\"Fran\u00e7ais\">Franc\u00e9s<\/a> y <a href=\"https:\/\/huntersmapp.com\/it\/wp-json\/wp\/v2\/pages\/214\" class=\"qtranxs-available-language-link qtranxs-available-language-link-it\" title=\"Italiano\">Italiano<\/a>. For the sake of viewer convenience, the content is shown below in this site default language. You may click one of the links to switch the site language to another available language.<\/p><p>[vc_row][vc_column width=&#8221;5\/12&#8243;][vc_column_text]<\/p>\n<h1>HunterMapp Versionen<\/h1>\n<p>Laden Sie sich die HuntersMapp aus den entsprechenden Stores (APP Store bzw. Google Play Store) herunter und starten Sie die App!<\/p>\n<p><strong>In-App-Purchase:<\/strong><\/p>\n<p>In der App k\u00f6nnen Sie sich dann entscheiden, ob Sie die Gratis-Version, den HuntersMapp-Viewer oder die Vollversion, die HuntersMapp Pro nutzen wollen!<\/p>\n<p><strong>Erfahren Sie mehr \u00fcber die verf\u00fcgbaren Versionen:<\/strong><\/p>\n<p><a href=\"http:\/\/huntersmapp.com\/versionen\/huntersmapp-pro\/\">HuntersMapp Pro<\/a><\/p>\n<p><a href=\"http:\/\/huntersmapp.com\/versionen\/viewer\/\">HuntersMapp Viewer (Gratis-Version)<\/a><\/p>\n<p>[\/vc_column_text][\/vc_column][vc_column width=&#8221;7\/12&#8243;][vc_single_image image=&#8221;1191&#8243; img_size=&#8221;large&#8221;][\/vc_column][\/vc_row]<\/p>","protected":false},"excerpt":{"rendered":"<p>Disculpa, pero esta entrada est\u00e1 disponible s\u00f3lo en Alem\u00e1n, Ingl\u00e9s Estadounidense, Franc\u00e9s y Italiano. For the sake of viewer convenience, the content is shown below in this site default language. You may click one of the links to switch the site language to another available language.[vc_row][vc_column width=&#8221;5\/12&#8243;][vc_column_text] HunterMapp Versionen Laden Sie sich die HuntersMapp aus [&hellip;]<\/p>\n","protected":false},"author":4,"featured_media":0,"parent":0,"menu_order":0,"comment_status":"closed","ping_status":"closed","template":"","meta":[],"_links":{"self":[{"href":"https:\/\/huntersmapp.com\/es\/wp-json\/wp\/v2\/pages\/214"}],"collection":[{"href":"https:\/\/huntersmapp.com\/es\/wp-json\/wp\/v2\/pages"}],"about":[{"href":"https:\/\/huntersmapp.com\/es\/wp-json\/wp\/v2\/types\/page"}],"author":[{"embeddable":true,"href":"https:\/\/huntersmapp.com\/es\/wp-json\/wp\/v2\/users\/4"}],"replies":[{"embeddable":true,"href":"https:\/\/huntersmapp.com\/es\/wp-json\/wp\/v2\/comments?post=214"}],"version-history":[{"count":53,"href":"https:\/\/huntersmapp.com\/es\/wp-json\/wp\/v2\/pages\/214\/revisions"}],"predecessor-version":[{"id":1922,"href":"https:\/\/huntersmapp.com\/es\/wp-json\/wp\/v2\/pages\/214\/revisions\/1922"}],"wp:attachment":[{"href":"https:\/\/huntersmapp.com\/es\/wp-json\/wp\/v2\/media?parent=214"}],"curies":[{"name":"wp","href":"https:\/\/api.w.org\/{rel}","templated":true}]}}