{"id":28,"date":"2017-01-20T10:31:03","date_gmt":"2017-01-20T09:31:03","guid":{"rendered":"http:\/\/huntersmapp.com\/?page_id=28"},"modified":"2018-07-20T10:59:36","modified_gmt":"2018-07-20T08:59:36","slug":"kommunikation","status":"publish","type":"page","link":"https:\/\/huntersmapp.com\/es\/kommunikation\/","title":{"rendered":"(Deutsch) Kommunikation"},"content":{"rendered":"<p class=\"qtranxs-available-languages-message qtranxs-available-languages-message-es\">Disculpa, pero esta entrada est\u00e1 disponible s\u00f3lo en <a href=\"https:\/\/huntersmapp.com\/de\/wp-json\/wp\/v2\/pages\/28\" class=\"qtranxs-available-language-link qtranxs-available-language-link-de\" title=\"Deutsch\">Alem\u00e1n<\/a>, <a href=\"https:\/\/huntersmapp.com\/en\/wp-json\/wp\/v2\/pages\/28\" class=\"qtranxs-available-language-link qtranxs-available-language-link-en\" title=\"English\">Ingl\u00e9s Estadounidense<\/a>, <a href=\"https:\/\/huntersmapp.com\/fr\/wp-json\/wp\/v2\/pages\/28\" class=\"qtranxs-available-language-link qtranxs-available-language-link-fr\" title=\"Fran\u00e7ais\">Franc\u00e9s<\/a> y <a href=\"https:\/\/huntersmapp.com\/it\/wp-json\/wp\/v2\/pages\/28\" class=\"qtranxs-available-language-link qtranxs-available-language-link-it\" title=\"Italiano\">Italiano<\/a>. For the sake of viewer convenience, the content is shown below in this site default language. You may click one of the links to switch the site language to another available language.<\/p><p>[vc_row][vc_column width=&#8221;5\/12&#8243;][vc_column_text]<\/p>\n<h1>Kommunikation<\/h1>\n<p>Mit unserem speziellen <a href=\"http:\/\/huntersmapp.com\/kommunikation\/messenger\/\">Jagd-Messenger<\/a> bleiben Sie immer in Kontakt mit Ihren Jagdfreunden und Gleichgesinnten. Ob Treib-, Dr\u00fcck- oder St\u00f6berjagd: Planen Sie Gesellschaftsjagden ganz bequem und laden Sie Ihre besten Freunde dazu ein!<\/p>\n<ul>\n<li>Immer in Kontakt mit Ihren Freunden bleiben \u2013 auch dann, wenn mal kein \u00f6ffentliches Netz zur Verf\u00fcgung steht \u2013 die integrierte <a href=\"http:\/\/huntersmapp.com\/kommunikation\/peer-to-peer\/\">Peer-to-Peer Technik<\/a>\u00a0macht`s m\u00f6glich!<\/li>\n<li>Erhalten Sie aktuelle <a href=\"http:\/\/huntersmapp.com\/kommunikation\/jagdnews\/\">Jagd-News<\/a> u. a. aus den Bereichen Jagdrecht, Waffenrecht von Waffenverb\u00e4nden, Jagdverb\u00e4nden und Jagdmedien direkt auf Ihr Mobiltelefon gepusht.<\/li>\n<li>Mit dem <a href=\"http:\/\/huntersmapp.com\/kommunikation\/sos-modul\/\">SOS \u2013 Modul<\/a> k\u00f6nnen Sie per SOS-Button direkt Hilfe rufen. Die App greift hierbei auf die Notruffunktion Ihres Mobiltelefons zur\u00fcck.<\/li>\n<\/ul>\n<p>[\/vc_column_text][\/vc_column][vc_column width=&#8221;7\/12&#8243;][vc_empty_space height=&#8221;30&#8243;][vc_single_image image=&#8221;1679&#8243; img_size=&#8221;large&#8221; alignment=&#8221;center&#8221;][\/vc_column][\/vc_row]<\/p>","protected":false},"excerpt":{"rendered":"<p>Disculpa, pero esta entrada est\u00e1 disponible s\u00f3lo en Alem\u00e1n, Ingl\u00e9s Estadounidense, Franc\u00e9s y Italiano. For the sake of viewer convenience, the content is shown below in this site default language. You may click one of the links to switch the site language to another available language.[vc_row][vc_column width=&#8221;5\/12&#8243;][vc_column_text] Kommunikation Mit unserem speziellen Jagd-Messenger bleiben Sie immer [&hellip;]<\/p>\n","protected":false},"author":1,"featured_media":0,"parent":0,"menu_order":1,"comment_status":"closed","ping_status":"closed","template":"","meta":[],"_links":{"self":[{"href":"https:\/\/huntersmapp.com\/es\/wp-json\/wp\/v2\/pages\/28"}],"collection":[{"href":"https:\/\/huntersmapp.com\/es\/wp-json\/wp\/v2\/pages"}],"about":[{"href":"https:\/\/huntersmapp.com\/es\/wp-json\/wp\/v2\/types\/page"}],"author":[{"embeddable":true,"href":"https:\/\/huntersmapp.com\/es\/wp-json\/wp\/v2\/users\/1"}],"replies":[{"embeddable":true,"href":"https:\/\/huntersmapp.com\/es\/wp-json\/wp\/v2\/comments?post=28"}],"version-history":[{"count":37,"href":"https:\/\/huntersmapp.com\/es\/wp-json\/wp\/v2\/pages\/28\/revisions"}],"predecessor-version":[{"id":1816,"href":"https:\/\/huntersmapp.com\/es\/wp-json\/wp\/v2\/pages\/28\/revisions\/1816"}],"wp:attachment":[{"href":"https:\/\/huntersmapp.com\/es\/wp-json\/wp\/v2\/media?parent=28"}],"curies":[{"name":"wp","href":"https:\/\/api.w.org\/{rel}","templated":true}]}}