{"id":32,"date":"2017-01-20T11:10:22","date_gmt":"2017-01-20T10:10:22","guid":{"rendered":"http:\/\/huntersmapp.com\/?page_id=32"},"modified":"2018-07-20T11:16:17","modified_gmt":"2018-07-20T09:16:17","slug":"jagdplaner","status":"publish","type":"page","link":"https:\/\/huntersmapp.com\/es\/jagdplaner\/","title":{"rendered":"(Deutsch) Jagd"},"content":{"rendered":"<p class=\"qtranxs-available-languages-message qtranxs-available-languages-message-es\">Disculpa, pero esta entrada est\u00e1 disponible s\u00f3lo en <a href=\"https:\/\/huntersmapp.com\/de\/wp-json\/wp\/v2\/pages\/32\" class=\"qtranxs-available-language-link qtranxs-available-language-link-de\" title=\"Deutsch\">Alem\u00e1n<\/a>, <a href=\"https:\/\/huntersmapp.com\/en\/wp-json\/wp\/v2\/pages\/32\" class=\"qtranxs-available-language-link qtranxs-available-language-link-en\" title=\"English\">Ingl\u00e9s Estadounidense<\/a>, <a href=\"https:\/\/huntersmapp.com\/fr\/wp-json\/wp\/v2\/pages\/32\" class=\"qtranxs-available-language-link qtranxs-available-language-link-fr\" title=\"Fran\u00e7ais\">Franc\u00e9s<\/a> y <a href=\"https:\/\/huntersmapp.com\/it\/wp-json\/wp\/v2\/pages\/32\" class=\"qtranxs-available-language-link qtranxs-available-language-link-it\" title=\"Italiano\">Italiano<\/a>. For the sake of viewer convenience, the content is shown below in this site default language. You may click one of the links to switch the site language to another available language.<\/p><p>[vc_row][vc_column width=&#8221;5\/12&#8243;][vc_column_text]<\/p>\n<h1>Jagd<\/h1>\n<p>Den untr\u00fcglichen J\u00e4ger-Instinkt erg\u00e4nzt um die richtige \u201eSp\u00fcrnase\u201c, das bringen Sie zur Jagd mit! Alles, was Sie sonst noch f\u00fcr die Jagd ben\u00f6tigen, finden Sie hier. Vom pr\u00e4zisen Jagdwetter bis hin zur Verteilung der J\u00e4ger auf die Jagdeinrichtungen\/St\u00e4nde sowie Zielpunktvorgaben f\u00fcr Treiber w\u00e4hrend der Jagd bleiben keine W\u00fcnsche offen:<\/p>\n<ul>\n<li><a href=\"http:\/\/huntersmapp.com\/jagdplaner\/jagdwetter\/\">Jagdwetter<\/a><\/li>\n<li><a href=\"http:\/\/huntersmapp.com\/jagdplaner\/jagdtagebuch\/\">Jagdtagebuch<\/a><\/li>\n<li><a href=\"http:\/\/huntersmapp.com\/jagdplaner\/lockrufe\/\">Lockrufe<\/a><\/li>\n<li><a href=\"http:\/\/huntersmapp.com\/jagdplaner\/einfache-jagd\/\">Einfache Jagd<\/a> (GPS, Landmarks)<\/li>\n<li><a href=\"http:\/\/huntersmapp.com\/jagdplaner\/organisierte-jagd\/\">Organisierte Jagd<\/a> (Organisation, GPS, Landmarks, Verteilung der J\u00e4ger auf St\u00e4nde, usw.)<\/li>\n<\/ul>\n<p><strong>Gut zu wissen:<\/strong> Alle in die Jagd eingeloggten Teilnehmer werden mittels ihres GPS Signals auf der Jagdkarte angezeigt.\u00a0Die Kommunikation (Text, Bilder, Positionsdaten) erfolgt mittels\u00a0HuntersMapp-Chat zwischen Personen und innerhalb Gruppen. Auch hier kommt die Peer-to-Peer Technik zum Einsatz.<\/p>\n<p><a href=\"http:\/\/huntersmapp.com\/kommunikation\/peer-to-peer\/\">Erfahren Sie mehr \u00fcber die Peer-to-Peer Technik<\/a>[\/vc_column_text][\/vc_column][vc_column width=&#8221;7\/12&#8243;][vc_empty_space height=&#8221;30&#8243;][vc_single_image image=&#8221;1672&#8243; img_size=&#8221;large&#8221;][\/vc_column][\/vc_row]<\/p>","protected":false},"excerpt":{"rendered":"<p>Disculpa, pero esta entrada est\u00e1 disponible s\u00f3lo en Alem\u00e1n, Ingl\u00e9s Estadounidense, Franc\u00e9s y Italiano. For the sake of viewer convenience, the content is shown below in this site default language. You may click one of the links to switch the site language to another available language.[vc_row][vc_column width=&#8221;5\/12&#8243;][vc_column_text] Jagd Den untr\u00fcglichen J\u00e4ger-Instinkt erg\u00e4nzt um die richtige [&hellip;]<\/p>\n","protected":false},"author":1,"featured_media":0,"parent":0,"menu_order":2,"comment_status":"closed","ping_status":"closed","template":"","meta":[],"_links":{"self":[{"href":"https:\/\/huntersmapp.com\/es\/wp-json\/wp\/v2\/pages\/32"}],"collection":[{"href":"https:\/\/huntersmapp.com\/es\/wp-json\/wp\/v2\/pages"}],"about":[{"href":"https:\/\/huntersmapp.com\/es\/wp-json\/wp\/v2\/types\/page"}],"author":[{"embeddable":true,"href":"https:\/\/huntersmapp.com\/es\/wp-json\/wp\/v2\/users\/1"}],"replies":[{"embeddable":true,"href":"https:\/\/huntersmapp.com\/es\/wp-json\/wp\/v2\/comments?post=32"}],"version-history":[{"count":35,"href":"https:\/\/huntersmapp.com\/es\/wp-json\/wp\/v2\/pages\/32\/revisions"}],"predecessor-version":[{"id":1837,"href":"https:\/\/huntersmapp.com\/es\/wp-json\/wp\/v2\/pages\/32\/revisions\/1837"}],"wp:attachment":[{"href":"https:\/\/huntersmapp.com\/es\/wp-json\/wp\/v2\/media?parent=32"}],"curies":[{"name":"wp","href":"https:\/\/api.w.org\/{rel}","templated":true}]}}