{"id":34,"date":"2017-01-20T11:10:58","date_gmt":"2017-01-20T10:10:58","guid":{"rendered":"http:\/\/huntersmapp.com\/?page_id=34"},"modified":"2019-09-12T08:54:42","modified_gmt":"2019-09-12T06:54:42","slug":"messenger","status":"publish","type":"page","link":"https:\/\/huntersmapp.com\/es\/kommunikation\/messenger\/","title":{"rendered":"(Deutsch) Messenger"},"content":{"rendered":"<p class=\"qtranxs-available-languages-message qtranxs-available-languages-message-es\">Disculpa, pero esta entrada est\u00e1 disponible s\u00f3lo en <a href=\"https:\/\/huntersmapp.com\/de\/wp-json\/wp\/v2\/pages\/34\" class=\"qtranxs-available-language-link qtranxs-available-language-link-de\" title=\"Deutsch\">Alem\u00e1n<\/a>, <a href=\"https:\/\/huntersmapp.com\/en\/wp-json\/wp\/v2\/pages\/34\" class=\"qtranxs-available-language-link qtranxs-available-language-link-en\" title=\"English\">Ingl\u00e9s Estadounidense<\/a>, <a href=\"https:\/\/huntersmapp.com\/fr\/wp-json\/wp\/v2\/pages\/34\" class=\"qtranxs-available-language-link qtranxs-available-language-link-fr\" title=\"Fran\u00e7ais\">Franc\u00e9s<\/a> y <a href=\"https:\/\/huntersmapp.com\/it\/wp-json\/wp\/v2\/pages\/34\" class=\"qtranxs-available-language-link qtranxs-available-language-link-it\" title=\"Italiano\">Italiano<\/a>. For the sake of viewer convenience, the content is shown below in this site default language. You may click one of the links to switch the site language to another available language.<\/p><p>[vc_row][vc_column width=&#8221;5\/12&#8243;][vc_column_text]<\/p>\n<h1>Messenger<\/h1>\n<p>Kennen Sie ein besseres Erfolgsrezept, um Menschen f\u00fcr eine Sache zu begeistern als die direkte Kommunikation? Unser Jagd-Messenger er\u00f6ffnet Ihnen f\u00fcr die Kommunikation unter Jagdfreunden zahlreiche Funktionen&#8230;<\/p>\n<h2>Die Messenger-Highlights auf einen Blick:<\/h2>\n<ul>\n<li>Chatten Sie mit Jagdfreunden nach Lust und Laune per HuntersMapp-Chat<\/li>\n<li>Mit dem JAGDMESSENGER versenden\u00a0k\u00f6nnen Sie viele Informationen ganz einfach an Ihre Jagdfreunde schicken:\n<ul>\n<li>Textnachrichten<\/li>\n<li>Bilder<\/li>\n<li>Jagdreviere<\/li>\n<li>Tagebucheintr\u00e4ge<\/li>\n<li>Ausr\u00fcstungsgegenst\u00e4nde (z.B. von Ihrem Wunschzettel)<\/li>\n<li>Abschusspl\u00e4ne<\/li>\n<li>GPS-Daten<\/li>\n<\/ul>\n<\/li>\n<li>Ein im Messenger integriertes Adressbuch zeigt ihnen alle Jagdfreunde, die HuntersMapp auf ihrem Ger\u00e4t\u00a0installiert haben. Einfach gew\u00fcnschten Jagdfreund ausw\u00e4hlen und loslegen.<\/li>\n<\/ul>\n<p>Alle ihre Jagdfreunde, die HuntersMapp noch nicht auf ihrem Mobiltelefon installiert haben, k\u00f6nnen Sie ganz einfach dazu einladen, sich den\u00a0Gratis-Viewer zum einfachen Chatten und weiteren Gratisfunktionen herunterzuladen.<\/p>\n<p><strong>Und so funktioniert die Messenger-Kommunikation:<\/strong><\/p>\n<ul>\n<li>Kommunikation \u00fcber \u00f6ffentliche Netze (Telefon, Internet)<\/li>\n<li>Kommunikation ohne \u00f6ffentliche Netze,\n<ul>\n<li>\u00fcber <a href=\"http:\/\/huntersmapp.com\/kommunikation\/peer-to-peer\/\">Peer-to-Peer<\/a>, ohne zus\u00e4tzliche Hardware (geringe Reichweite)<\/li>\n<li>\u00fcber <a href=\"http:\/\/huntersmapp.com\/kommunikation\/peer-to-peer\/\">Peer-to-Peer<\/a>, mit zus\u00e4tzlicher Hardwareunterst\u00fctzung (Reichweite bis zum 5 km)<\/li>\n<\/ul>\n<\/li>\n<\/ul>\n<p>[\/vc_column_text][\/vc_column][vc_column width=&#8221;7\/12&#8243;][vc_empty_space height=&#8221;30&#8243;][vc_single_image image=&#8221;1679&#8243; img_size=&#8221;large&#8221;][\/vc_column][\/vc_row]<\/p>","protected":false},"excerpt":{"rendered":"<p>Disculpa, pero esta entrada est\u00e1 disponible s\u00f3lo en Alem\u00e1n, Ingl\u00e9s Estadounidense, Franc\u00e9s y Italiano. For the sake of viewer convenience, the content is shown below in this site default language. You may click one of the links to switch the site language to another available language.[vc_row][vc_column width=&#8221;5\/12&#8243;][vc_column_text] Messenger Kennen Sie ein besseres Erfolgsrezept, um Menschen [&hellip;]<\/p>\n","protected":false},"author":1,"featured_media":0,"parent":28,"menu_order":1,"comment_status":"closed","ping_status":"closed","template":"","meta":[],"_links":{"self":[{"href":"https:\/\/huntersmapp.com\/es\/wp-json\/wp\/v2\/pages\/34"}],"collection":[{"href":"https:\/\/huntersmapp.com\/es\/wp-json\/wp\/v2\/pages"}],"about":[{"href":"https:\/\/huntersmapp.com\/es\/wp-json\/wp\/v2\/types\/page"}],"author":[{"embeddable":true,"href":"https:\/\/huntersmapp.com\/es\/wp-json\/wp\/v2\/users\/1"}],"replies":[{"embeddable":true,"href":"https:\/\/huntersmapp.com\/es\/wp-json\/wp\/v2\/comments?post=34"}],"version-history":[{"count":51,"href":"https:\/\/huntersmapp.com\/es\/wp-json\/wp\/v2\/pages\/34\/revisions"}],"predecessor-version":[{"id":2594,"href":"https:\/\/huntersmapp.com\/es\/wp-json\/wp\/v2\/pages\/34\/revisions\/2594"}],"up":[{"embeddable":true,"href":"https:\/\/huntersmapp.com\/es\/wp-json\/wp\/v2\/pages\/28"}],"wp:attachment":[{"href":"https:\/\/huntersmapp.com\/es\/wp-json\/wp\/v2\/media?parent=34"}],"curies":[{"name":"wp","href":"https:\/\/api.w.org\/{rel}","templated":true}]}}