{"id":371,"date":"2017-02-27T14:43:20","date_gmt":"2017-02-27T13:43:20","guid":{"rendered":"http:\/\/huntersmapp.com\/?page_id=371"},"modified":"2019-12-04T16:55:55","modified_gmt":"2019-12-04T15:55:55","slug":"presse","status":"publish","type":"page","link":"https:\/\/huntersmapp.com\/es\/presse\/","title":{"rendered":"(Deutsch) Presse"},"content":{"rendered":"<p class=\"qtranxs-available-languages-message qtranxs-available-languages-message-es\">Disculpa, pero esta entrada est\u00e1 disponible s\u00f3lo en <a href=\"https:\/\/huntersmapp.com\/de\/wp-json\/wp\/v2\/pages\/371\" class=\"qtranxs-available-language-link qtranxs-available-language-link-de\" title=\"Deutsch\">Alem\u00e1n<\/a>, <a href=\"https:\/\/huntersmapp.com\/en\/wp-json\/wp\/v2\/pages\/371\" class=\"qtranxs-available-language-link qtranxs-available-language-link-en\" title=\"English\">Ingl\u00e9s Estadounidense<\/a>, <a href=\"https:\/\/huntersmapp.com\/fr\/wp-json\/wp\/v2\/pages\/371\" class=\"qtranxs-available-language-link qtranxs-available-language-link-fr\" title=\"Fran\u00e7ais\">Franc\u00e9s<\/a> y <a href=\"https:\/\/huntersmapp.com\/it\/wp-json\/wp\/v2\/pages\/371\" class=\"qtranxs-available-language-link qtranxs-available-language-link-it\" title=\"Italiano\">Italiano<\/a>. For the sake of viewer convenience, the content is shown below in this site default language. You may click one of the links to switch the site language to another available language.<\/p><p>[vc_row][vc_column width=&#8221;6\/12&#8243;][vc_column_text]<\/p>\n<h1>HuntersMapp in der Presse<\/h1>\n<p>&nbsp;<\/p>\n<p><strong><a href=\"https:\/\/www.rwj-online.de\/rwj\/aktuelle-themen\/djv-nachrichten\/whatsapp-fur-jager_6_3158.html\">Hessenj\u00e4ger (Ausgabe 12\/2019)<\/a><\/strong><\/p>\n<p><a href=\"https:\/\/www.yumpu.com\/de\/document\/read\/62950648\/hessenjaeger-12-2019-e-paper\">HuntersMapp\u00a0das &#8220;WhatsApp&#8221; f\u00fcr J\u00e4ger (Artikel auf Seite 34 -35)<\/a><\/p>\n<p><a href=\"https:\/\/www.rwj-online.de\/rwj\/aktuelle-themen\/djv-nachrichten\/whatsapp-fur-jager_6_3158.html\">Dezember 2019<\/a><\/p>\n<p>&nbsp;<\/p>\n<p>&nbsp;<\/p>\n<p>&nbsp;<\/p>\n<p><strong><a href=\"https:\/\/www.rwj-online.de\/rwj\/aktuelle-themen\/djv-nachrichten\/whatsapp-fur-jager_6_3158.html\">Rheinisch-Westf\u00e4lischer J\u00e4ger (Ausgabe 10\/2018)<\/a><\/strong><\/p>\n<p><a href=\"https:\/\/www.rwj-online.de\/rwj\/aktuelle-themen\/djv-nachrichten\/whatsapp-fur-jager_6_3158.html\">DJV startet Zusammenarbeit mit HuntersMapp<\/a><\/p>\n<p><a href=\"https:\/\/www.rwj-online.de\/rwj\/aktuelle-themen\/djv-nachrichten\/whatsapp-fur-jager_6_3158.html\">Oktober 2018<\/a><\/p>\n<p>&nbsp;<\/p>\n<p>&nbsp;<\/p>\n<p>&nbsp;<\/p>\n<p><strong><a href=\"https:\/\/huntersmapp.com\/wp-content\/uploads\/2018\/09\/74_75-LW1918_Jagd_HuntersMapp.pdf\" target=\"_blank\" rel=\"noopener noreferrer\">LANDWIRT (Ausgabe 19\/2018),<\/a><\/strong><\/p>\n<p><a href=\"https:\/\/huntersmapp.com\/wp-content\/uploads\/2018\/09\/74_75-LW1918_Jagd_HuntersMapp.pdf\" target=\"_blank\" rel=\"noopener noreferrer\"> &#8220;Auf der Jagd mit der HuntersMapp&#8221;, <\/a><\/p>\n<p><a href=\"https:\/\/huntersmapp.com\/wp-content\/uploads\/2018\/09\/74_75-LW1918_Jagd_HuntersMapp.pdf\" target=\"_blank\" rel=\"noopener noreferrer\">September 2018<\/a><\/p>\n<p>&nbsp;<\/p>\n<p>&nbsp;<\/p>\n<p>&nbsp;<\/p>\n<p>&nbsp;<\/p>\n<p><a href=\"http:\/\/www.ljv-mecklenburg-vorpommern.de\/Aktuelles-und-Termine\/-Das-WhatsApp-f\u00fcr-J\u00e4ger-.php?object=tx,2162.1.1&amp;ModID=7&amp;FID=2162.516.1\"><strong>LANDESJAGDVERBAND MECKLENBURG-VORPOMMERN<\/strong><\/a><\/p>\n<p><a href=\"http:\/\/www.ljv-mecklenburg-vorpommern.de\/Aktuelles-und-Termine\/-Das-WhatsApp-f\u00fcr-J\u00e4ger-.php?object=tx,2162.1.1&amp;ModID=7&amp;FID=2162.516.1\">&#8220;Das WhatsApp f\u00fcr J\u00e4ger&#8221;<\/a><\/p>\n<p><a href=\"http:\/\/www.ljv-mecklenburg-vorpommern.de\/Aktuelles-und-Termine\/-Das-WhatsApp-f\u00fcr-J\u00e4ger-.php?object=tx,2162.1.1&amp;ModID=7&amp;FID=2162.516.1\">September 2018<\/a><\/p>\n<p>&nbsp;<\/p>\n<p>&nbsp;<\/p>\n<p>&nbsp;<\/p>\n<p>&nbsp;<\/p>\n<p><strong><a href=\"https:\/\/www.jagdverband.de\/content\/das-whatsapp-f\u00fcr-j\u00e4ger\" target=\"_blank\" rel=\"noopener noreferrer\">DEUTSCHER JAGDVERBAND (Aktuelles): <\/a><\/strong><\/p>\n<p><a href=\"https:\/\/www.jagdverband.de\/content\/das-whatsapp-f\u00fcr-j\u00e4ger\" target=\"_blank\" rel=\"noopener noreferrer\">&#8220;Das WhatsApp f\u00fcr J\u00e4ger&#8221;, <\/a><\/p>\n<p><a href=\"https:\/\/www.jagdverband.de\/content\/das-whatsapp-f\u00fcr-j\u00e4ger\" target=\"_blank\" rel=\"noopener noreferrer\">September 2018<\/a><\/p>\n<p>&nbsp;<\/p>\n<p>&nbsp;<\/p>\n<p>&nbsp;<\/p>\n<p>&nbsp;<\/p>\n<p><strong><a href=\"http:\/\/blog.geartester.de\/?p=1821\" target=\"_blank\" rel=\"noopener noreferrer\">GEARTESTER (Blogbeitrag):<\/a><\/strong><\/p>\n<p><a href=\"http:\/\/blog.geartester.de\/?p=1821\" target=\"_blank\" rel=\"noopener noreferrer\">&#8220;Die HuntersMapp, ein WhatsApp f\u00fcr J\u00e4ger&#8221;,<\/a><\/p>\n<p><a href=\"http:\/\/blog.geartester.de\/?p=1821\" target=\"_blank\" rel=\"noopener noreferrer\"> Januar 2018<\/a><\/p>\n<p>&nbsp;<\/p>\n<p>&nbsp;<\/p>\n<p>&nbsp;<\/p>\n<p>&nbsp;<\/p>\n<p><strong><a href=\"http:\/\/www.hallertau.info\/index.php?StoryID=67&amp;newsid=102447\" target=\"_blank\" rel=\"noopener noreferrer\">HALLERTAU.INFO,<\/a><\/strong><\/p>\n<p><a href=\"http:\/\/www.hallertau.info\/index.php?StoryID=67&amp;newsid=102447\" target=\"_blank\" rel=\"noopener noreferrer\">&#8220;APP statt Jagdhorn&#8221; <\/a><\/p>\n<p><a href=\"http:\/\/www.hallertau.info\/index.php?StoryID=67&amp;newsid=102447\" target=\"_blank\" rel=\"noopener noreferrer\">Dezember 2017<\/a><\/p>\n<p>&nbsp;<\/p>\n<p>&nbsp;<\/p>\n<p>&nbsp;<\/p>\n<p>&nbsp;<\/p>\n<p><strong><a href=\"http:\/\/wirjagen.gibona.com\/de\/article_parts\/detail\/?id=906\" target=\"_blank\" rel=\"noopener noreferrer\">WIR JAGEN (Ausgabe 08\/2017), <\/a><\/strong><\/p>\n<p><a href=\"http:\/\/wirjagen.gibona.com\/de\/article_parts\/detail\/?id=906\" target=\"_blank\" rel=\"noopener noreferrer\">HuntersMapp &#8211; Produkttest,<\/a><\/p>\n<p><a href=\"http:\/\/wirjagen.gibona.com\/de\/article_parts\/detail\/?id=906\" target=\"_blank\" rel=\"noopener noreferrer\">August 2017<\/a>[\/vc_column_text][\/vc_column][vc_column width=&#8221;1\/12&#8243;][\/vc_column][vc_column width=&#8221;2\/12&#8243;][vc_empty_space height=&#8221;50px&#8221;][vc_row_inner][vc_column_inner][\/vc_column_inner][\/vc_row_inner][vc_row_inner][vc_column_inner][\/vc_column_inner][\/vc_row_inner][vc_single_image image=&#8221;2752&#8243; img_size=&#8221;full&#8221; alignment=&#8221;right&#8221; style=&#8221;vc_box_outline&#8221; border_color=&#8221;black&#8221; onclick=&#8221;custom_link&#8221; img_link_target=&#8221;_blank&#8221; link=&#8221;https:\/\/www.yumpu.com\/de\/document\/read\/62950648\/hessenjaeger-12-2019-e-paper&#8221;][vc_single_image image=&#8221;1924&#8243; img_size=&#8221;full&#8221; style=&#8221;vc_box_outline&#8221; border_color=&#8221;black&#8221; onclick=&#8221;custom_link&#8221; img_link_target=&#8221;_blank&#8221; link=&#8221;https:\/\/www.rwj-online.de\/rwj\/aktuelle-themen\/djv-nachrichten\/whatsapp-fur-jager_6_3158.html&#8221;][vc_single_image image=&#8221;1886&#8243; img_size=&#8221;full&#8221; style=&#8221;vc_box_outline&#8221; border_color=&#8221;black&#8221; onclick=&#8221;custom_link&#8221; img_link_target=&#8221;_blank&#8221; link=&#8221;https:\/\/huntersmapp.com\/wp-content\/uploads\/2018\/09\/74_75-LW1918_Jagd_HuntersMapp.pdf&#8221;][vc_single_image image=&#8221;1916&#8243; img_size=&#8221;full&#8221; style=&#8221;vc_box_outline&#8221; border_color=&#8221;black&#8221; onclick=&#8221;custom_link&#8221; img_link_target=&#8221;_blank&#8221; link=&#8221;http:\/\/www.ljv-mecklenburg-vorpommern.de\/Aktuelles-und-Termine\/-Das-WhatsApp-f\u00fcr-J\u00e4ger-.php?object=tx,2162.1.1&amp;ModID=7&amp;FID=2162.516.1&#8243;][vc_single_image image=&#8221;1897&#8243; img_size=&#8221;full&#8221; style=&#8221;vc_box_outline&#8221; border_color=&#8221;black&#8221; onclick=&#8221;custom_link&#8221; img_link_target=&#8221;_blank&#8221; link=&#8221;https:\/\/www.jagdverband.de\/content\/das-whatsapp-f\u00fcr-j\u00e4ger&#8221;][vc_single_image image=&#8221;1900&#8243; img_size=&#8221;full&#8221; style=&#8221;vc_box_outline&#8221; border_color=&#8221;black&#8221; onclick=&#8221;custom_link&#8221; img_link_target=&#8221;_blank&#8221; link=&#8221;http:\/\/blog.geartester.de\/?p=1821&#8243;][vc_single_image image=&#8221;1901&#8243; img_size=&#8221;full&#8221; style=&#8221;vc_box_outline&#8221; border_color=&#8221;black&#8221; onclick=&#8221;custom_link&#8221; img_link_target=&#8221;_blank&#8221; link=&#8221;http:\/\/www.hallertau.info\/index.php?StoryID=67&amp;newsid=102447&#8243;][vc_single_image image=&#8221;1902&#8243; img_size=&#8221;full&#8221; style=&#8221;vc_box_outline&#8221; border_color=&#8221;black&#8221; onclick=&#8221;custom_link&#8221; img_link_target=&#8221;_blank&#8221; link=&#8221;http:\/\/wirjagen.gibona.com\/de\/article_parts\/detail\/?id=906&#8243;][\/vc_column][vc_column width=&#8221;2\/12&#8243;][\/vc_column][\/vc_row]<\/p>","protected":false},"excerpt":{"rendered":"<p>Disculpa, pero esta entrada est\u00e1 disponible s\u00f3lo en Alem\u00e1n, Ingl\u00e9s Estadounidense, Franc\u00e9s y Italiano. For the sake of viewer convenience, the content is shown below in this site default language. You may click one of the links to switch the site language to another available language.[vc_row][vc_column width=&#8221;6\/12&#8243;][vc_column_text] HuntersMapp in der Presse &nbsp; Hessenj\u00e4ger (Ausgabe 12\/2019) [&hellip;]<\/p>\n","protected":false},"author":1,"featured_media":0,"parent":0,"menu_order":0,"comment_status":"closed","ping_status":"closed","template":"","meta":[],"_links":{"self":[{"href":"https:\/\/huntersmapp.com\/es\/wp-json\/wp\/v2\/pages\/371"}],"collection":[{"href":"https:\/\/huntersmapp.com\/es\/wp-json\/wp\/v2\/pages"}],"about":[{"href":"https:\/\/huntersmapp.com\/es\/wp-json\/wp\/v2\/types\/page"}],"author":[{"embeddable":true,"href":"https:\/\/huntersmapp.com\/es\/wp-json\/wp\/v2\/users\/1"}],"replies":[{"embeddable":true,"href":"https:\/\/huntersmapp.com\/es\/wp-json\/wp\/v2\/comments?post=371"}],"version-history":[{"count":53,"href":"https:\/\/huntersmapp.com\/es\/wp-json\/wp\/v2\/pages\/371\/revisions"}],"predecessor-version":[{"id":2753,"href":"https:\/\/huntersmapp.com\/es\/wp-json\/wp\/v2\/pages\/371\/revisions\/2753"}],"wp:attachment":[{"href":"https:\/\/huntersmapp.com\/es\/wp-json\/wp\/v2\/media?parent=371"}],"curies":[{"name":"wp","href":"https:\/\/api.w.org\/{rel}","templated":true}]}}