{"id":375,"date":"2017-02-27T14:43:54","date_gmt":"2017-02-27T13:43:54","guid":{"rendered":"http:\/\/huntersmapp.com\/?page_id=375"},"modified":"2019-01-28T14:55:15","modified_gmt":"2019-01-28T13:55:15","slug":"impressum","status":"publish","type":"page","link":"https:\/\/huntersmapp.com\/es\/impressum\/","title":{"rendered":"(Deutsch) Impressum"},"content":{"rendered":"<p>[vc_row][vc_column][vc_column_text]<\/p>\n<h1>Pie de imprenta (alem\u00e1n)<\/h1>\n<p><strong>Outlander LB GmbH<\/strong><br \/>\nBirketweg 12<br \/>\n85290 Geisenfeld<br \/>\nAlemania (Alem\u00e1n)<\/p>\n<p>tel\u00e9fono: 08452-7338620<br \/>\nCorreo electr\u00f3nico: Info@Outlander-LB.com<\/p>\n<p>Director General: Lechner, Alexander<br \/>\nRegistro mercantil: Juzgado municipal de Ingolstadt HRB 8132<br \/>\nN\u00famero de identificaci\u00f3n fiscal: DE310268475[\/vc_column_text][\/vc_column][\/vc_row]<\/p>","protected":false},"excerpt":{"rendered":"<p>[vc_row][vc_column][vc_column_text] Pie de imprenta (alem\u00e1n) Outlander LB GmbH Birketweg 12 85290 Geisenfeld Alemania (Alem\u00e1n) tel\u00e9fono: 08452-7338620 Correo electr\u00f3nico: Info@Outlander-LB.com Director General: Lechner, Alexander Registro mercantil: Juzgado municipal de Ingolstadt HRB 8132 N\u00famero de identificaci\u00f3n fiscal: DE310268475[\/vc_column_text][\/vc_column][\/vc_row]<\/p>\n","protected":false},"author":1,"featured_media":0,"parent":0,"menu_order":0,"comment_status":"closed","ping_status":"closed","template":"","meta":[],"_links":{"self":[{"href":"https:\/\/huntersmapp.com\/es\/wp-json\/wp\/v2\/pages\/375"}],"collection":[{"href":"https:\/\/huntersmapp.com\/es\/wp-json\/wp\/v2\/pages"}],"about":[{"href":"https:\/\/huntersmapp.com\/es\/wp-json\/wp\/v2\/types\/page"}],"author":[{"embeddable":true,"href":"https:\/\/huntersmapp.com\/es\/wp-json\/wp\/v2\/users\/1"}],"replies":[{"embeddable":true,"href":"https:\/\/huntersmapp.com\/es\/wp-json\/wp\/v2\/comments?post=375"}],"version-history":[{"count":26,"href":"https:\/\/huntersmapp.com\/es\/wp-json\/wp\/v2\/pages\/375\/revisions"}],"predecessor-version":[{"id":2139,"href":"https:\/\/huntersmapp.com\/es\/wp-json\/wp\/v2\/pages\/375\/revisions\/2139"}],"wp:attachment":[{"href":"https:\/\/huntersmapp.com\/es\/wp-json\/wp\/v2\/media?parent=375"}],"curies":[{"name":"wp","href":"https:\/\/api.w.org\/{rel}","templated":true}]}}