{"id":384,"date":"2017-03-01T17:11:27","date_gmt":"2017-03-01T16:11:27","guid":{"rendered":"http:\/\/huntersmapp.com\/?page_id=384"},"modified":"2019-01-28T15:01:03","modified_gmt":"2019-01-28T14:01:03","slug":"nutzungsbedingungen","status":"publish","type":"page","link":"https:\/\/huntersmapp.com\/es\/nutzungsbedingungen\/","title":{"rendered":"T\u00e9rminos de Uso de Outlander LB"},"content":{"rendered":"<p>[vc_row][vc_column][vc_column_text]<\/p>\n<h1>T\u00e9rminos de Uso de Outlander LB<\/h1>\n<h1>\u00a7 1. Uso<\/h1>\n<p>(1) Outlander LB GmbH, Birketweg 12, 85290 Geisenfeld (en adelante \u201cOutlander LB\u201d) opera en Internet una p\u00e1gina basada en informaci\u00f3n en www.huntersmapp.com referente al desarrollo, producci\u00f3n y venta de productos para exterior y aplicaciones de exterior para dispositivos m\u00f3viles y estacionarios.<\/p>\n<p>(2) En estas p\u00e1ginas se proporciona amplia informaci\u00f3n sobre estos temas para su consulta por parte del usuario.<\/p>\n<h2>\u00a7 2. Contacto y registro<\/h2>\n<p>(1) En el caso y en la medida en que el usuario proporcione datos por motivos de contacto o para un posible registro, est\u00e1 obligado a realizar declaraciones veraces y claras, especialmente en relaci\u00f3n con su identidad. Si los datos especificados cambian, Outlander LB debe ser informado inmediatamente sobre estos cambios.<\/p>\n<p>(2) Si se utilizan un nombre de usuario y una contrase\u00f1a para el registro, estos datos deben tratarse como confidenciales y es posible que no sean accesibles a terceros. En caso de una infracci\u00f3n por parte de un tercero, el usuario ser\u00e1 responsable si es responsable de la infracci\u00f3n. Si el miembro se entera de un uso no autorizado de sus datos de acceso, deber\u00e1 informar a Outlander LB de inmediato.<\/p>\n<h2>\u00a7 3. Contenidos por miembros<\/h2>\n<p>(1) En el caso y en la medida en que Outlander LB ofrezca la posibilidad de agregar contenidos propios (por ejemplo, para un libro de invitados), se aplican los p\u00e1rrafos siguientes.<\/p>\n<p>(2) No habr\u00e1 derecho a publicar un contenido espec\u00edfico en Outlander LB. Outlander LB se reserva el derecho de eliminar art\u00edculos de sus p\u00e1ginas.<\/p>\n<p>(3) Al agregar contenidos propios, los usuarios deben respetar las reglas generales de la etiqueta de red, que es un buen comportamiento en la comunicaci\u00f3n virtual. Los usuarios tienen especialmente prohibido agregar los siguientes contenidos: Informaci\u00f3n que invita a otros usuarios a transmitir cartas en cadena u otros enga\u00f1os; Informaci\u00f3n de car\u00e1cter meramente promocional con fines comerciales; art\u00edculos publicados para recopilar o utilizar informaci\u00f3n del consumidor con fines comerciales; contenidos que son deliberadamente falsos, deshonestos, despectivos, difamatorios, moralmente indecentes o pornogr\u00e1ficos o que cumplen con cualquier otro tipo de delito; contenidos que puedan causar da\u00f1os o da\u00f1o a otros usuarios o Outlander LB debido a virus o archivos o programas inform\u00e1ticos similares; contenidos que violan los derechos de terceros, como derechos de autor, derechos de patentes y marcas registradas; Por lo tanto, los miembros son responsables de tener los derechos apropiados para publicar sus contenidos.<\/p>\n<h2>\u00a7 4. Responsabilidad de Outlander LB<\/h2>\n<p>(1) El usuario ser\u00e1 el \u00fanico responsable de los contenidos que publica. Outlander LB no adopta las declaraciones de los contenidos de los usuarios y no ser\u00e1 responsable de la exactitud de estos contenidos.<\/p>\n<p>(2) Outlander LB solo es responsable ante terceros dentro de los l\u00edmites de sus responsabilidades legales, si Outlander LB conoce estos contenidos y en la medida en que sea t\u00e9cnicamente posible y razonable eliminar los contenidos incriminados.<\/p>\n<h2>\u00a7 5. Protecci\u00f3n de Datos<\/h2>\n<p>Se aplicar\u00e1n las disposiciones de protecci\u00f3n de datos de Outlander LB.<\/p>\n<h2>\u00a7 6. Copyright<\/h2>\n<p>Todos los contenidos y trabajos proporcionados en el sitio web de Outlander LB est\u00e1n protegidos por la ley alemana de derechos de autor. Cualquier uso, reproducci\u00f3n, procesamiento y distribuci\u00f3n est\u00e1n sujetos al acuerdo del titular de los derechos de autor.<\/p>\n<h2>\u00a7 7. Responsabilidad<\/h2>\n<p>(1) En caso de negligencia menor, Outlander LB ser\u00e1 responsable solo por la violaci\u00f3n de las obligaciones esenciales del contrato y limitado a da\u00f1os previsibles. Esta limitaci\u00f3n no se aplica en caso de da\u00f1os a la vida, el cuerpo y la salud, ni en el caso de responsabilidad obligatoria, independientemente de negligencia o culpa de acuerdo con la ley.<\/p>\n<p>(2) La responsabilidad personal de los agentes legales, personas auxiliares y otras personas pertenecientes a Outlander LB est\u00e1 excluida por da\u00f1os que hayan causado por negligencia leve.<\/p>\n<p>(3) Outlander LB no asume ninguna responsabilidad por la exactitud de la informaci\u00f3n relativa a los productos y servicios mostrados en banners publicitarios y medios similares.<\/p>\n<h2>\u00a7 8. Ley aplicable, jurisdicci\u00f3n<\/h2>\n<p>(1) El uso de las p\u00e1ginas de Outlander LB se regir\u00e1 exclusivamente por las leyes de la Rep\u00fablica Federal de Alemania.<\/p>\n<p>(2) Si el usuario es un comerciante, cuerpo legal del derecho p\u00fablico, o propiedad especial seg\u00fan el derecho p\u00fablico, la jurisdicci\u00f3n para todos los conflictos derivados del uso de las p\u00e1ginas de Internet es el tribunal de jurisdicci\u00f3n para la ubicaci\u00f3n comercial de Outlander LB.<\/p>\n<p>Lo mismo se aplicar\u00e1 si el usuario no tiene un lugar general de jurisdicci\u00f3n en Alemania o si el domicilio del usuario o la residencia habitual no se conocen al momento de comenzar la acci\u00f3n. La autorizaci\u00f3n para tomar acci\u00f3n legal en un tribunal de jurisdicci\u00f3n diferente no se ve afectada.<\/p>\n<p>[\/vc_column_text][\/vc_column][\/vc_row]<\/p>","protected":false},"excerpt":{"rendered":"<p>[vc_row][vc_column][vc_column_text] T\u00e9rminos de Uso de Outlander LB \u00a7 1. Uso (1) Outlander LB GmbH, Birketweg 12, 85290 Geisenfeld (en adelante \u201cOutlander LB\u201d) opera en Internet una p\u00e1gina basada en informaci\u00f3n en www.huntersmapp.com referente al desarrollo, producci\u00f3n y venta de productos para exterior y aplicaciones de exterior para dispositivos m\u00f3viles y estacionarios. (2) En estas p\u00e1ginas [&hellip;]<\/p>\n","protected":false},"author":4,"featured_media":0,"parent":0,"menu_order":0,"comment_status":"closed","ping_status":"closed","template":"","meta":[],"_links":{"self":[{"href":"https:\/\/huntersmapp.com\/es\/wp-json\/wp\/v2\/pages\/384"}],"collection":[{"href":"https:\/\/huntersmapp.com\/es\/wp-json\/wp\/v2\/pages"}],"about":[{"href":"https:\/\/huntersmapp.com\/es\/wp-json\/wp\/v2\/types\/page"}],"author":[{"embeddable":true,"href":"https:\/\/huntersmapp.com\/es\/wp-json\/wp\/v2\/users\/4"}],"replies":[{"embeddable":true,"href":"https:\/\/huntersmapp.com\/es\/wp-json\/wp\/v2\/comments?post=384"}],"version-history":[{"count":17,"href":"https:\/\/huntersmapp.com\/es\/wp-json\/wp\/v2\/pages\/384\/revisions"}],"predecessor-version":[{"id":2140,"href":"https:\/\/huntersmapp.com\/es\/wp-json\/wp\/v2\/pages\/384\/revisions\/2140"}],"wp:attachment":[{"href":"https:\/\/huntersmapp.com\/es\/wp-json\/wp\/v2\/media?parent=384"}],"curies":[{"name":"wp","href":"https:\/\/api.w.org\/{rel}","templated":true}]}}