{"id":42,"date":"2017-01-20T15:51:30","date_gmt":"2017-01-20T14:51:30","guid":{"rendered":"http:\/\/huntersmapp.com\/?page_id=42"},"modified":"2018-07-20T11:44:48","modified_gmt":"2018-07-20T09:44:48","slug":"revier","status":"publish","type":"page","link":"https:\/\/huntersmapp.com\/es\/revier\/","title":{"rendered":"(Deutsch) Revier"},"content":{"rendered":"<p class=\"qtranxs-available-languages-message qtranxs-available-languages-message-es\">Disculpa, pero esta entrada est\u00e1 disponible s\u00f3lo en <a href=\"https:\/\/huntersmapp.com\/de\/wp-json\/wp\/v2\/pages\/42\" class=\"qtranxs-available-language-link qtranxs-available-language-link-de\" title=\"Deutsch\">Alem\u00e1n<\/a>, <a href=\"https:\/\/huntersmapp.com\/en\/wp-json\/wp\/v2\/pages\/42\" class=\"qtranxs-available-language-link qtranxs-available-language-link-en\" title=\"English\">Ingl\u00e9s Estadounidense<\/a>, <a href=\"https:\/\/huntersmapp.com\/fr\/wp-json\/wp\/v2\/pages\/42\" class=\"qtranxs-available-language-link qtranxs-available-language-link-fr\" title=\"Fran\u00e7ais\">Franc\u00e9s<\/a> y <a href=\"https:\/\/huntersmapp.com\/it\/wp-json\/wp\/v2\/pages\/42\" class=\"qtranxs-available-language-link qtranxs-available-language-link-it\" title=\"Italiano\">Italiano<\/a>. For the sake of viewer convenience, the content is shown below in this site default language. You may click one of the links to switch the site language to another available language.<\/p><p>[vc_row][vc_column width=&#8221;5\/12&#8243;][vc_column_text]<\/p>\n<h1>Revier<\/h1>\n<p>Ob Eigenjagdbezirk, gemeinschaftlicher Jagdbezirk oder Jagdb\u00f6gen, legen Sie Ihr Revier nicht nur mit <a href=\"http:\/\/huntersmapp.com\/revier\/reviergrenzen\/\">Reviergrenzen<\/a>, sondern auch mit <a href=\"http:\/\/huntersmapp.com\/revier\/jagdeinrichtungen\/\">Jagdeinrichtungen<\/a> fest.<\/p>\n<ul>\n<li><a href=\"http:\/\/huntersmapp.com\/revier\/poi\/\">Points of Interrest (POI)<\/a> wie z.B. Salzlecken, F\u00fctterungen, Kirrungen, Wildkameras oder was sie auch immer erfassen wollen, runden Ihre ganz pers\u00f6nlichen Revierkarte ab.<\/li>\n<li>Nach dem Anlegen der Revierkarte laden Sie Ihre <a href=\"http:\/\/huntersmapp.com\/revier\/jagdfreunde\/\">Jagdfreunde<\/a>\u00a0in Ihre Reviergruppe ein um mit Ihnen zu Chatten.<\/li>\n<\/ul>\n<p><strong>Ihr Plus:<\/strong> S\u00e4mtliche Informationen k\u00f6nnen zwischen Ihren Jagdfreunden geteilt werden. Damit sind alle Kollegen stets auf dem aktuellen Stand; auf Mehrfacheingaben kann damit komplett verzichtet werden.[\/vc_column_text][\/vc_column][vc_column width=&#8221;7\/12&#8243;][vc_empty_space height=&#8221;30&#8243;][vc_single_image image=&#8221;1684&#8243; img_size=&#8221;large&#8221;][\/vc_column][\/vc_row]<\/p>","protected":false},"excerpt":{"rendered":"<p>Disculpa, pero esta entrada est\u00e1 disponible s\u00f3lo en Alem\u00e1n, Ingl\u00e9s Estadounidense, Franc\u00e9s y Italiano. For the sake of viewer convenience, the content is shown below in this site default language. You may click one of the links to switch the site language to another available language.[vc_row][vc_column width=&#8221;5\/12&#8243;][vc_column_text] Revier Ob Eigenjagdbezirk, gemeinschaftlicher Jagdbezirk oder Jagdb\u00f6gen, legen [&hellip;]<\/p>\n","protected":false},"author":1,"featured_media":0,"parent":0,"menu_order":3,"comment_status":"closed","ping_status":"closed","template":"","meta":[],"_links":{"self":[{"href":"https:\/\/huntersmapp.com\/es\/wp-json\/wp\/v2\/pages\/42"}],"collection":[{"href":"https:\/\/huntersmapp.com\/es\/wp-json\/wp\/v2\/pages"}],"about":[{"href":"https:\/\/huntersmapp.com\/es\/wp-json\/wp\/v2\/types\/page"}],"author":[{"embeddable":true,"href":"https:\/\/huntersmapp.com\/es\/wp-json\/wp\/v2\/users\/1"}],"replies":[{"embeddable":true,"href":"https:\/\/huntersmapp.com\/es\/wp-json\/wp\/v2\/comments?post=42"}],"version-history":[{"count":36,"href":"https:\/\/huntersmapp.com\/es\/wp-json\/wp\/v2\/pages\/42\/revisions"}],"predecessor-version":[{"id":1849,"href":"https:\/\/huntersmapp.com\/es\/wp-json\/wp\/v2\/pages\/42\/revisions\/1849"}],"wp:attachment":[{"href":"https:\/\/huntersmapp.com\/es\/wp-json\/wp\/v2\/media?parent=42"}],"curies":[{"name":"wp","href":"https:\/\/api.w.org\/{rel}","templated":true}]}}