{"id":48,"date":"2017-01-20T16:00:26","date_gmt":"2017-01-20T15:00:26","guid":{"rendered":"http:\/\/huntersmapp.com\/?page_id=48"},"modified":"2019-09-12T09:52:48","modified_gmt":"2019-09-12T07:52:48","slug":"reviergrenzen","status":"publish","type":"page","link":"https:\/\/huntersmapp.com\/es\/revier\/reviergrenzen\/","title":{"rendered":"(Deutsch) Reviergrenzen"},"content":{"rendered":"<p class=\"qtranxs-available-languages-message qtranxs-available-languages-message-es\">Disculpa, pero esta entrada est\u00e1 disponible s\u00f3lo en <a href=\"https:\/\/huntersmapp.com\/de\/wp-json\/wp\/v2\/pages\/48\" class=\"qtranxs-available-language-link qtranxs-available-language-link-de\" title=\"Deutsch\">Alem\u00e1n<\/a>, <a href=\"https:\/\/huntersmapp.com\/en\/wp-json\/wp\/v2\/pages\/48\" class=\"qtranxs-available-language-link qtranxs-available-language-link-en\" title=\"English\">Ingl\u00e9s Estadounidense<\/a>, <a href=\"https:\/\/huntersmapp.com\/fr\/wp-json\/wp\/v2\/pages\/48\" class=\"qtranxs-available-language-link qtranxs-available-language-link-fr\" title=\"Fran\u00e7ais\">Franc\u00e9s<\/a> y <a href=\"https:\/\/huntersmapp.com\/it\/wp-json\/wp\/v2\/pages\/48\" class=\"qtranxs-available-language-link qtranxs-available-language-link-it\" title=\"Italiano\">Italiano<\/a>. For the sake of viewer convenience, the content is shown below in this site default language. You may click one of the links to switch the site language to another available language.<\/p><p>[vc_row][vc_column width=&#8221;5\/12&#8243;][vc_column_text]<\/p>\n<h1>Reviergrenzen<\/h1>\n<p>Der ge\u00fcbte J\u00e4ger kennt den Atem der Natur, ihren gleichm\u00e4\u00dfigen Pulsschlag und nat\u00fcrlich sein Revier. Doch auch jeder war schon mal Neuling oder Gast in einem anderen Revier. Hier kommt das Reviermodul der HuntersMapp ins Spiel!<\/p>\n<h2>Highlights Reviergrenze:<\/h2>\n<ul>\n<li>Aufzeichnung und Speicherung <strong>von beliebig vielen Revieren.<\/strong><\/li>\n<li><strong>\u00dcbersichtliche Darstellung<\/strong>\u00a0mittels Satellitenansichten und Gel\u00e4ndekarte.<\/li>\n<li>Bequemes Setzen der Punkte durch Klicken auf die Karte.<\/li>\n<li>Die gesetzten Punkte werden automatisch zu\u00a0einem Polygon verbunden, das nachtr\u00e4glich nat\u00fcrlich jederzeit erg\u00e4nzt und angepasst werden kann. F\u00fcgen Sie einfach an der gew\u00fcnschten Stelle Grenzsteine hinzu und schieben Sie sie mit dem Finger an die exakte Position.<\/li>\n<li>Bejagen Sie mehrere Revierteile, die zwar in unmittelbarer N\u00e4he sind, aber nicht zusammen h\u00e4ngen, k\u00f6nnen Sie diese ganz einfach in einem Revier erfassen in dem Sie <strong>mehrere Grenzen<\/strong> in die Revierkarte einzeichnen.<\/li>\n<li><strong>Ideal f\u00fcr die Revierbegehung:<\/strong> Beim Mobiltelefon kann auch die GPS-Funktion zum Setzen der einzelnen Punkte verwendet werden.<\/li>\n<li>Sie haben bereits Ihre Reviergrenze in Form einer <strong>KML- oder KMZ-Datei<\/strong>, dann k\u00f6nnen Sie\u00a0die Daten der Datei einfach in die HuntersMapp <strong>importieren<\/strong>. Selbstverst\u00e4ndlich k\u00f6nnen Sie Ihre Reviere auch als <strong>KLM-Datei exportieren<\/strong>.<\/li>\n<li>Laden sie sich Ihre Revierkarten in allen Aufl\u00f6sungen auf Ihr Mobiltelefon herunter um auch\u00a0<strong>offline<\/strong> (ohne Internetverbindung)\u00a0auf Ihre <strong>Revierkarten<\/strong> zur\u00fcckgreifen zu k\u00f6nnen.<\/li>\n<\/ul>\n<p><strong>Ihre Sicherheit:<\/strong>\u00a0Kopieren Sie sich Ihr Revier um bei versehentlichem l\u00f6schen auf die <strong>Sicherungskopie<\/strong> zur\u00fcckgreifen zu k\u00f6nnen. Erstellen Sie ein Backup Ihrer Daten auf unsere <strong>HuntersMapp Cloud<\/strong> &#8211; so k\u00f6nnen z. B. bei Handyverlust keine Daten verloren gehen![\/vc_column_text][\/vc_column][vc_column width=&#8221;7\/12&#8243;][vc_empty_space height=&#8221;30&#8243;][vc_single_image image=&#8221;2587&#8243; img_size=&#8221;large&#8221;][vc_single_image image=&#8221;1684&#8243; onclick=&#8221;link_image&#8221;][vc_single_image image=&#8221;2586&#8243; onclick=&#8221;link_image&#8221;][vc_single_image image=&#8221;2048&#8243; onclick=&#8221;link_image&#8221;][\/vc_column][\/vc_row]<\/p>","protected":false},"excerpt":{"rendered":"<p>Disculpa, pero esta entrada est\u00e1 disponible s\u00f3lo en Alem\u00e1n, Ingl\u00e9s Estadounidense, Franc\u00e9s y Italiano. For the sake of viewer convenience, the content is shown below in this site default language. You may click one of the links to switch the site language to another available language.[vc_row][vc_column width=&#8221;5\/12&#8243;][vc_column_text] Reviergrenzen Der ge\u00fcbte J\u00e4ger kennt den Atem der [&hellip;]<\/p>\n","protected":false},"author":1,"featured_media":0,"parent":42,"menu_order":1,"comment_status":"closed","ping_status":"closed","template":"","meta":[],"_links":{"self":[{"href":"https:\/\/huntersmapp.com\/es\/wp-json\/wp\/v2\/pages\/48"}],"collection":[{"href":"https:\/\/huntersmapp.com\/es\/wp-json\/wp\/v2\/pages"}],"about":[{"href":"https:\/\/huntersmapp.com\/es\/wp-json\/wp\/v2\/types\/page"}],"author":[{"embeddable":true,"href":"https:\/\/huntersmapp.com\/es\/wp-json\/wp\/v2\/users\/1"}],"replies":[{"embeddable":true,"href":"https:\/\/huntersmapp.com\/es\/wp-json\/wp\/v2\/comments?post=48"}],"version-history":[{"count":42,"href":"https:\/\/huntersmapp.com\/es\/wp-json\/wp\/v2\/pages\/48\/revisions"}],"predecessor-version":[{"id":2614,"href":"https:\/\/huntersmapp.com\/es\/wp-json\/wp\/v2\/pages\/48\/revisions\/2614"}],"up":[{"embeddable":true,"href":"https:\/\/huntersmapp.com\/es\/wp-json\/wp\/v2\/pages\/42"}],"wp:attachment":[{"href":"https:\/\/huntersmapp.com\/es\/wp-json\/wp\/v2\/media?parent=48"}],"curies":[{"name":"wp","href":"https:\/\/api.w.org\/{rel}","templated":true}]}}