{"id":556,"date":"2017-05-13T10:27:46","date_gmt":"2017-05-13T08:27:46","guid":{"rendered":"http:\/\/huntersmapp.com\/?page_id=556"},"modified":"2017-05-13T12:27:19","modified_gmt":"2017-05-13T10:27:19","slug":"agb","status":"publish","type":"page","link":"https:\/\/huntersmapp.com\/es\/agb\/","title":{"rendered":"(Deutsch) AGB"},"content":{"rendered":"<p class=\"qtranxs-available-languages-message qtranxs-available-languages-message-es\">Disculpa, pero esta entrada est\u00e1 disponible s\u00f3lo en <a href=\"https:\/\/huntersmapp.com\/de\/wp-json\/wp\/v2\/pages\/556\" class=\"qtranxs-available-language-link qtranxs-available-language-link-de\" title=\"Deutsch\">Alem\u00e1n<\/a>, <a href=\"https:\/\/huntersmapp.com\/en\/wp-json\/wp\/v2\/pages\/556\" class=\"qtranxs-available-language-link qtranxs-available-language-link-en\" title=\"English\">Ingl\u00e9s Estadounidense<\/a>, <a href=\"https:\/\/huntersmapp.com\/fr\/wp-json\/wp\/v2\/pages\/556\" class=\"qtranxs-available-language-link qtranxs-available-language-link-fr\" title=\"Fran\u00e7ais\">Franc\u00e9s<\/a> y <a href=\"https:\/\/huntersmapp.com\/it\/wp-json\/wp\/v2\/pages\/556\" class=\"qtranxs-available-language-link qtranxs-available-language-link-it\" title=\"Italiano\">Italiano<\/a>. For the sake of viewer convenience, the content is shown below in this site default language. You may click one of the links to switch the site language to another available language.<\/p><p>[vc_row][vc_column][vc_column_text]<\/p>\n<h1>Allgemeine Gesch\u00e4ftsbedingungen (AGB)<br \/>\nHuntersMapp<\/h1>\n<p>&nbsp;<\/p>\n<p><strong>\u00a7 1. Anwendungsbereich und Definitionen, Vertragsschluss<\/strong><\/p>\n<p>(1) Outlander LB GmbH, Birketweg 12, 85290 Geisenfeld (im Folgenden auch \u201eAnbieter\u201c genannt), betreibt Applikationen f\u00fcr die Nutzung auf Mobiltelefonen (folgend \u201eApps\u201c genannt) f\u00fcr Verbraucher und Unternehmer (im Folgenden \u201eKunden\u201c genannt). Diese Apps beinhalten Informationen, Dienste und ggf. weitere Leistungen (im Folgenden auch \u201eLeistungen\u201c genannt).<\/p>\n<p>(2) Der Anbieter erbringt die Leistungen auf der Grundlage der nachfolgenden Allgemeinen Gesch\u00e4ftsbedingungen, soweit nichts anderes vereinbart ist.<\/p>\n<p>(3) Gegenstand der Leistungen ist auch das Zurverf\u00fcgungstellen von Informationen. Bei den bereitgestellten Informationen handelt es sich zum Teil um Informationen von Dritten. Wenn und soweit durch eine App erkennbar Leistungen eines Dritten angeboten werden, gelten f\u00fcr diese Leistungen gegebenenfalls erg\u00e4nzende oder abweichende Gesch\u00e4ftsbedingungen.<\/p>\n<p>(4) Der Vertrag \u00fcber die Apps des Anbieters werden in der Regel \u00fcber einen App Store, der von einem Dritten betrieben wird, geschlossen; der Vertragsschluss erfolgt nach den Regeln des jeweiligen App Stores.<\/p>\n<p><strong>\u00a7 2. Vertragliche Pflichten, Nutzungsrechte<\/strong><\/p>\n<p>(1) Ist die App kostenpflichtig angeboten worden, ist der Kunde mit Abschluss des Vertrags verpflichtet, das Entgelt an den Anbieter zu entrichten. Soweit nichts anderes geregelt ist, erfolgt die Abrechnung \u00fcber den App Store.<\/p>\n<p>(2) Der Anbieter r\u00e4umt den Nutzern ein einfaches, zeitlich und r\u00e4umlich unbeschr\u00e4nktes Nutzungsrecht an den bereitgestellten Leistungen und Informationen ein. Eine \u00fcber die Nutzung f\u00fcr eigene Zwecke hinausgehende, insbesondere eine gewerbliche Nutzung der Informationen ist unzul\u00e4ssig; dies gilt auch f\u00fcr eine kommerzielle Auswertung.<\/p>\n<p>(3) Dem Kunde steht in Bezug auf Leistungen und Informationen, die auf Werken Dritter basieren oder darstellen, ggf. nur ein eingeschr\u00e4nktes Nutzungsrecht zu. Bei der Nutzung von solchen Leistungen und Informationen zus\u00e4tzlich die jeweils angegebenen Lizenzbedingungen des Dritten zu beachten.<\/p>\n<p>(4) Wenn der Kunde im Rahmen der Nutzung einer App Informationen zur Verf\u00fcgung stellt und diese bestimmungsgem\u00e4\u00df \u00f6ffentlich zug\u00e4nglich gemacht werden sollen, muss dem Anbieter folgendes Nutzungsrecht einger\u00e4umt werden: mit Einf\u00fcgen der Information gew\u00e4hrt der Kunde dem Anbieter das kostenlose, auf die Dauer des Eintrags der Information befristete, \u00f6rtlich unbeschr\u00e4nkte, unwiderrufliche und nicht ausschlie\u00dfliche Recht, diese Information weltweit zu nutzen, vervielf\u00e4ltigen, bearbeiten, ver\u00f6ffentlichen und zu verbreiten; der Anbieter ist zur Unterlizenzierung berechtigt.<\/p>\n<p><strong>\u00a7 3. Widerrufsrecht, Kundeninformationen<\/strong><\/p>\n<p>(1) Wenn Sie mit dem Anbieter als Verbraucher einen Vertrag schlie\u00dfen, kann Ihnen in ein Widerrufsrecht im Sinne der nachfolgenden Belehrung zustehen. Verbraucher ist jede nat\u00fcrliche Person, die ein Rechtsgesch\u00e4ft zu Zwecken abschlie\u00dft, die \u00fcberwiegend weder ihrer gewerblichen noch ihrer selbst\u00e4ndigen beruflichen T\u00e4tigkeit zugerechnet werden k\u00f6nnen.<\/p>\n<p>(2) Widerrufsbelehrung<\/p>\n<p>Widerrufsrecht<br \/>\nSie haben das Recht, binnen vierzehn Tagen ohne Angabe von Gr\u00fcnden diesen Vertrag zu widerrufen. Die Widerrufsfrist betr\u00e4gt vierzehn Tage ab dem Tag des Vertragsschlusses. Um ihr Widerrufsrecht auszu\u00fcben, m\u00fcssen Sie uns (Outlander LB GmbH, Birketweg 12, 85290 Geisenfeld, Info@Outlander-LB.com, 08452-7338620 mittels einer eindeutigen Erkl\u00e4rung (z.B. mit der Post versandter Brief, Telefax oder E-Mail) \u00fcber Ihren Entschluss, diesen Vertrag zu widerrufen, informieren. Sie k\u00f6nnen daf\u00fcr das beigef\u00fcgte Muster-Widerrufsformular verwenden, das jedoch nicht vorgeschrieben ist. Zur Wahrung der Widerrufsfrist reicht es aus, dass Sie die Mitteilung \u00fcber die Aus\u00fcbung des Widerrufsrechts vor Ablauf der Widerrufsfrist absenden.<\/p>\n<p>Folgen des Widerrufs<br \/>\nWenn Sie diesen Vertrag widerrufen, haben wir Ihnen alle Zahlungen, die wir von Ihnen erhalten haben, einschlie\u00dflich der Lieferkosten (mit Ausnahme der zus\u00e4tzlichen Kosten, die sich daraus ergeben, dass Sie eine andere Art der Lieferung als die von uns angebotene, g\u00fcnstigste Standardlieferung gew\u00e4hlt haben), unverz\u00fcglich und sp\u00e4testens binnen vierzehn Tagen ab dem Tag zur\u00fcckzuzahlen, an dem die Mitteilung \u00fcber Ihren Widerruf dieses Vertrags bei uns eingegangen ist. F\u00fcr diese R\u00fcckzahlung verwenden wir dasselbe Zahlungsmittel, das Sie bei der urspr\u00fcnglichen Transaktion eingesetzt haben, es sei denn, mit Ihnen wurde ausdr\u00fccklich etwas anderes vereinbart; in keinem Fall werden Ihnen wegen dieser R\u00fcckzahlung Entgelte berechnet. Wir k\u00f6nnen die R\u00fcckzahlung verweigern, bis wir die Waren wieder zur\u00fcckerhalten haben oder bis Sie den Nachweis erbracht haben, dass Sie die Waren zur\u00fcckgesandt haben, je nachdem, welches der fr\u00fchere Zeitpunkt ist.<\/p>\n<p>Sie haben die Waren unverz\u00fcglich und in jedem Fall sp\u00e4testens binnen vierzehn Tagen ab dem Tag, an dem Sie uns \u00fcber den Widerruf dieses Vertrags unterrichten, an uns zur\u00fcckzusenden oder zu \u00fcbergeben. Die Frist ist gewahrt, wenn Sie die Waren vor Ablauf der Frist von vierzehn Tagen absenden. Sie tragen die unmittelbaren Kosten der R\u00fccksendung. Sie m\u00fcssen f\u00fcr einen etwaigen Wertverlust der Waren nur aufkommen, wenn dieser Wertverlust auf einen zur Pr\u00fcfung der Beschaffenheit, Eigenschaften und Funktionsweise der Waren nicht notwendigen Umgang mit ihnen zur\u00fcckzuf\u00fchren ist.<\/p>\n<p>Haben Sie verlangt, dass die Dienstleistungen w\u00e4hrend der Widerrufsfrist beginnen sollen, so haben Sie uns einen angemessenen Betrag zu zahlen, der dem Anteil der bis zu dem Zeitpunkt, zu dem Sie uns von der Aus\u00fcbung des Widerrufsrechts hinsichtlich dieses Vertrags unterrichten, bereits erbrachten Dienstleistungen im Vergleich zum Gesamtumfang der im Vertrag vorgesehenen Dienstleistungen entspricht.<\/p>\n<p>Erl\u00f6schen des Widerrufsrechts<br \/>\nDas Widerrufsrecht erlischt, wenn wir die Dienstleistung vollst\u00e4ndig erbracht und mit der Ausf\u00fchrung der Dienstleistung erst begonnen haben, nachdem Sie dazu Ihre ausdr\u00fcckliche Zustimmung gegeben und gleichzeitig Ihre Kenntnis davon best\u00e4tigt haben, dass Sie Ihr Widerrufsrecht bei vollst\u00e4ndiger Vertragserf\u00fcllung durch uns verlieren.<\/p>\n<p>Das Widerrufsrecht erlischt bei einem Vertrag \u00fcber die Lieferung von nicht auf einem k\u00f6rperlichen Datentr\u00e4ger befindlichen digitalen Inhalten auch dann, wenn wir mit der Ausf\u00fchrung des Vertrags begonnen haben, nachdem Sie 1. ausdr\u00fccklich zugestimmt haben, dass wir mit der Ausf\u00fchrung des Vertrags vor Ablauf der Widerrufsfrist beginnen, und 2. Ihre Kenntnis davon best\u00e4tigt haben, dass Sie durch Ihre Zustimmung mit Beginn der Ausf\u00fchrung des Vertrags Ihr Widerrufsrecht verlieren.<br \/>\nMuster-Widerrufsformular<br \/>\nWenn Sie den Vertrag widerrufen wollen, dann f\u00fcllen Sie bitte dieses Formular aus und senden Sie es zur\u00fcck.<\/p>\n<p>An Outlander LB GmbH, Birketweg 12, 85290 Geisenfeld, Info@Outlander-LB.com<\/p>\n<p>Hiermit widerrufe(n) ich\/wir (*) den von mir\/uns (*) abgeschlossenen Vertrag \u00fcber den Kauf der folgenden Waren (*)\/ die Erbringung der folgenden Dienstleistung (*)<\/p>\n<p>Bestellt am (*)\/erhalten am (*)<\/p>\n<p>Name des\/der Verbraucher(s)<\/p>\n<p>Anschrift des\/der Verbraucher(s)<\/p>\n<p>Unterschrift des\/der Verbraucher(s) (nur bei Mitteilung auf Papier)<br \/>\nDatum<br \/>\n(*) Unzutreffendes streichen.<\/p>\n<p>(3) Die Vertragssprache ist deutsch. Der Vertragstext wird vom Anbieter nicht gespeichert und ist daher dem Kunden auch sp\u00e4ter nicht zug\u00e4nglich.<\/p>\n<p><strong>\u00a7 4. Verantwortlichkeit des Kunden<\/strong><\/p>\n<p>(1) Der Kunde ist verpflichtet, den Zugang zur App f\u00fcr Dritte auszuschlie\u00dfen; andernfalls haftet der Kunde f\u00fcr jede Nutzung von Leistungen durch einen Dritten, wenn der Kunde dies zu vertreten hat.<\/p>\n<p>(2) Jeder Kunde ist f\u00fcr Inhalte (Daten, Texte, Fotos, etc.), die im Rahmen einer App privat \u00fcbermittelt oder ver\u00f6ffentlicht werden, selbst verantwortlich; der Anbieter macht sich diese nicht zu Eigen und pr\u00fcft die Inhalte vor Ver\u00f6ffentlichung bzw. \u00dcbermittlung nicht. Der Kunde hat daf\u00fcr zu sorgen, dass durch seine eingetragenen Inhalte weder gegen bestehende Gesetze versto\u00dfen noch Rechte Dritter verletzt werden. Inhalte, die offenkundig rechtswidrig, sch\u00e4digend, bel\u00e4stigend, strafbar, rassistisch oder in \u00e4hnlicher Weise zu beanstanden sind, sind zu unterlassen.<\/p>\n<p>(3) Der Kunde ist verpflichtet, den Anbieter von Anspr\u00fcchen Dritter freizustellen, die aus einer unzul\u00e4ssigen Nutzung durch ihn entstehen. Die Freistellung betrifft auch angemessene Gerichts- und Anwaltskosten.<\/p>\n<h4>\u00a7 5. K\u00fcndigung und Beendigung<\/h4>\n<p>(1) Bei einem Vertrag, bei dem die App und die weitere Leistungen kostenlos erworben werden, sind Anbieter und Kunde berechtigt, vom Vertrag mit sofortiger Wirkung und ohne Angabe von Gr\u00fcnden zur\u00fcckzutreten bzw. den Vertrag zu k\u00fcndigen, soweit nichts anderes geregelt ist.<\/p>\n<p>(2) Stellen die App und\/oder die darauf basierenden Dienste entgeltliche Leistungen dar, gelten die vereinbarten Fristen zur Nutzung des Angebots, wenn vorhanden. Soweit die App wiederkehrende Leistungen gegen Entgelt vorsieht, ist es dem Anbieter gestattet, den Vertrag zu k\u00fcndigen, wenn es wirtschaftlich unter Ber\u00fccksichtigung der Interessen des Kunden nicht zumutbar ist, den Dienst aufrechtzuerhalten. Die M\u00f6glichkeit, den Vertrag aus wichtigem Grund zu k\u00fcndigen, bleibt hiervon unber\u00fchrt.<\/p>\n<h4>\u00a7 6. Gew\u00e4hrleistung<\/h4>\n<p>(1) Die Nutzung der App erfolgt grunds\u00e4tzlich auf eigenes Risiko des Kunden, soweit nicht bestimmte Eigenschaften einer App zugesichert wurden.<\/p>\n<p>(2) Der Anbieter \u00fcbernimmt keine Gew\u00e4hrleistung bez\u00fcglich der Informationen, die durch die Nutzung der App dargestellt werden, wenn und soweit die Informationen auf der Auskunft von Dritten beruhen und der Anbieter hinsichtlich Zuverl\u00e4ssigkeit des Dritten sowie Richtigkeit der Informationen keine Zweifel haben musste.<\/p>\n<p><strong>\u00a7 7. Haftung<\/strong><\/p>\n<p>(1) Der Anbieter haftet im \u00dcbrigen f\u00fcr Sch\u00e4den aus der Verletzung des Lebens, des K\u00f6rpers oder der Gesundheit, die auf einer vors\u00e4tzlichen oder fahrl\u00e4ssigen Pflichtverletzung des Anbieters, dessen gesetzlichen Vertreter oder seiner Erf\u00fcllungsgehilfen beruhen. Dar\u00fcber hinaus haftet der Anbieter f\u00fcr gegebene Garantien sowie f\u00fcr Sch\u00e4den, die von der Haftung nach zwingenden gesetzlichen Vorschriften, etwa dem Produkthaftungsgesetz (ProdHaftG) umfasst werden. Davon abgesehen haftet der Anbieter f\u00fcr sonstige Sch\u00e4den, die auf einer vors\u00e4tzlichen oder grob fahrl\u00e4ssigen Pflichtverletzung sowie Arglist von ihm, seiner gesetzlichen Vertreter oder Erf\u00fcllungsgehilfen beruhen.<\/p>\n<p>(2) F\u00fcr Sch\u00e4den, die durch einfache Fahrl\u00e4ssigkeit verursacht werden und nicht unter Absatz 1 S\u00e4tze 1 und 2 fallen, haftet der Anbieter, soweit die Fahrl\u00e4ssigkeit die Verletzung solcher Vertragspflichten betrifft, deren Einhaltung die Durchf\u00fchrung des Vertrags erst erm\u00f6glichen und auf deren Erf\u00fcllung der K\u00e4ufer deshalb vertrauen darf (Kardinalpflichten); dabei beschr\u00e4nkt sich die Haftung gegen\u00fcber Unternehmern jedoch auf den vorhersehbaren, vertragstypischen, unmittelbaren Durchschnittsschaden, so dass insbesondere mittelbare Sch\u00e4den (z.B. entgangener Gewinn) sowie Folgesch\u00e4den ausgeschlossen sind. Die H\u00f6he des Schadens ist gegen\u00fcber Unternehmern auf den Wert beschr\u00e4nkt, der dem dreifachen Wert der Lieferung entspricht.<\/p>\n<p>(3) Eine weitergehende Haftung ist ohne R\u00fccksicht auf die Rechtsnatur des geltend gemachten Anspruchs ausgeschlossen.<\/p>\n<p><strong>\u00a7 8. Datenschutz<\/strong><\/p>\n<p>(1) Zur Nutzung der Apps sowie zur Durchf\u00fchrung von Vertr\u00e4gen kann es erforderlich sein, dass der Kunde pers\u00f6nliche Daten angibt oder diese durch die Nutzung des Mobiltelefons zug\u00e4nglich gemacht werden. Die Erhebung dieser Daten erfolgt ausschlie\u00dflich zur Erbringung der Leistungen des Anbieters sowie zu Zwecken der Systemsicherheit. Der Anbieter erhebt, speichert und nutzt ggf. Inhalte, die der Nutzer liest oder einbringt, Einstellungen der App sowie Ortsangaben zum Nutzer (Tracking), aber auch Name, Adresse, Mobilfunkrufnummer und E-Mail-Adresse, wenn und soweit diese angegeben werden. Eine anonyme Nutzung des Angebots wird gew\u00e4hrleistet.<\/p>\n<p>(2) Die personenbezogenen Daten werden an Dritte nur weitergegeben oder sonst \u00fcbermittelt, wenn dies zum Zwecke der Vertragsabwicklung erforderlich ist oder der Kunde zuvor eingewilligt hat. Mit vollst\u00e4ndiger Abwicklung des Vertrages und vollst\u00e4ndiger Zahlung von Entgelten werden die Daten des Kunden gel\u00f6scht, sofern der Kunde nicht ausdr\u00fccklich in die weitere Nutzung Ihrer Daten eingewilligt hat oder eine steuer- bzw. handelsrechtliche Aufbewahrungspflicht besteht.<\/p>\n<p>(3) Der Anbieter verpflichtet sich, die Privatsph\u00e4re des Kunden zu sch\u00fctzen und versichert, die personenbezogenen Daten im Einklang mit dem Bundesdatenschutzgesetz und dem Telemediengesetz zu erheben, zu verarbeiten und zu nutzen und ausschlie\u00dflich f\u00fcr die Erf\u00fcllung der oben definierten Zwecke zu verarbeiten und zu nutzen.<\/p>\n<p>(4) Dem Betroffenen steht die durch das Bundesdatenschutzgesetz gew\u00e4hrleisteten Rechte auf Sperrung und L\u00f6schung zu. Daneben teilt der Anbieter dem Kunden auf Anforderung schriftlich mit, ob und welche pers\u00f6nlichen Daten \u00fcber ihn beim Anbieter gespeichert sind. Sollten trotz aller Bem\u00fchungen um Datenrichtigkeit und Aktualit\u00e4t falsche Informationen gespeichert sein, werden diese auf Aufforderung hin berichtigt.<\/p>\n<p><strong>\u00a7 9. Schlussbestimmungen<\/strong><\/p>\n<p>(1) Es gilt das Recht der Bundesrepublik Deutschland. Bei Verbrauchern, die den Vertrag nicht zu beruflichen oder gewerblichen Zwecken abschlie\u00dfen, gilt diese Rechtswahl nur insoweit, als nicht der gew\u00e4hrte Schutz durch zwingende Verbraucher sch\u00fctzende Bestimmungen des Rechts des Staates, in dem der Verbraucher seinen gew\u00f6hnlichen Aufenthalt hat, entzogen wird.<\/p>\n<p>(2) Ist der Kunde Kaufmann, juristische Person des \u00f6ffentlichen Rechts oder \u00f6ffentlich-rechtliches Sonderverm\u00f6gen, ist Gerichtsstand f\u00fcr alle Streitigkeiten aus diesem Vertrag der Gesch\u00e4ftssitz des Anbieters. Dasselbe gilt, wenn der Kunde keinen allgemeinen Gerichtsstand in Deutschland hat oder Wohnsitz oder gew\u00f6hnlicher Aufenthalt im Zeitpunkt der Klageerhebung nicht bekannt sind. Die Befugnis, auch das Gericht an einem anderen gesetzlichen Gerichtsstand anzurufen bleibt hiervon unber\u00fchrt.[\/vc_column_text][\/vc_column][\/vc_row]<\/p>","protected":false},"excerpt":{"rendered":"<p>Disculpa, pero esta entrada est\u00e1 disponible s\u00f3lo en Alem\u00e1n, Ingl\u00e9s Estadounidense, Franc\u00e9s y Italiano. For the sake of viewer convenience, the content is shown below in this site default language. You may click one of the links to switch the site language to another available language.[vc_row][vc_column][vc_column_text] Allgemeine Gesch\u00e4ftsbedingungen (AGB) HuntersMapp &nbsp; \u00a7 1. Anwendungsbereich und [&hellip;]<\/p>\n","protected":false},"author":4,"featured_media":0,"parent":0,"menu_order":0,"comment_status":"closed","ping_status":"closed","template":"","meta":[],"_links":{"self":[{"href":"https:\/\/huntersmapp.com\/es\/wp-json\/wp\/v2\/pages\/556"}],"collection":[{"href":"https:\/\/huntersmapp.com\/es\/wp-json\/wp\/v2\/pages"}],"about":[{"href":"https:\/\/huntersmapp.com\/es\/wp-json\/wp\/v2\/types\/page"}],"author":[{"embeddable":true,"href":"https:\/\/huntersmapp.com\/es\/wp-json\/wp\/v2\/users\/4"}],"replies":[{"embeddable":true,"href":"https:\/\/huntersmapp.com\/es\/wp-json\/wp\/v2\/comments?post=556"}],"version-history":[{"count":8,"href":"https:\/\/huntersmapp.com\/es\/wp-json\/wp\/v2\/pages\/556\/revisions"}],"predecessor-version":[{"id":570,"href":"https:\/\/huntersmapp.com\/es\/wp-json\/wp\/v2\/pages\/556\/revisions\/570"}],"wp:attachment":[{"href":"https:\/\/huntersmapp.com\/es\/wp-json\/wp\/v2\/media?parent=556"}],"curies":[{"name":"wp","href":"https:\/\/api.w.org\/{rel}","templated":true}]}}