{"id":829,"date":"2017-06-05T15:38:27","date_gmt":"2017-06-05T13:38:27","guid":{"rendered":"http:\/\/huntersmapp.com\/?page_id=829"},"modified":"2019-09-12T09:26:01","modified_gmt":"2019-09-12T07:26:01","slug":"viewer","status":"publish","type":"page","link":"https:\/\/huntersmapp.com\/es\/versionen\/viewer\/","title":{"rendered":"(Deutsch) HuntersMapp Viewer (gratis)"},"content":{"rendered":"<p class=\"qtranxs-available-languages-message qtranxs-available-languages-message-es\">Disculpa, pero esta entrada est\u00e1 disponible s\u00f3lo en <a href=\"https:\/\/huntersmapp.com\/de\/wp-json\/wp\/v2\/pages\/829\" class=\"qtranxs-available-language-link qtranxs-available-language-link-de\" title=\"Deutsch\">Alem\u00e1n<\/a>, <a href=\"https:\/\/huntersmapp.com\/en\/wp-json\/wp\/v2\/pages\/829\" class=\"qtranxs-available-language-link qtranxs-available-language-link-en\" title=\"English\">Ingl\u00e9s Estadounidense<\/a>, <a href=\"https:\/\/huntersmapp.com\/fr\/wp-json\/wp\/v2\/pages\/829\" class=\"qtranxs-available-language-link qtranxs-available-language-link-fr\" title=\"Fran\u00e7ais\">Franc\u00e9s<\/a> y <a href=\"https:\/\/huntersmapp.com\/it\/wp-json\/wp\/v2\/pages\/829\" class=\"qtranxs-available-language-link qtranxs-available-language-link-it\" title=\"Italiano\">Italiano<\/a>. For the sake of viewer convenience, the content is shown below in this site default language. You may click one of the links to switch the site language to another available language.<\/p><p>[vc_row][vc_column width=&#8221;5\/12&#8243;][vc_column_text]<\/p>\n<h1>HuntersMapp Viewer (gratis)<\/h1>\n<p>Der HuntersMapp Viewer beinhaltet folgende Funktionen:<\/p>\n<ul>\n<li><strong>NEWS (frei, wie PRO-Version):\u00a0<\/strong>Sie erhalten Top aktuelle Jagdnews, unter anderem von nationalen und internationalen Jagd und Waffenverb\u00e4nden.<\/li>\n<li><strong>MESSNGER (teilweise eingeschr\u00e4nkt):<\/strong> Chatten Sie nach Lust und Laune,\u00a0legen Sie Chatgruppen an, verschicken Sie Bilder, Postitionsdaten, Jagdtagebucheintr\u00e4ge und ganze Reviere. Nehmen Sie an HuntersMapp-Jagden teil und sehen Sie alle HuntersMapp-J\u00e4ger, -Treiber, -Nachsuchef\u00fchrer &#8230; usw. auf dem LiveView der Jagdkarte mit ihrer jeweiligen aktuellen Position. F\u00fcr alle weiteren Funktionen wie Peer to Peer &#8211; Kommunikation, Augmented Reality, Reviere mit andern teilen, eigene Jagden planen und organisieren usw. ben\u00f6tigen Sie die HuntersMapp Pro Version!<\/li>\n<li><strong>Revier<\/strong> <strong>(auf ein Revier beschr\u00e4nkt):\u00a0<\/strong>Legen Sie Ihre Reviergrenze und Ihre Ansitze, sonstigen Landmarks wie z.B. Kirrung, Suhle, Jagdh\u00fctte, Treffpunkt, Anschuss, Schwei\u00dff\u00e4hrte, Wundbett usw. an und zeichnen Sie Ihre Prischwege, Wildwechsel, Wege usw. einfach in die Revierkarte ein.<\/li>\n<li><strong>Jagdtagebuch (frei, wie PRO-Version): <\/strong>Halten Sie Ihre Erlebnisse im Jagdtagebuch fest, egal ob es sich um Sichtungen, Absch\u00fcsse oder sonstiges handelt.<\/li>\n<li><strong>Ausr\u00fcstungsmanager\u00a0(frei, wie PRO-Version):<\/strong> Legen Sie hier Ihre Ausr\u00fcstung an und w\u00e4hlen Sie bei Ihren Tagebucheintr\u00e4gen einfach die verwendete Ausr\u00fcstung aus.<\/li>\n<li><strong>S.O.S.\u00a0(frei, wie PRO-Version):<\/strong> Setzten Sie bei Bedarf einen Notruf an die Jagdgruppe ab oder nutzen Sie die S.O.S. &#8211; Funktion aus der HuntersMapp um innerhalb der EU und weiteren europ\u00e4ischen L\u00e4ndern,\u00a0die ihnen n\u00e4chstgelegene Rettungsstelle zu erreichen. Sollten Sie in Ihrem Mobilfunknetz keinen Empfang haben, wird automatisch \u00fcber ein verf\u00fcgbares &#8220;Fremdnetz&#8221; die Verbindung zur Rettungsstelle aufgebaut.<\/li>\n<li><strong>KONTO (frei, wie PRO-Version):<\/strong>\u00a0Eigenes Konto mit Namen, Profilbild usw.<\/li>\n<\/ul>\n<p>[\/vc_column_text][\/vc_column][vc_column width=&#8221;7\/12&#8243;][vc_empty_space height=&#8221;30&#8243;][vc_single_image image=&#8221;2045&#8243; img_size=&#8221;large&#8221; alignment=&#8221;center&#8221;][\/vc_column][\/vc_row]<\/p>","protected":false},"excerpt":{"rendered":"<p>Disculpa, pero esta entrada est\u00e1 disponible s\u00f3lo en Alem\u00e1n, Ingl\u00e9s Estadounidense, Franc\u00e9s y Italiano. For the sake of viewer convenience, the content is shown below in this site default language. You may click one of the links to switch the site language to another available language.[vc_row][vc_column width=&#8221;5\/12&#8243;][vc_column_text] HuntersMapp Viewer (gratis) Der HuntersMapp Viewer beinhaltet folgende [&hellip;]<\/p>\n","protected":false},"author":4,"featured_media":0,"parent":214,"menu_order":2,"comment_status":"closed","ping_status":"closed","template":"","meta":[],"_links":{"self":[{"href":"https:\/\/huntersmapp.com\/es\/wp-json\/wp\/v2\/pages\/829"}],"collection":[{"href":"https:\/\/huntersmapp.com\/es\/wp-json\/wp\/v2\/pages"}],"about":[{"href":"https:\/\/huntersmapp.com\/es\/wp-json\/wp\/v2\/types\/page"}],"author":[{"embeddable":true,"href":"https:\/\/huntersmapp.com\/es\/wp-json\/wp\/v2\/users\/4"}],"replies":[{"embeddable":true,"href":"https:\/\/huntersmapp.com\/es\/wp-json\/wp\/v2\/comments?post=829"}],"version-history":[{"count":31,"href":"https:\/\/huntersmapp.com\/es\/wp-json\/wp\/v2\/pages\/829\/revisions"}],"predecessor-version":[{"id":2602,"href":"https:\/\/huntersmapp.com\/es\/wp-json\/wp\/v2\/pages\/829\/revisions\/2602"}],"up":[{"embeddable":true,"href":"https:\/\/huntersmapp.com\/es\/wp-json\/wp\/v2\/pages\/214"}],"wp:attachment":[{"href":"https:\/\/huntersmapp.com\/es\/wp-json\/wp\/v2\/media?parent=829"}],"curies":[{"name":"wp","href":"https:\/\/api.w.org\/{rel}","templated":true}]}}