{"id":831,"date":"2017-06-05T15:38:18","date_gmt":"2017-06-05T13:38:18","guid":{"rendered":"http:\/\/huntersmapp.com\/?page_id=831"},"modified":"2020-07-06T10:42:31","modified_gmt":"2020-07-06T08:42:31","slug":"huntersmapp-pro","status":"publish","type":"page","link":"https:\/\/huntersmapp.com\/es\/versionen\/huntersmapp-pro\/","title":{"rendered":"HuntersMapp Pro"},"content":{"rendered":"<p class=\"qtranxs-available-languages-message qtranxs-available-languages-message-es\">Disculpa, pero esta entrada est\u00e1 disponible s\u00f3lo en <a href=\"https:\/\/huntersmapp.com\/de\/wp-json\/wp\/v2\/pages\/831\" class=\"qtranxs-available-language-link qtranxs-available-language-link-de\" title=\"Deutsch\">Alem\u00e1n<\/a>, <a href=\"https:\/\/huntersmapp.com\/en\/wp-json\/wp\/v2\/pages\/831\" class=\"qtranxs-available-language-link qtranxs-available-language-link-en\" title=\"English\">Ingl\u00e9s Estadounidense<\/a>, <a href=\"https:\/\/huntersmapp.com\/fr\/wp-json\/wp\/v2\/pages\/831\" class=\"qtranxs-available-language-link qtranxs-available-language-link-fr\" title=\"Fran\u00e7ais\">Franc\u00e9s<\/a> y <a href=\"https:\/\/huntersmapp.com\/it\/wp-json\/wp\/v2\/pages\/831\" class=\"qtranxs-available-language-link qtranxs-available-language-link-it\" title=\"Italiano\">Italiano<\/a>. For the sake of viewer convenience, the content is shown below in this site default language. You may click one of the links to switch the site language to another available language.<\/p><p>[vc_row][vc_column width=&#8221;5\/12&#8243;][vc_column_text]<\/p>\n<h1>HuntersMapp Pro<\/h1>\n<p>&nbsp;<\/p>\n<p>Einzelne L\u00e4nder k\u00f6nnen von den nachfolgend genannten Preisen abweichen!<\/p>\n<p>&nbsp;<\/p>\n<h2>Preise f\u00fcr die HuntersMapp PRO<\/h2>\n<h3 style=\"padding-left: 30px;\">0,00 EUR \u00a0 GRATIS TESTMONAT<\/h3>\n<p style=\"padding-left: 30px;\">W\u00e4hlen Sie das Jahresabo f\u00fcr 11,99 EUR und das kostenpflichtige Abo beginnt erst nach einem gratis Testmonat. Wenn Ihnen die HuntersMapp nicht gef\u00e4llt, k\u00fcndigen Sie das Jahresabo ganz einfach sp\u00e4testens 24 Std. vor Ablauf des Testzeitraums und der Test hat Sie nichts gekostet!<\/p>\n<h3 style=\"padding-left: 30px;\">11,99 EUR f\u00fcr ein JAHRESABO\u00a0(ein Testmonat ist gratis!)<\/h3>\n<p style=\"padding-left: 30px;\">Hier erhalten Sie Zugang zur HuntersMapp PRO f\u00fcr ein Jahr. Updates im Nutzungszeitraum sind inklusive.<\/p>\n<h3 style=\"padding-left: 30px;\">Zuk\u00fcnftige Hardware-Koppelungen an die HuntersMapp<\/h3>\n<p style=\"padding-left: 30px;\">Wir planen bereits mehrere Hardwarekomponenten wie z.B. eine Wildkamera, die Ihre Bilder automatisch \u00fcber das Internet an die HunterMapp schickt oder auch unsere Peer to Peer &#8211; Hardware, die es erm\u00f6glicht \u00fcber mehrere km hinweg mit Ihren Freunden auch ohne Telefonnetz oder Internetverbindung in Kontakt zu bleiben und Textnachrichten und Positionsdaten zu verschicken. Die Koppelung und Nutzung solcher Hardware-Komponnenten\u00a0ist nicht im Preis der HuntersMapp PRO (JAHRESABO\u00a0bzw. UNLIMITED) enthalten und bedarf jeweils eines eigenen In-App-Kaufs.<\/p>\n<p>[\/vc_column_text][\/vc_column][vc_column width=&#8221;7\/12&#8243;][vc_single_image image=&#8221;2045&#8243; img_size=&#8221;large&#8221; alignment=&#8221;center&#8221;][\/vc_column][\/vc_row]<\/p>","protected":false},"excerpt":{"rendered":"<p>Disculpa, pero esta entrada est\u00e1 disponible s\u00f3lo en Alem\u00e1n, Ingl\u00e9s Estadounidense, Franc\u00e9s y Italiano. For the sake of viewer convenience, the content is shown below in this site default language. You may click one of the links to switch the site language to another available language.[vc_row][vc_column width=&#8221;5\/12&#8243;][vc_column_text] HuntersMapp Pro &nbsp; Einzelne L\u00e4nder k\u00f6nnen von den [&hellip;]<\/p>\n","protected":false},"author":4,"featured_media":0,"parent":214,"menu_order":1,"comment_status":"closed","ping_status":"closed","template":"","meta":[],"_links":{"self":[{"href":"https:\/\/huntersmapp.com\/es\/wp-json\/wp\/v2\/pages\/831"}],"collection":[{"href":"https:\/\/huntersmapp.com\/es\/wp-json\/wp\/v2\/pages"}],"about":[{"href":"https:\/\/huntersmapp.com\/es\/wp-json\/wp\/v2\/types\/page"}],"author":[{"embeddable":true,"href":"https:\/\/huntersmapp.com\/es\/wp-json\/wp\/v2\/users\/4"}],"replies":[{"embeddable":true,"href":"https:\/\/huntersmapp.com\/es\/wp-json\/wp\/v2\/comments?post=831"}],"version-history":[{"count":43,"href":"https:\/\/huntersmapp.com\/es\/wp-json\/wp\/v2\/pages\/831\/revisions"}],"predecessor-version":[{"id":2834,"href":"https:\/\/huntersmapp.com\/es\/wp-json\/wp\/v2\/pages\/831\/revisions\/2834"}],"up":[{"embeddable":true,"href":"https:\/\/huntersmapp.com\/es\/wp-json\/wp\/v2\/pages\/214"}],"wp:attachment":[{"href":"https:\/\/huntersmapp.com\/es\/wp-json\/wp\/v2\/media?parent=831"}],"curies":[{"name":"wp","href":"https:\/\/api.w.org\/{rel}","templated":true}]}}