{"id":93,"date":"2017-01-24T16:13:04","date_gmt":"2017-01-24T15:13:04","guid":{"rendered":"http:\/\/huntersmapp.com\/?page_id=93"},"modified":"2019-09-12T08:43:12","modified_gmt":"2019-09-12T06:43:12","slug":"ausruestungsmanager","status":"publish","type":"page","link":"https:\/\/huntersmapp.com\/es\/jagdplaner\/ausruestungsmanager\/","title":{"rendered":"(Deutsch) Ausr\u00fcstungsmanager"},"content":{"rendered":"<p class=\"qtranxs-available-languages-message qtranxs-available-languages-message-es\">Disculpa, pero esta entrada est\u00e1 disponible s\u00f3lo en <a href=\"https:\/\/huntersmapp.com\/de\/wp-json\/wp\/v2\/pages\/93\" class=\"qtranxs-available-language-link qtranxs-available-language-link-de\" title=\"Deutsch\">Alem\u00e1n<\/a>. For the sake of viewer convenience, the content is shown below in the alternative language. You may click the link to switch the active language.<\/p><p>[vc_row][vc_column width=&#8221;5\/12&#8243;][vc_column_text]<\/p>\n<h1>Ausr\u00fcstungsmanager<\/h1>\n<p>Ob Waffen, Zielfernrohre, Munition, Wildkamera, Fernglas &#8230; mit dem Ausr\u00fcstungsmanager k\u00f6nnen Sie Ihre Tagebucheintr\u00e4ge ganz einfach um die von Ihnen verwendete Ausr\u00fcstung erg\u00e4nzen.<\/p>\n<p><strong>Und so einfach funktioniert der Ausr\u00fcstungsmanager:<\/strong><\/p>\n<ul>\n<li>Kategorie ausw\u00e4hlen<\/li>\n<li>Foto machen oder aus der Bibliothek hinzuf\u00fcgen<\/li>\n<li>Ausr\u00fcstungsdetails eingeben &#8211; fertig!<\/li>\n<li>Noch einfacher geht es mit dem Ausr\u00fcstungskatalog &#8211; hier k\u00f6nnen Sie die Ausr\u00fcstung einfach \u00fcbernehmen<\/li>\n<\/ul>\n<p><strong>Gut zu Wissen<\/strong>: Ausr\u00fcstungsgegenst\u00e4nde (z. B. aus Ihrer Wunschliste) k\u00f6nnen per Messenger an Freunde verschickt werden.<\/p>\n<p><strong>Ihr Plus:<\/strong> Sie k\u00f6nnen bei st\u00f6bern nach Ausr\u00fcstung auch direkt auf den Shop wechseln und die Ausr\u00fcstung kaufen!<\/p>\n<p><strong>Demn\u00e4chst in der HuntersMapp verf\u00fcgbar:\u00a0<\/strong>In 2019 folgt die Integration einer Wildkamera. Die Fotos werden per Datenkarte von der Wildkamera direkt an den HuntersMapp &#8211; Server schickt. Dazu gibt es eine einfach zu bedienendes Bilderverwaltung-Tool mit \u00dcbernahmem\u00f6glichkeit in Ihr Jagdtagebuch, die viele weitere Informationen wie z. B. Windampel und Lichtverh\u00e4ltnisse zum Zeitpunkt der Fotoerstellung enth\u00e4lt.<\/p>\n<p><strong>Ihr Plus:<\/strong>\u00a0Positionieren Sie die Wildkamera auf ihrer Revierkarte\u00a0und gew\u00e4hren Sie ausgew\u00e4hlten Jagdfreunden und Mitj\u00e4gern die Berechtigung, die Bilder Ihrer Wildkamera zu sehen (nur Anzeigeberechtigung).[\/vc_column_text][\/vc_column][vc_column width=&#8221;7\/12&#8243;][vc_single_image image=&#8221;2585&#8243; img_size=&#8221;large&#8221;][vc_single_image image=&#8221;2052&#8243; onclick=&#8221;link_image&#8221;][vc_raw_html]JTNDaHRtbCUzRSUwQSUzQ2JvZHklM0UlMEElM0NkaXYlMjBhbGlnbiUzRCUyN2NlbnRlciUyNyUzRSUwQSUzQyUyMS0tJTIwQkVHSU4lMjBQQVJUTkVSJTIwUFJPR1JBTSUyMC0lMjBETyUyME5PVCUyMENIQU5HRSUyMFRIRSUyMFBBUkFNRVRFUlMlMjBPRiUyMFRIRSUyMEhZUEVSTElOSyUyMC0tJTNFJTBBJTNDc2NyaXB0JTIwdHlwZSUzRCUyMnRleHQlMkZqYXZhc2NyaXB0JTIyJTIwc3JjJTNEJTIyaHR0cCUzQSUyRiUyRmJhbm5lcnMud2VibWFzdGVycGxhbi5jb20lMkZ2aWV3LmFzcCUzRnJlZiUzRDg1NTgwMCUyNmpzJTNEMSUyNnNpdGUlM0Q2NjE4JTI2YiUzRDI5JTI2dGFyZ2V0JTNEX2JsYW5rJTI2dGl0bGUlM0RGcmFua29uaWElMkItJTJCTW9kZSUyQmZ1ZXIlMkJob2VjaHN0ZSUyQkFuc3BydWVjaGUlMjIlMjAlM0UlM0MlMkZzY3JpcHQlM0UlM0Nub3NjcmlwdCUzRSUzQ2ElMjBocmVmJTNEJTIyaHR0cCUzQSUyRiUyRnBhcnRuZXJzLndlYm1hc3RlcnBsYW4uY29tJTJGY2xpY2suYXNwJTNGcmVmJTNEODU1ODAwJTI2c2l0ZSUzRDY2MTglMjZ0eXBlJTNEYjI5JTI2Ym5iJTNEMjklMjIlMjB0YXJnZXQlM0QlMjJfYmxhbmslMjIlM0UlMEElM0NpbWclMjBzcmMlM0QlMjJodHRwJTNBJTJGJTJGYmFubmVycy53ZWJtYXN0ZXJwbGFuLmNvbSUyRnZpZXcuYXNwJTNGcmVmJTNEODU1ODAwJTI2c2l0ZSUzRDY2MTglMjZiJTNEMjklMjIlMjBib3JkZXIlM0QlMjIwJTIyJTIwdGl0bGUlM0QlMjJGcmFua29uaWElMjAtJTIwTW9kZSUyMGZ1ZXIlMjBob2VjaHN0ZSUyMEFuc3BydWVjaGUlMjIlMjBhbHQlM0QlMjJGcmFua29uaWElMjAtJTIwTW9kZSUyMGZ1ZXIlMjBob2VjaHN0ZSUyMEFuc3BydWVjaGUlMjIlMjB3aWR0aCUzRCUyMjIwMCUyMiUyMGhlaWdodCUzRCUyMjYwJTIyJTIwJTJGJTNFJTNDJTJGYSUzRSUzQyUyRm5vc2NyaXB0JTNFJTBBJTNDJTIxLS0lMjBFTkQlMjBQQVJUTkVSJTIwUFJPR1JBTSUyMC0tJTNFJTBBJTNDJTJGZGl2JTNFJTBBJTNDJTJGYm9keSUzRSUwQSUwQSUzQyUyRmh0bWwlM0U=[\/vc_raw_html][\/vc_column][\/vc_row]<\/p>","protected":false},"excerpt":{"rendered":"<p>Disculpa, pero esta entrada est\u00e1 disponible s\u00f3lo en Alem\u00e1n. For the sake of viewer convenience, the content is shown below in the alternative language. You may click the link to switch the active language.[vc_row][vc_column width=&#8221;5\/12&#8243;][vc_column_text] Ausr\u00fcstungsmanager Ob Waffen, Zielfernrohre, Munition, Wildkamera, Fernglas &#8230; mit dem Ausr\u00fcstungsmanager k\u00f6nnen Sie Ihre Tagebucheintr\u00e4ge ganz einfach um die von [&hellip;]<\/p>\n","protected":false},"author":4,"featured_media":0,"parent":32,"menu_order":3,"comment_status":"closed","ping_status":"closed","template":"","meta":[],"_links":{"self":[{"href":"https:\/\/huntersmapp.com\/es\/wp-json\/wp\/v2\/pages\/93"}],"collection":[{"href":"https:\/\/huntersmapp.com\/es\/wp-json\/wp\/v2\/pages"}],"about":[{"href":"https:\/\/huntersmapp.com\/es\/wp-json\/wp\/v2\/types\/page"}],"author":[{"embeddable":true,"href":"https:\/\/huntersmapp.com\/es\/wp-json\/wp\/v2\/users\/4"}],"replies":[{"embeddable":true,"href":"https:\/\/huntersmapp.com\/es\/wp-json\/wp\/v2\/comments?post=93"}],"version-history":[{"count":15,"href":"https:\/\/huntersmapp.com\/es\/wp-json\/wp\/v2\/pages\/93\/revisions"}],"predecessor-version":[{"id":2591,"href":"https:\/\/huntersmapp.com\/es\/wp-json\/wp\/v2\/pages\/93\/revisions\/2591"}],"up":[{"embeddable":true,"href":"https:\/\/huntersmapp.com\/es\/wp-json\/wp\/v2\/pages\/32"}],"wp:attachment":[{"href":"https:\/\/huntersmapp.com\/es\/wp-json\/wp\/v2\/media?parent=93"}],"curies":[{"name":"wp","href":"https:\/\/api.w.org\/{rel}","templated":true}]}}