{"id":100,"date":"2017-01-24T16:25:03","date_gmt":"2017-01-24T15:25:03","guid":{"rendered":"http:\/\/huntersmapp.com\/?page_id=100"},"modified":"2019-08-07T10:02:51","modified_gmt":"2019-08-07T08:02:51","slug":"einfache-jagd","status":"publish","type":"page","link":"https:\/\/huntersmapp.com\/fr\/jagdplaner\/einfache-jagd\/","title":{"rendered":"Chasse simple"},"content":{"rendered":"<p>[vc_row][vc_column width=&#8221;5\/12&#8243;][vc_column_text]<\/p>\n<h1>Chasse simple<\/h1>\n<p>Tr\u00e8s simple et tout simplement g\u00e9nial : La fonction \u00ab\u00a0chasse simple\u00a0\u00bb vous permet de lancer une chasse collective en un tournemain. Vous pouvez p.ex. cr\u00e9er un groupe de chasseurs dans le messenger HuntersMapp en tant que chef de chasse en s\u00e9lectionnant les chasseurs participant dans votre r\u00e9pertoire ainsi que le territoire de chasse sur votre liste des territoires et lancer ensuite la chasse :<\/p>\n<ul>\n<li>Les participants re\u00e7oivent une invitation \u00e0 la chasse de la part du chef de chasse.<\/li>\n<li>Par l\u2019acceptation de cette invitation, les donn\u00e9es du territoire de chasse sont transmises aux participants et le signal GPS de chaque participant est affich\u00e9 sur la carte de la chasse. Chaque participant peut quitter la chasse HuntersMapp \u00e0 tout moment moyennant la commande \u00ab\u00a0arr\u00eater la chasse\u00a0\u00bb.<\/li>\n<li>La communication se fait via le chat HuntersMapp.<\/li>\n<li>Le chef de chasse peut arr\u00eater la chasse manuellement. Dans ce cas, la carte de la chasse se ferme pour tout le monde.<\/li>\n<li>La fonction \u00ab\u00a0participants\u00a0\u00bb peut \u00e9galement \u00eatre utilis\u00e9e avec le viewer HuntersMapp gratuit.<\/li>\n<li>Les images et positions GPS d\u2019\u00e9v\u00e9nements tels que vues et tirs peuvent \u00eatre partag\u00e9es via le chat HuntersMapp.<\/li>\n<li>Vous pouvez t\u00e9l\u00e9charger la carte de la chasse dans toutes les r\u00e9solutions hors ligne sur votre t\u00e9l\u00e9phone portable et vous \u00eates ainsi ind\u00e9pendant d\u2019Internet par la suite.<\/li>\n<\/ul>\n<p>Gr\u00e2ce \u00e0 la\u00a0<a href=\"http:\/\/huntersmapp.com\/kommunikation\/peer-to-peer\/\"><strong>technologie peer-to-peer<\/strong><\/a>, la communication entre les participants peut se faire m\u00eame sans r\u00e9seau public.[\/vc_column_text][\/vc_column][vc_column width=&#8221;7\/12&#8243;][vc_single_image image=&#8221;1355&#8243; img_size=&#8221;large&#8221;][\/vc_column][\/vc_row]<\/p>","protected":false},"excerpt":{"rendered":"<p>[vc_row][vc_column width=&#8221;5\/12&#8243;][vc_column_text] Chasse simple Tr\u00e8s simple et tout simplement g\u00e9nial : La fonction \u00ab\u00a0chasse simple\u00a0\u00bb vous permet de lancer une chasse collective en un tournemain. Vous pouvez p.ex. cr\u00e9er un groupe de chasseurs dans le messenger HuntersMapp en tant que chef de chasse en s\u00e9lectionnant les chasseurs participant dans votre r\u00e9pertoire ainsi que le territoire [&hellip;]<\/p>\n","protected":false},"author":4,"featured_media":0,"parent":32,"menu_order":4,"comment_status":"closed","ping_status":"closed","template":"","meta":[],"_links":{"self":[{"href":"https:\/\/huntersmapp.com\/fr\/wp-json\/wp\/v2\/pages\/100"}],"collection":[{"href":"https:\/\/huntersmapp.com\/fr\/wp-json\/wp\/v2\/pages"}],"about":[{"href":"https:\/\/huntersmapp.com\/fr\/wp-json\/wp\/v2\/types\/page"}],"author":[{"embeddable":true,"href":"https:\/\/huntersmapp.com\/fr\/wp-json\/wp\/v2\/users\/4"}],"replies":[{"embeddable":true,"href":"https:\/\/huntersmapp.com\/fr\/wp-json\/wp\/v2\/comments?post=100"}],"version-history":[{"count":44,"href":"https:\/\/huntersmapp.com\/fr\/wp-json\/wp\/v2\/pages\/100\/revisions"}],"predecessor-version":[{"id":2509,"href":"https:\/\/huntersmapp.com\/fr\/wp-json\/wp\/v2\/pages\/100\/revisions\/2509"}],"up":[{"embeddable":true,"href":"https:\/\/huntersmapp.com\/fr\/wp-json\/wp\/v2\/pages\/32"}],"wp:attachment":[{"href":"https:\/\/huntersmapp.com\/fr\/wp-json\/wp\/v2\/media?parent=100"}],"curies":[{"name":"wp","href":"https:\/\/api.w.org\/{rel}","templated":true}]}}