{"id":105,"date":"2017-01-24T16:32:55","date_gmt":"2017-01-24T15:32:55","guid":{"rendered":"http:\/\/huntersmapp.com\/?page_id=105"},"modified":"2019-08-07T10:02:02","modified_gmt":"2019-08-07T08:02:02","slug":"organisierte-jagd","status":"publish","type":"page","link":"https:\/\/huntersmapp.com\/fr\/jagdplaner\/organisierte-jagd\/","title":{"rendered":"Battue organiser"},"content":{"rendered":"<p>[vc_row][vc_column width=&#8221;5\/12&#8243;][vc_column_text]<\/p>\n<h1>Chasse organis\u00e9e<\/h1>\n<p>Vous voulez vivre des chasses collectives telles que traque ou battue ou alors la chasse collective \u00e0 l\u2019approche en tant que chef de chasse et participant dans une dynamique tout \u00e0 fait nouvelle ? Gr\u00e2ce \u00e0 notre fonction \u00ab\u00a0chasse organis\u00e9e\u00a0\u00bb ce v\u0153u est r\u00e9alis\u00e9 !<\/p>\n<p>Les fonctions de \u00ab\u00a0chasse organis\u00e9e\u00a0\u00bb sont similaires \u00e0 celles de \u00a0<a href=\"http:\/\/huntersmapp.com\/jagdplaner\/einfache-jagd\/\">\u00ab\u00a0chasse simple\u00a0\u00bb<\/a>, comprennent par contre les \u00a0<strong>fonctions suppl\u00e9mentaires<\/strong> suivantes :<\/p>\n<ul>\n<li><strong>Id\u00e9al pour la battue :<\/strong>\u00a0le chef de chasse peut copier et renommer sa carte du territoire de chasse. Tous les rep\u00e8res (aff\u00fbts\/autres) actuellement non n\u00e9cessit\u00e9s peuvent ainsi \u00eatre effac\u00e9s de la carte et toutes les informations importantes pour la battue (p.ex. lieu de rencontre, lieu de rassemblement, diff\u00e9rents postes) peuvent \u00eatre ajout\u00e9es.<\/li>\n<li>L\u2019\u00a0<strong>invitation<\/strong>\u00a0des participants \u00e0 la battue se fait par un groupe chat HuntersMapp qui sert \u00e9galement de base pour le \u00a0<strong>planning d\u00e9taill\u00e9 de la chasse<\/strong>\u00a0.<\/li>\n<li>Vous pouvez attribuer \u00e0 chaque\u00a0<strong>participant \u00e0 la chasse<\/strong>\u00a0un \u00a0<strong>poste<\/strong><strong>\u00a0<\/strong>et<strong>\u00a0<\/strong>un\u00a0<strong>r\u00f4le individuel<\/strong>\u00a0(p.ex. chef de ligne, chasseur, traqueur, \u00a0 \u00a0 \u00a0 conducteur de chien de sang ou secouriste).<\/li>\n<li>Le chef de chasse peut d\u00e9finir les \u00a0<strong>r\u00e8gles de la chasse<\/strong>\u00a0et les envoyer aux participants au d\u00e9but de la chasse.<\/li>\n<\/ul>\n<p>Gr\u00e2ce \u00e0 la \u00a0<a href=\"http:\/\/huntersmapp.com\/kommunikation\/peer-to-peer\/\"><strong>technologie peer-to-peer<\/strong><\/a>\u00a0int\u00e9gr\u00e9e, les amis chasseurs peuvent communiquer m\u00eame sans r\u00e9seau public, les utilisateurs de l\u2019application HuntersMapp servant \u00e0 stabiliser le r\u00e9seau de communication. Sans le mat\u00e9riel sp\u00e9cial HuntersMapp la port\u00e9e est n\u00e9anmoins fortement restreinte.<\/p>\n<p><a href=\"http:\/\/huntersmapp.com\/extras\/hardware\/\">D\u00e9couvrez le mat\u00e9riel HuntersMapp!<\/a>[\/vc_column_text][\/vc_column][vc_column width=&#8221;7\/12&#8243;][vc_single_image image=&#8221;586&#8243; img_size=&#8221;large&#8221;][\/vc_column][\/vc_row]<\/p>","protected":false},"excerpt":{"rendered":"<p>[vc_row][vc_column width=&#8221;5\/12&#8243;][vc_column_text] Chasse organis\u00e9e Vous voulez vivre des chasses collectives telles que traque ou battue ou alors la chasse collective \u00e0 l\u2019approche en tant que chef de chasse et participant dans une dynamique tout \u00e0 fait nouvelle ? Gr\u00e2ce \u00e0 notre fonction \u00ab\u00a0chasse organis\u00e9e\u00a0\u00bb ce v\u0153u est r\u00e9alis\u00e9 ! Les fonctions de \u00ab\u00a0chasse organis\u00e9e\u00a0\u00bb sont [&hellip;]<\/p>\n","protected":false},"author":4,"featured_media":0,"parent":32,"menu_order":5,"comment_status":"closed","ping_status":"closed","template":"","meta":[],"_links":{"self":[{"href":"https:\/\/huntersmapp.com\/fr\/wp-json\/wp\/v2\/pages\/105"}],"collection":[{"href":"https:\/\/huntersmapp.com\/fr\/wp-json\/wp\/v2\/pages"}],"about":[{"href":"https:\/\/huntersmapp.com\/fr\/wp-json\/wp\/v2\/types\/page"}],"author":[{"embeddable":true,"href":"https:\/\/huntersmapp.com\/fr\/wp-json\/wp\/v2\/users\/4"}],"replies":[{"embeddable":true,"href":"https:\/\/huntersmapp.com\/fr\/wp-json\/wp\/v2\/comments?post=105"}],"version-history":[{"count":47,"href":"https:\/\/huntersmapp.com\/fr\/wp-json\/wp\/v2\/pages\/105\/revisions"}],"predecessor-version":[{"id":2508,"href":"https:\/\/huntersmapp.com\/fr\/wp-json\/wp\/v2\/pages\/105\/revisions\/2508"}],"up":[{"embeddable":true,"href":"https:\/\/huntersmapp.com\/fr\/wp-json\/wp\/v2\/pages\/32"}],"wp:attachment":[{"href":"https:\/\/huntersmapp.com\/fr\/wp-json\/wp\/v2\/media?parent=105"}],"curies":[{"name":"wp","href":"https:\/\/api.w.org\/{rel}","templated":true}]}}