{"id":112,"date":"2017-01-25T11:39:40","date_gmt":"2017-01-25T10:39:40","guid":{"rendered":"http:\/\/huntersmapp.com\/?page_id=112"},"modified":"2019-09-12T08:47:30","modified_gmt":"2019-09-12T06:47:30","slug":"jagdfreunde","status":"publish","type":"page","link":"https:\/\/huntersmapp.com\/fr\/revier\/jagdfreunde\/","title":{"rendered":"Amis chasseurs"},"content":{"rendered":"<p>[vc_row][vc_column width=&#8221;5\/12&#8243;][vc_column_text]<\/p>\n<h1>Amis chasseurs<\/h1>\n<p>La plus belle chose au monde serait inconcevable sans ceux qui partagent la m\u00eame passion !<\/p>\n<p>Cr\u00e9ez tout simplement un nouveau groupe chat avec les compagnons qui chassent avec vous sur le territoire et partagez-y toutes les informations.<\/p>\n<h3>Points forts du module \u00ab\u00a0amis chasseurs \u00bb :<\/h3>\n<ul>\n<li>La cr\u00e9ation d\u2019un nouveau territoire, le rajout d\u2019aff\u00fbts ou le d\u00e9placement d\u2019\u00e9chelles ou d\u2019abris sont saisis par un seul chasseur et partag\u00e9s ensuite avec les autres chasseurs du groupe. Pas besoin de saisies multiples !<\/li>\n<li>Les amis chasseurs (destinataires) re\u00e7oivent un message chat avec les nouvelles donn\u00e9es du territoire et n\u2019ont plus qu\u2019\u00e0 les reprendre &#8211; rien de plus simple et de plus convivial\u00a0!<\/li>\n<li>Vous planifiez un aff\u00fbt collectif ou une battue ? Aucun probl\u00e8me ! Copiez tout simplement le territoire existant et nommez la copie p.ex. \u00ab\u00a0Aff\u00fbt collectif du 25\/05\/2017, 19 heures, territoire de chasse Oberlauterbach\u00a0\u00bb. Adaptez ensuite les donn\u00e9es du territoire selon vos besoins. Vous pouvez effacer des aff\u00fbts, en rajouter d\u2019autres ou cr\u00e9er un point de rencontre sur la carte du territoire de chasse avec informations d\u00e9taill\u00e9es concernant la date, l\u2019heure ou toute autre indication que vous jugerez utile. Partagez ensuite le territoire adapt\u00e9 avec vos invit\u00e9s chasseurs. Ainsi chacun sait \u00e0 l\u2019avance o\u00f9 se trouve son poste et re\u00e7oit en m\u00eame temps des informations d\u00e9taill\u00e9es sur son stand d\u2019aff\u00fbt\/poste.<\/li>\n<\/ul>\n<p>[\/vc_column_text][\/vc_column][vc_column width=&#8221;7\/12&#8243;][vc_images_carousel images=&#8221;585,1352,1353&#8243; img_size=&#8221;large&#8221; autoplay=&#8221;yes&#8221; wrap=&#8221;yes&#8221;][\/vc_column][\/vc_row]<\/p>","protected":false},"excerpt":{"rendered":"<p>[vc_row][vc_column width=&#8221;5\/12&#8243;][vc_column_text] Amis chasseurs La plus belle chose au monde serait inconcevable sans ceux qui partagent la m\u00eame passion ! Cr\u00e9ez tout simplement un nouveau groupe chat avec les compagnons qui chassent avec vous sur le territoire et partagez-y toutes les informations. Points forts du module \u00ab\u00a0amis chasseurs \u00bb : La cr\u00e9ation d\u2019un nouveau territoire, [&hellip;]<\/p>\n","protected":false},"author":4,"featured_media":0,"parent":42,"menu_order":2,"comment_status":"closed","ping_status":"closed","template":"","meta":[],"_links":{"self":[{"href":"https:\/\/huntersmapp.com\/fr\/wp-json\/wp\/v2\/pages\/112"}],"collection":[{"href":"https:\/\/huntersmapp.com\/fr\/wp-json\/wp\/v2\/pages"}],"about":[{"href":"https:\/\/huntersmapp.com\/fr\/wp-json\/wp\/v2\/types\/page"}],"author":[{"embeddable":true,"href":"https:\/\/huntersmapp.com\/fr\/wp-json\/wp\/v2\/users\/4"}],"replies":[{"embeddable":true,"href":"https:\/\/huntersmapp.com\/fr\/wp-json\/wp\/v2\/comments?post=112"}],"version-history":[{"count":37,"href":"https:\/\/huntersmapp.com\/fr\/wp-json\/wp\/v2\/pages\/112\/revisions"}],"predecessor-version":[{"id":2592,"href":"https:\/\/huntersmapp.com\/fr\/wp-json\/wp\/v2\/pages\/112\/revisions\/2592"}],"up":[{"embeddable":true,"href":"https:\/\/huntersmapp.com\/fr\/wp-json\/wp\/v2\/pages\/42"}],"wp:attachment":[{"href":"https:\/\/huntersmapp.com\/fr\/wp-json\/wp\/v2\/media?parent=112"}],"curies":[{"name":"wp","href":"https:\/\/api.w.org\/{rel}","templated":true}]}}