{"id":117,"date":"2017-01-25T12:04:09","date_gmt":"2017-01-25T11:04:09","guid":{"rendered":"http:\/\/huntersmapp.com\/?page_id=117"},"modified":"2019-09-12T08:58:09","modified_gmt":"2019-09-12T06:58:09","slug":"jagdeinrichtungen","status":"publish","type":"page","link":"https:\/\/huntersmapp.com\/fr\/revier\/jagdeinrichtungen\/","title":{"rendered":"Installations cyn\u00e9g\u00e9tiques"},"content":{"rendered":"<p>[vc_row][vc_column width=&#8221;5\/12&#8243;][vc_column_text]<\/p>\n<h1>Installations cyn\u00e9g\u00e9tiques<\/h1>\n<p>Le vent est-il favorable pour que le gibier ne me per\u00e7oive pas \u00e0 l\u2019aff\u00fbt ? Mon souvenir des installations cyn\u00e9g\u00e9tiques existant sur le territoire est-il correct ? L\u2019inspection du territoire \u00e9tait-elle suffisante ?<br \/>\nNotre module \u00ab\u00a0installations cyn\u00e9g\u00e9tiques\u00a0\u00bb vous permet de r\u00e9pondre sereinement \u00e0 toutes ces questions et \u00e0 bien d\u2019autres concernant les pr\u00e9paratifs de la chasse par \u00ab\u00a0Oui, bien s\u00fbr !\u00a0\u00bb &#8230;.<\/p>\n<h3>Points forts du module \u00ab\u00a0installations cyn\u00e9g\u00e9tiques\u00a0\u00bb :<\/h3>\n<ul>\n<li>Vous pouvez positionner des installations cyn\u00e9g\u00e9tiques sur la carte, attribuer un nom et les sauvegarder.<\/li>\n<li>Le positionnement sur la carte se fait manuellement ou alors par simple reprise de la position GPS actuelle.<\/li>\n<\/ul>\n<p><strong>Notre conseil :<\/strong>\u00a0Nous vous recommandons de m\u00e9moriser non seulement la position, mais \u00e9galement les informations relatives au vent pour tous les aff\u00fbts. Saisissez les conditions de vent les plus favorables (vent de face) en alignant votre t\u00e9l\u00e9phone portable sur le bord gauche de la meilleure direction du vent et tapez sur \u00ab\u00a0\u00e0 gauche\u00a0\u00bb, pivotez ensuite au bord droit de la meilleure direction du vent et tapez sur \u00ab\u00a0\u00e0 droite\u00a0\u00bb &#8211; et c\u2019est tout !<\/p>\n<p>Sur la carte du territoire de chasse, les aff\u00fbts pr\u00e9sentant des conditions de vent favorables sont d\u00e9sormais affich\u00e9es en vert fonc\u00e9, ceux o\u00f9 le vent est critique (secteur jaune automatiquement identifi\u00e9) sont l\u00e9g\u00e8rement transparents et ceux o\u00f9 le vent est d\u00e9favorable (secteur rouge automatiquement identifi\u00e9) sont fortement transparents. Par le r\u00e9glage de la plage horaire pr\u00e9vue pour la chasse, HuntersMapp recours aux pr\u00e9visions du vent pour la p\u00e9riode en question et actualise les couleurs des aff\u00fbts sur la carte en cons\u00e9quence.<\/p>\n<p>[\/vc_column_text][\/vc_column][vc_column width=&#8221;7\/12&#8243;][vc_images_carousel images=&#8221;599,595&#8243; img_size=&#8221;large&#8221; autoplay=&#8221;yes&#8221; wrap=&#8221;yes&#8221;][\/vc_column][\/vc_row]<\/p>","protected":false},"excerpt":{"rendered":"<p>[vc_row][vc_column width=&#8221;5\/12&#8243;][vc_column_text] Installations cyn\u00e9g\u00e9tiques Le vent est-il favorable pour que le gibier ne me per\u00e7oive pas \u00e0 l\u2019aff\u00fbt ? Mon souvenir des installations cyn\u00e9g\u00e9tiques existant sur le territoire est-il correct ? L\u2019inspection du territoire \u00e9tait-elle suffisante ? Notre module \u00ab\u00a0installations cyn\u00e9g\u00e9tiques\u00a0\u00bb vous permet de r\u00e9pondre sereinement \u00e0 toutes ces questions et \u00e0 bien d\u2019autres concernant [&hellip;]<\/p>\n","protected":false},"author":4,"featured_media":0,"parent":42,"menu_order":3,"comment_status":"closed","ping_status":"closed","template":"","meta":[],"_links":{"self":[{"href":"https:\/\/huntersmapp.com\/fr\/wp-json\/wp\/v2\/pages\/117"}],"collection":[{"href":"https:\/\/huntersmapp.com\/fr\/wp-json\/wp\/v2\/pages"}],"about":[{"href":"https:\/\/huntersmapp.com\/fr\/wp-json\/wp\/v2\/types\/page"}],"author":[{"embeddable":true,"href":"https:\/\/huntersmapp.com\/fr\/wp-json\/wp\/v2\/users\/4"}],"replies":[{"embeddable":true,"href":"https:\/\/huntersmapp.com\/fr\/wp-json\/wp\/v2\/comments?post=117"}],"version-history":[{"count":40,"href":"https:\/\/huntersmapp.com\/fr\/wp-json\/wp\/v2\/pages\/117\/revisions"}],"predecessor-version":[{"id":2596,"href":"https:\/\/huntersmapp.com\/fr\/wp-json\/wp\/v2\/pages\/117\/revisions\/2596"}],"up":[{"embeddable":true,"href":"https:\/\/huntersmapp.com\/fr\/wp-json\/wp\/v2\/pages\/42"}],"wp:attachment":[{"href":"https:\/\/huntersmapp.com\/fr\/wp-json\/wp\/v2\/media?parent=117"}],"curies":[{"name":"wp","href":"https:\/\/api.w.org\/{rel}","templated":true}]}}