{"id":120,"date":"2017-01-25T12:13:04","date_gmt":"2017-01-25T11:13:04","guid":{"rendered":"http:\/\/huntersmapp.com\/?page_id=120"},"modified":"2019-09-12T09:09:34","modified_gmt":"2019-09-12T07:09:34","slug":"poi","status":"publish","type":"page","link":"https:\/\/huntersmapp.com\/fr\/revier\/poi\/","title":{"rendered":"Points d&#8217;int\u00e9r\u00eat"},"content":{"rendered":"<p>[vc_row][vc_column width=&#8221;5\/12&#8243;][vc_column_text]<\/p>\n<h1>Points of Interest (POI) (points d\u2019int\u00e9r\u00eat)<\/h1>\n<p>Ce module polyvalent ne fera non seulement la joie de vos amis chasseurs et de vous-m\u00eame, mais \u00e9galement (dans la mesure o\u00f9 vous le souhaitez) des nouveaux chasseurs et invit\u00e9s qui ne connaissent pas encore bien le territoire de chasse. Le positionnement des POI se fait de la m\u00eame fa\u00e7on que pour les installations cyn\u00e9g\u00e9tiques et est marqu\u00e9 par un rep\u00e8re orange sur la carte.<\/p>\n<h3>Points forts du module \u00ab\u00a0POI\u00a0\u00bb :<\/h3>\n<ul>\n<li>Vous pouvez positionner les POI \u2013 de mani\u00e8re analogue aux\u00a0<a href=\"http:\/\/huntersmapp.com\/revier\/jagdeinrichtungen\/\">installations cyn\u00e9g\u00e9tiques<\/a>\u00a0\u2013 sur la carte, attribuer un nom (p.ex. \u00ab\u00a0Agrainage Attenhausen\u00a0\u00bb, \u00ab\u00a0Pavillon de chasse de la for\u00eat\u00a0\u00bb, \u00ab\u00a0Souille du bois communal\u00a0\u00bb) et les m\u00e9moriser.<\/li>\n<li>Le positionnement sur la carte se fait manuellement ou alors par simple reprise de la position GPS actuelle, si vous \u00eates en train d\u2019inspecter le territoire ou si vous \u00eates sur place.<\/li>\n<\/ul>\n<p>[\/vc_column_text][\/vc_column][vc_column width=&#8221;7\/12&#8243;][vc_single_image image=&#8221;598&#8243; img_size=&#8221;large&#8221;][\/vc_column][\/vc_row]<\/p>","protected":false},"excerpt":{"rendered":"<p>[vc_row][vc_column width=&#8221;5\/12&#8243;][vc_column_text] Points of Interest (POI) (points d\u2019int\u00e9r\u00eat) Ce module polyvalent ne fera non seulement la joie de vos amis chasseurs et de vous-m\u00eame, mais \u00e9galement (dans la mesure o\u00f9 vous le souhaitez) des nouveaux chasseurs et invit\u00e9s qui ne connaissent pas encore bien le territoire de chasse. Le positionnement des POI se fait de [&hellip;]<\/p>\n","protected":false},"author":4,"featured_media":0,"parent":42,"menu_order":4,"comment_status":"closed","ping_status":"closed","template":"","meta":[],"_links":{"self":[{"href":"https:\/\/huntersmapp.com\/fr\/wp-json\/wp\/v2\/pages\/120"}],"collection":[{"href":"https:\/\/huntersmapp.com\/fr\/wp-json\/wp\/v2\/pages"}],"about":[{"href":"https:\/\/huntersmapp.com\/fr\/wp-json\/wp\/v2\/types\/page"}],"author":[{"embeddable":true,"href":"https:\/\/huntersmapp.com\/fr\/wp-json\/wp\/v2\/users\/4"}],"replies":[{"embeddable":true,"href":"https:\/\/huntersmapp.com\/fr\/wp-json\/wp\/v2\/comments?post=120"}],"version-history":[{"count":25,"href":"https:\/\/huntersmapp.com\/fr\/wp-json\/wp\/v2\/pages\/120\/revisions"}],"predecessor-version":[{"id":2599,"href":"https:\/\/huntersmapp.com\/fr\/wp-json\/wp\/v2\/pages\/120\/revisions\/2599"}],"up":[{"embeddable":true,"href":"https:\/\/huntersmapp.com\/fr\/wp-json\/wp\/v2\/pages\/42"}],"wp:attachment":[{"href":"https:\/\/huntersmapp.com\/fr\/wp-json\/wp\/v2\/media?parent=120"}],"curies":[{"name":"wp","href":"https:\/\/api.w.org\/{rel}","templated":true}]}}