{"id":125,"date":"2017-01-25T12:30:43","date_gmt":"2017-01-25T11:30:43","guid":{"rendered":"http:\/\/huntersmapp.com\/?page_id=125"},"modified":"2019-01-04T17:29:59","modified_gmt":"2019-01-04T16:29:59","slug":"aufgabenliste","status":"publish","type":"page","link":"https:\/\/huntersmapp.com\/fr\/revier\/aufgabenliste\/","title":{"rendered":"Liste de t\u00e2ches"},"content":{"rendered":"<p>[vc_row][vc_column width=&#8221;5\/12&#8243;][vc_column_text]<\/p>\n<h1>Liste des t\u00e2ches<\/h1>\n<p><strong>(Disponible \u00e0 partir de la prochaine actualisation)<\/strong><\/p>\n<p>Qu\u2019il s\u2019agisse de r\u00e9parer un mirador ou retoucher les routes d\u2019acc\u00e8s et de sortie : les listes des t\u00e2ches concernant le territoire de chasse ne sont pas toujours accueillies avec enthousiasme. Par contre, notre module \u00ab\u00a0liste des t\u00e2ches\u00a0\u00bb peut changer la donne pour les utilisateurs de la HuntersMapp &#8230;.<\/p>\n<h3>Points forts du module \u00ab\u00a0listes des t\u00e2ches\u00a0\u00bb :<\/h3>\n<ul>\n<li>Tout compagnon de chasse peut cr\u00e9er des t\u00e2ches et les partager avec les autres chasseurs.<\/li>\n<li>Attribuez un nom (p.ex. \u00ab\u00a0r\u00e9paration \u00e9chelle\u00a0\u00bb) \u00e0 la t\u00e2che.<\/li>\n<li>S\u00e9lectionnez l\u2019installation cyn\u00e9g\u00e9tique concern\u00e9e parmi les installations d\u00e9j\u00e0 saisies.<\/li>\n<li>Le cas \u00e9ch\u00e9ant, vous pouvez ajouter une description succincte (p.ex. \u00ab\u00a0remplacer les \u00e9chelons 2 et 3 et une planche en bois\u00a0\u00bb).<\/li>\n<li>Partagez la t\u00e2che tout simplement avec les amis chasseurs du territoire de chasse !<\/li>\n<li>T\u00e2che accomplie ? D\u00e8s que la t\u00e2che aura \u00e9t\u00e9 accomplie par un des amis chasseurs, celui-ci cochera le point sur la liste des t\u00e2ches et partagera, \u00e0 son tour, l\u2019information avec les autres chasseurs.<\/li>\n<li>Tous les amis chasseurs sont ainsi inform\u00e9s en un clin d&#8217;\u0153il de l\u2019accomplissement de la t\u00e2che.<\/li>\n<\/ul>\n<p>[\/vc_column_text][\/vc_column][vc_column width=&#8221;7\/12&#8243;][vc_single_image image=&#8221;1356&#8243; img_size=&#8221;large&#8221;][\/vc_column][\/vc_row]<\/p>","protected":false},"excerpt":{"rendered":"<p>[vc_row][vc_column width=&#8221;5\/12&#8243;][vc_column_text] Liste des t\u00e2ches (Disponible \u00e0 partir de la prochaine actualisation) Qu\u2019il s\u2019agisse de r\u00e9parer un mirador ou retoucher les routes d\u2019acc\u00e8s et de sortie : les listes des t\u00e2ches concernant le territoire de chasse ne sont pas toujours accueillies avec enthousiasme. Par contre, notre module \u00ab\u00a0liste des t\u00e2ches\u00a0\u00bb peut changer la donne pour [&hellip;]<\/p>\n","protected":false},"author":4,"featured_media":0,"parent":42,"menu_order":7,"comment_status":"closed","ping_status":"closed","template":"","meta":[],"_links":{"self":[{"href":"https:\/\/huntersmapp.com\/fr\/wp-json\/wp\/v2\/pages\/125"}],"collection":[{"href":"https:\/\/huntersmapp.com\/fr\/wp-json\/wp\/v2\/pages"}],"about":[{"href":"https:\/\/huntersmapp.com\/fr\/wp-json\/wp\/v2\/types\/page"}],"author":[{"embeddable":true,"href":"https:\/\/huntersmapp.com\/fr\/wp-json\/wp\/v2\/users\/4"}],"replies":[{"embeddable":true,"href":"https:\/\/huntersmapp.com\/fr\/wp-json\/wp\/v2\/comments?post=125"}],"version-history":[{"count":27,"href":"https:\/\/huntersmapp.com\/fr\/wp-json\/wp\/v2\/pages\/125\/revisions"}],"predecessor-version":[{"id":2102,"href":"https:\/\/huntersmapp.com\/fr\/wp-json\/wp\/v2\/pages\/125\/revisions\/2102"}],"up":[{"embeddable":true,"href":"https:\/\/huntersmapp.com\/fr\/wp-json\/wp\/v2\/pages\/42"}],"wp:attachment":[{"href":"https:\/\/huntersmapp.com\/fr\/wp-json\/wp\/v2\/media?parent=125"}],"curies":[{"name":"wp","href":"https:\/\/api.w.org\/{rel}","templated":true}]}}