{"id":132,"date":"2017-01-25T15:08:29","date_gmt":"2017-01-25T14:08:29","guid":{"rendered":"http:\/\/huntersmapp.com\/?page_id=132"},"modified":"2019-01-04T16:46:25","modified_gmt":"2019-01-04T15:46:25","slug":"jagdtagebuch","status":"publish","type":"page","link":"https:\/\/huntersmapp.com\/fr\/jagdplaner\/jagdtagebuch\/","title":{"rendered":"Journal de chasse"},"content":{"rendered":"<p>[vc_row][vc_column width=&#8221;5\/12&#8243;][vc_column_text]<\/p>\n<h1>Journal de chasse<\/h1>\n<p>Surtout dans le domaine de la chasse, il s\u2019av\u00e8re juste qu\u2019une une image vaut mille mots ! Vous pouvez tr\u00e8s facilement saisir le gibier que vous avez vu et les tirs effectu\u00e9s et les garder pour toujours r\u00e9pertori\u00e9s dans les rubriques suivants :<\/p>\n<ul>\n<li>Gibier vu<\/li>\n<li>Gibier tir\u00e9<\/li>\n<li>Gibier pr\u00e9lev\u00e9<\/li>\n<li>Divers<\/li>\n<\/ul>\n<p><strong>L\u2019inscription dans le journal est aussi simple que \u00e7a :<\/strong><\/p>\n<ul>\n<li>Prenez une photo et s\u00e9lectionnez l\u2019esp\u00e8ce de gibier (p.ex. sanglier, chevreuil)<\/li>\n<li>Confirmez la date, l\u2019heure et le site par clic de validation &#8211; et c\u2019est tout !<\/li>\n<\/ul>\n<p><strong>Votre avantage :<\/strong>\u00a0si vous le d\u00e9sirez, vous pouvez compl\u00e9ter chaque entr\u00e9e dans le journal par des notes personnelles. Servez-vous de la fonction dict\u00e9e et vos paroles sont automatiquement converties en texte et m\u00e9moris\u00e9es dans le champ notes.[\/vc_column_text][\/vc_column][vc_column width=&#8221;7\/12&#8243;][vc_images_carousel images=&#8221;589,587&#8243; img_size=&#8221;large&#8221; autoplay=&#8221;yes&#8221; wrap=&#8221;yes&#8221;][\/vc_column][\/vc_row]<\/p>","protected":false},"excerpt":{"rendered":"<p>[vc_row][vc_column width=&#8221;5\/12&#8243;][vc_column_text] Journal de chasse Surtout dans le domaine de la chasse, il s\u2019av\u00e8re juste qu\u2019une une image vaut mille mots ! Vous pouvez tr\u00e8s facilement saisir le gibier que vous avez vu et les tirs effectu\u00e9s et les garder pour toujours r\u00e9pertori\u00e9s dans les rubriques suivants : Gibier vu Gibier tir\u00e9 Gibier pr\u00e9lev\u00e9 Divers [&hellip;]<\/p>\n","protected":false},"author":4,"featured_media":0,"parent":32,"menu_order":2,"comment_status":"closed","ping_status":"closed","template":"","meta":[],"_links":{"self":[{"href":"https:\/\/huntersmapp.com\/fr\/wp-json\/wp\/v2\/pages\/132"}],"collection":[{"href":"https:\/\/huntersmapp.com\/fr\/wp-json\/wp\/v2\/pages"}],"about":[{"href":"https:\/\/huntersmapp.com\/fr\/wp-json\/wp\/v2\/types\/page"}],"author":[{"embeddable":true,"href":"https:\/\/huntersmapp.com\/fr\/wp-json\/wp\/v2\/users\/4"}],"replies":[{"embeddable":true,"href":"https:\/\/huntersmapp.com\/fr\/wp-json\/wp\/v2\/comments?post=132"}],"version-history":[{"count":36,"href":"https:\/\/huntersmapp.com\/fr\/wp-json\/wp\/v2\/pages\/132\/revisions"}],"predecessor-version":[{"id":2078,"href":"https:\/\/huntersmapp.com\/fr\/wp-json\/wp\/v2\/pages\/132\/revisions\/2078"}],"up":[{"embeddable":true,"href":"https:\/\/huntersmapp.com\/fr\/wp-json\/wp\/v2\/pages\/32"}],"wp:attachment":[{"href":"https:\/\/huntersmapp.com\/fr\/wp-json\/wp\/v2\/media?parent=132"}],"curies":[{"name":"wp","href":"https:\/\/api.w.org\/{rel}","templated":true}]}}