{"id":135,"date":"2017-01-25T15:13:50","date_gmt":"2017-01-25T14:13:50","guid":{"rendered":"http:\/\/huntersmapp.com\/?page_id=135"},"modified":"2019-01-04T16:55:19","modified_gmt":"2019-01-04T15:55:19","slug":"lockrufe","status":"publish","type":"page","link":"https:\/\/huntersmapp.com\/fr\/jagdplaner\/lockrufe\/","title":{"rendered":"Appels"},"content":{"rendered":"<p>[vc_row][vc_column width=&#8221;5\/12&#8243;][vc_column_text]<\/p>\n<h1>Appels<\/h1>\n<p>Comme chacun sait, il est possible d\u2019attirer certains esp\u00e8ces de gibier en imitant leurs cris d\u2019une fa\u00e7on ou d\u2019une autre &#8211; \u00e0 condition que le chasseur s\u2019y prenne bien !<\/p>\n<p>Ici vous pouvez choisir parmi pr\u00e8s de 20 appels diff\u00e9rents pour l\u2019appel des&#8230;<\/p>\n<ul>\n<li><strong>chevreuils<\/strong><\/li>\n<li><strong>sangliers<\/strong><\/li>\n<li><strong>renards<\/strong><\/li>\n<li><strong>ratons laveurs<\/strong><\/li>\n<li><strong>canards et corneilles<\/strong><\/li>\n<li><strong>et bien d\u2019autres &#8230;.<\/strong><\/li>\n<\/ul>\n<p>Utilisez cette fonction pr\u00e9cieuse pour \u00e9couter les appels et pour vous entra\u00eener en toute tranquillit\u00e9 &#8211; avec ou sans auxiliaires &#8211; avant de partir \u00e0 la chasse.<\/p>\n<p><strong>Bon \u00e0 savoir :<\/strong>\u00a0Vous pouvez acheter les appeaux ayant servi \u00e0 imiter les appels chez Klaus Demmel :<\/p>\n<p><a href=\"https:\/\/klaus-demmel.de\/index.php?id_category=6&amp;controller=category\">Cliquez ici pour visiter la boutique en ligne !<\/a>[\/vc_column_text][\/vc_column][vc_column width=&#8221;7\/12&#8243;][vc_images_carousel images=&#8221;593,592,591&#8243; img_size=&#8221;large&#8221; speed=&#8221;4000&#8243; autoplay=&#8221;yes&#8221; wrap=&#8221;yes&#8221;][\/vc_column][\/vc_row]<\/p>","protected":false},"excerpt":{"rendered":"<p>[vc_row][vc_column width=&#8221;5\/12&#8243;][vc_column_text] Appels Comme chacun sait, il est possible d\u2019attirer certains esp\u00e8ces de gibier en imitant leurs cris d\u2019une fa\u00e7on ou d\u2019une autre &#8211; \u00e0 condition que le chasseur s\u2019y prenne bien ! Ici vous pouvez choisir parmi pr\u00e8s de 20 appels diff\u00e9rents pour l\u2019appel des&#8230; chevreuils sangliers renards ratons laveurs canards et corneilles et [&hellip;]<\/p>\n","protected":false},"author":4,"featured_media":0,"parent":32,"menu_order":5,"comment_status":"closed","ping_status":"closed","template":"","meta":[],"_links":{"self":[{"href":"https:\/\/huntersmapp.com\/fr\/wp-json\/wp\/v2\/pages\/135"}],"collection":[{"href":"https:\/\/huntersmapp.com\/fr\/wp-json\/wp\/v2\/pages"}],"about":[{"href":"https:\/\/huntersmapp.com\/fr\/wp-json\/wp\/v2\/types\/page"}],"author":[{"embeddable":true,"href":"https:\/\/huntersmapp.com\/fr\/wp-json\/wp\/v2\/users\/4"}],"replies":[{"embeddable":true,"href":"https:\/\/huntersmapp.com\/fr\/wp-json\/wp\/v2\/comments?post=135"}],"version-history":[{"count":47,"href":"https:\/\/huntersmapp.com\/fr\/wp-json\/wp\/v2\/pages\/135\/revisions"}],"predecessor-version":[{"id":2082,"href":"https:\/\/huntersmapp.com\/fr\/wp-json\/wp\/v2\/pages\/135\/revisions\/2082"}],"up":[{"embeddable":true,"href":"https:\/\/huntersmapp.com\/fr\/wp-json\/wp\/v2\/pages\/32"}],"wp:attachment":[{"href":"https:\/\/huntersmapp.com\/fr\/wp-json\/wp\/v2\/media?parent=135"}],"curies":[{"name":"wp","href":"https:\/\/api.w.org\/{rel}","templated":true}]}}