{"id":149,"date":"2017-01-25T18:29:25","date_gmt":"2017-01-25T17:29:25","guid":{"rendered":"http:\/\/huntersmapp.com\/?page_id=149"},"modified":"2019-01-04T16:34:48","modified_gmt":"2019-01-04T15:34:48","slug":"jagdwetter","status":"publish","type":"page","link":"https:\/\/huntersmapp.com\/fr\/jagdplaner\/jagdwetter\/","title":{"rendered":"M\u00e9t\u00e9o chasse"},"content":{"rendered":"<p>[vc_row][vc_column width=&#8221;5\/12&#8243;][vc_column_text]<\/p>\n<h1>M\u00e9t\u00e9o chasse<\/h1>\n<p>Malheureusement, nous ne sommes pas (encore) en mesure de contr\u00f4ler la lueur de l\u2019aube ou du cr\u00e9puscule, ni la direction du vent &#8211; par contre, nous vous fournissons, moyennant la HuntersMapp, tous les param\u00e8tres m\u00e9trologiques importants pour la chasse parfaite &#8211; de jour comme de nuit.<\/p>\n<ul>\n<li>Infos m\u00e9t\u00e9o g\u00e9n\u00e9rales (conditions atmosph\u00e9riques, temp\u00e9rature, probabilit\u00e9 de pluie, lever et coucher du soleil)<\/li>\n<li>Force et direction du vent<\/li>\n<li>Phases de lune, lever et coucher de la lune<\/li>\n<\/ul>\n<p><strong>Points forts de la m\u00e9t\u00e9o chasse :<\/strong><\/p>\n<ul>\n<li>La repr\u00e9sentation des donn\u00e9es m\u00e9t\u00e9o ainsi que des pr\u00e9visions m\u00e9t\u00e9orologiques s\u2019effectue sur 3 pages \u00e9cran : m\u00e9t\u00e9o, vent, lune<\/li>\n<li>Outre les infos m\u00e9t\u00e9o actuelles, vous y trouverez les pr\u00e9visions pour les 5 prochains jours<\/li>\n<li>Les pr\u00e9visions m\u00e9t\u00e9o* pour les 6 heures \u00e0 venir sont d\u2019ailleurs constamment actualis\u00e9es.<\/li>\n<\/ul>\n<p><strong>Vous avez le choix : position actuelle ou quelconque ?<\/strong><\/p>\n<p>Lors de la consultation des donn\u00e9es m\u00e9t\u00e9orologiques vous pouvez soit reprendre automatiquement votre position actuelle, soit choisir une position quelconque en s\u00e9lectionnant un pays et entrant le code postal souhait\u00e9.<\/p>\n<h6>*Pr\u00e9visions m\u00e9t\u00e9orologiques avec temp\u00e9rature, probabilit\u00e9 de pluie, quantit\u00e9 de pluie, direction et vitesse du vent.<\/h6>\n<p>[\/vc_column_text][\/vc_column][vc_column width=&#8221;7\/12&#8243;][vc_images_carousel images=&#8221;602,603,594&#8243; img_size=&#8221;large&#8221; autoplay=&#8221;yes&#8221; wrap=&#8221;yes&#8221;][\/vc_column][\/vc_row]<\/p>","protected":false},"excerpt":{"rendered":"<p>[vc_row][vc_column width=&#8221;5\/12&#8243;][vc_column_text] M\u00e9t\u00e9o chasse Malheureusement, nous ne sommes pas (encore) en mesure de contr\u00f4ler la lueur de l\u2019aube ou du cr\u00e9puscule, ni la direction du vent &#8211; par contre, nous vous fournissons, moyennant la HuntersMapp, tous les param\u00e8tres m\u00e9trologiques importants pour la chasse parfaite &#8211; de jour comme de nuit. Infos m\u00e9t\u00e9o g\u00e9n\u00e9rales (conditions atmosph\u00e9riques, [&hellip;]<\/p>\n","protected":false},"author":4,"featured_media":0,"parent":32,"menu_order":1,"comment_status":"closed","ping_status":"closed","template":"","meta":[],"_links":{"self":[{"href":"https:\/\/huntersmapp.com\/fr\/wp-json\/wp\/v2\/pages\/149"}],"collection":[{"href":"https:\/\/huntersmapp.com\/fr\/wp-json\/wp\/v2\/pages"}],"about":[{"href":"https:\/\/huntersmapp.com\/fr\/wp-json\/wp\/v2\/types\/page"}],"author":[{"embeddable":true,"href":"https:\/\/huntersmapp.com\/fr\/wp-json\/wp\/v2\/users\/4"}],"replies":[{"embeddable":true,"href":"https:\/\/huntersmapp.com\/fr\/wp-json\/wp\/v2\/comments?post=149"}],"version-history":[{"count":60,"href":"https:\/\/huntersmapp.com\/fr\/wp-json\/wp\/v2\/pages\/149\/revisions"}],"predecessor-version":[{"id":2072,"href":"https:\/\/huntersmapp.com\/fr\/wp-json\/wp\/v2\/pages\/149\/revisions\/2072"}],"up":[{"embeddable":true,"href":"https:\/\/huntersmapp.com\/fr\/wp-json\/wp\/v2\/pages\/32"}],"wp:attachment":[{"href":"https:\/\/huntersmapp.com\/fr\/wp-json\/wp\/v2\/media?parent=149"}],"curies":[{"name":"wp","href":"https:\/\/api.w.org\/{rel}","templated":true}]}}