{"id":159,"date":"2017-01-26T11:37:49","date_gmt":"2017-01-26T10:37:49","guid":{"rendered":"http:\/\/huntersmapp.com\/?page_id=159"},"modified":"2017-06-14T15:49:48","modified_gmt":"2017-06-14T13:49:48","slug":"extras","status":"publish","type":"page","link":"https:\/\/huntersmapp.com\/fr\/extras\/","title":{"rendered":"Extras"},"content":{"rendered":"<p>[vc_row][vc_column width=&#8221;5\/12&#8243;][vc_column_text]<\/p>\n<h1>Extras<\/h1>\n<p>Cliquez ici pour d\u00e9couvrir les autres extras \u00e0 utiliser exclusivement avec la HuntersMapp :<\/p>\n<ul>\n<li><a href=\"http:\/\/huntersmapp.com\/extras\/hardware\/\">HuntersMapp Hardware<\/a><\/li>\n<li><a href=\"http:\/\/huntersmapp.com\/extras\/ar-funktion\/\">R\u00e9alit\u00e9 augment\u00e9e<\/a>\u00a0(Augmented Reality)<\/li>\n<\/ul>\n<p>Augmentez la port\u00e9e de notre technologie peer-to-peer gr\u00e2ce \u00e0 notre mat\u00e9riel sp\u00e9cial HuntersMapp &#8211; pour une communication optimale entre amis chasseurs !<\/p>\n<p>Affichez les positions des autres chasseurs ainsi que les installations cyn\u00e9g\u00e9tiques, souilles, points de rencontre etc. (tout ce que vous avez d\u00e9j\u00e0 saisi sur la carte du territoire de chasse) sur l\u2019image en direct de la cam\u00e9ra de votre t\u00e9l\u00e9phone portable.[\/vc_column_text][\/vc_column][vc_column width=&#8221;7\/12&#8243;][vc_single_image image=&#8221;22&#8243; img_size=&#8221;large&#8221;][\/vc_column][\/vc_row]<\/p>","protected":false},"excerpt":{"rendered":"<p>[vc_row][vc_column width=&#8221;5\/12&#8243;][vc_column_text] Extras Cliquez ici pour d\u00e9couvrir les autres extras \u00e0 utiliser exclusivement avec la HuntersMapp : HuntersMapp Hardware R\u00e9alit\u00e9 augment\u00e9e\u00a0(Augmented Reality) Augmentez la port\u00e9e de notre technologie peer-to-peer gr\u00e2ce \u00e0 notre mat\u00e9riel sp\u00e9cial HuntersMapp &#8211; pour une communication optimale entre amis chasseurs ! Affichez les positions des autres chasseurs ainsi que les installations cyn\u00e9g\u00e9tiques, [&hellip;]<\/p>\n","protected":false},"author":4,"featured_media":0,"parent":0,"menu_order":4,"comment_status":"closed","ping_status":"closed","template":"","meta":[],"_links":{"self":[{"href":"https:\/\/huntersmapp.com\/fr\/wp-json\/wp\/v2\/pages\/159"}],"collection":[{"href":"https:\/\/huntersmapp.com\/fr\/wp-json\/wp\/v2\/pages"}],"about":[{"href":"https:\/\/huntersmapp.com\/fr\/wp-json\/wp\/v2\/types\/page"}],"author":[{"embeddable":true,"href":"https:\/\/huntersmapp.com\/fr\/wp-json\/wp\/v2\/users\/4"}],"replies":[{"embeddable":true,"href":"https:\/\/huntersmapp.com\/fr\/wp-json\/wp\/v2\/comments?post=159"}],"version-history":[{"count":19,"href":"https:\/\/huntersmapp.com\/fr\/wp-json\/wp\/v2\/pages\/159\/revisions"}],"predecessor-version":[{"id":1107,"href":"https:\/\/huntersmapp.com\/fr\/wp-json\/wp\/v2\/pages\/159\/revisions\/1107"}],"wp:attachment":[{"href":"https:\/\/huntersmapp.com\/fr\/wp-json\/wp\/v2\/media?parent=159"}],"curies":[{"name":"wp","href":"https:\/\/api.w.org\/{rel}","templated":true}]}}