{"id":164,"date":"2017-01-26T11:44:29","date_gmt":"2017-01-26T10:44:29","guid":{"rendered":"http:\/\/huntersmapp.com\/?page_id=164"},"modified":"2020-02-07T12:08:24","modified_gmt":"2020-02-07T11:08:24","slug":"hardware","status":"publish","type":"page","link":"https:\/\/huntersmapp.com\/fr\/extras\/hardware\/","title":{"rendered":"Mat\u00e9riel"},"content":{"rendered":"<p>[vc_row][vc_column width=&#8221;5\/12&#8243;][vc_column_text]<\/p>\n<h1>Mat\u00e9riel HuntersMapp<\/h1>\n<p><strong>(Prochainement disponible)<\/strong><\/p>\n<p>\u00c0 partir de 2019, la technologie peer-to-peer de notre HuntersMapp sera encore plus performante et sans limites &#8230;<\/p>\n<p><strong>Que signifie peer-to-peer ?<\/strong><\/p>\n<p>Si, pendant la chasse, aucun r\u00e9seau public n\u2019est disponible pour la communication avec les chasseurs et traqueurs participant, la technologie peer-to-peer entre en jeu. Cependant, celle-ci ne fonctionne qu\u2019\u00e0 courte distance.<\/p>\n<p><strong>Pourquoi ai-je besoin d\u2019un mat\u00e9riel suppl\u00e9mentaire pour des distances plus grandes ?<\/strong><\/p>\n<p>Si vos amis chasseurs sont plac\u00e9s loin les uns des autres de sorte qu\u2019un r\u00e9seau peer-to-peer classique via WLAN\/Bluetooth ne peut \u00eatre r\u00e9alis\u00e9, la communication ne fonctionne plus sans mat\u00e9riel suppl\u00e9mentaire.<\/p>\n<h3>Points forts du mat\u00e9riel HuntersMapp :<\/h3>\n<ul>\n<li>Communication fiable entre diff\u00e9rents chasseurs sur la base de la radio \u00e0 ondes longues. En fonction du terrain et du temps, la distance maximale entre deux chasseurs est de 5 km.<\/li>\n<li>Communiquer sans limites : lorsque plusieurs chasseurs sont \u00e9quip\u00e9s du mat\u00e9riel HuntersMapp, la communication porte encore plus loin via les diff\u00e9rents utilisateurs.<\/li>\n<\/ul>\n<p><strong>\u00c0 partir de 2019, vous pourrez acheter le mat\u00e9riel HuntersMapp ici.<\/strong>[\/vc_column_text][\/vc_column][vc_column width=&#8221;7\/12&#8243;][vc_row_inner][vc_column_inner][\/vc_column_inner][\/vc_row_inner][vc_row_inner][vc_column_inner width=&#8221;1\/6&#8243;][\/vc_column_inner][vc_column_inner width=&#8221;4\/6&#8243;][vc_single_image image=&#8221;666&#8243; img_size=&#8221;medium&#8221; alignment=&#8221;center&#8221;][vc_single_image image=&#8221;585&#8243; img_size=&#8221;large&#8221;][\/vc_column_inner][vc_column_inner width=&#8221;1\/6&#8243;][\/vc_column_inner][\/vc_row_inner][\/vc_column][\/vc_row]<\/p>","protected":false},"excerpt":{"rendered":"<p>[vc_row][vc_column width=&#8221;5\/12&#8243;][vc_column_text] Mat\u00e9riel HuntersMapp (Prochainement disponible) \u00c0 partir de 2019, la technologie peer-to-peer de notre HuntersMapp sera encore plus performante et sans limites &#8230; Que signifie peer-to-peer ? Si, pendant la chasse, aucun r\u00e9seau public n\u2019est disponible pour la communication avec les chasseurs et traqueurs participant, la technologie peer-to-peer entre en jeu. Cependant, celle-ci ne [&hellip;]<\/p>\n","protected":false},"author":4,"featured_media":0,"parent":159,"menu_order":1,"comment_status":"closed","ping_status":"closed","template":"","meta":[],"_links":{"self":[{"href":"https:\/\/huntersmapp.com\/fr\/wp-json\/wp\/v2\/pages\/164"}],"collection":[{"href":"https:\/\/huntersmapp.com\/fr\/wp-json\/wp\/v2\/pages"}],"about":[{"href":"https:\/\/huntersmapp.com\/fr\/wp-json\/wp\/v2\/types\/page"}],"author":[{"embeddable":true,"href":"https:\/\/huntersmapp.com\/fr\/wp-json\/wp\/v2\/users\/4"}],"replies":[{"embeddable":true,"href":"https:\/\/huntersmapp.com\/fr\/wp-json\/wp\/v2\/comments?post=164"}],"version-history":[{"count":89,"href":"https:\/\/huntersmapp.com\/fr\/wp-json\/wp\/v2\/pages\/164\/revisions"}],"predecessor-version":[{"id":2794,"href":"https:\/\/huntersmapp.com\/fr\/wp-json\/wp\/v2\/pages\/164\/revisions\/2794"}],"up":[{"embeddable":true,"href":"https:\/\/huntersmapp.com\/fr\/wp-json\/wp\/v2\/pages\/159"}],"wp:attachment":[{"href":"https:\/\/huntersmapp.com\/fr\/wp-json\/wp\/v2\/media?parent=164"}],"curies":[{"name":"wp","href":"https:\/\/api.w.org\/{rel}","templated":true}]}}