{"id":199,"date":"2017-01-26T17:37:42","date_gmt":"2017-01-26T16:37:42","guid":{"rendered":"http:\/\/huntersmapp.com\/?page_id=199"},"modified":"2019-01-04T17:33:29","modified_gmt":"2019-01-04T16:33:29","slug":"ar-funktion","status":"publish","type":"page","link":"https:\/\/huntersmapp.com\/fr\/extras\/ar-funktion\/","title":{"rendered":"R\u00e9alit\u00e9 augment\u00e9e"},"content":{"rendered":"<p>[vc_row][vc_column width=&#8221;5\/12&#8243;][vc_column_text]<\/p>\n<h1>R\u00e9alit\u00e9 augment\u00e9e\u00a0&#8211; Augmented Reality (AR)<\/h1>\n<p>La fusion de visualisations anim\u00e9es par ordinateur avec les donn\u00e9es scann\u00e9es de l\u2019environnement r\u00e9el &#8211; bref : la r\u00e9alit\u00e9 augment\u00e9e \u2013 offre des possibilit\u00e9s fascinantes qui, d\u00e8s \u00e0 pr\u00e9sent, feront la joie d\u2019\u00e9quipes de chasseurs enti\u00e8res !<\/p>\n<p><strong>Notre conseil :<\/strong>\u00a0la r\u00e9alit\u00e9 augment\u00e9e est id\u00e9ale, p. ex. lors d\u2019une battue, afin de visualiser les postes des diff\u00e9rents participants \u00e0 la chasse.<\/p>\n<h3>Points forts du module \u00ab\u00a0Augmented Reality\u00a0\u00bb :<\/h3>\n<ul>\n<li>Mettre ses propres rep\u00e8res (mirador, point de rencontre, souille, etc.)<\/li>\n<li>Tous les chasseurs connect\u00e9s lors d\u2019une battue<\/li>\n<li>Avec d\u00e9nomination ou nom du profile et indication de la distance<\/li>\n<\/ul>\n<p><strong>La r\u00e9alit\u00e9 augment\u00e9e est aussi simple que \u00e7a :<\/strong><\/p>\n<p>Quitter le mode carte de votre t\u00e9l\u00e9phone portable pour afficher le mode cam\u00e9ra. Vous voyez maintenant toutes les informations suppl\u00e9mentaires ins\u00e9r\u00e9es dans l\u2019image en direct de votre cam\u00e9ra &#8211; y compris la d\u00e9nomination respective et l\u2019indication pr\u00e9cise de la distance.[\/vc_column_text][\/vc_column][vc_column width=&#8221;7\/12&#8243;][vc_images_carousel images=&#8221;1354,1356&#8243; img_size=&#8221;large&#8221; autoplay=&#8221;yes&#8221; wrap=&#8221;yes&#8221;][\/vc_column][\/vc_row]<\/p>","protected":false},"excerpt":{"rendered":"<p>[vc_row][vc_column width=&#8221;5\/12&#8243;][vc_column_text] R\u00e9alit\u00e9 augment\u00e9e\u00a0&#8211; Augmented Reality (AR) La fusion de visualisations anim\u00e9es par ordinateur avec les donn\u00e9es scann\u00e9es de l\u2019environnement r\u00e9el &#8211; bref : la r\u00e9alit\u00e9 augment\u00e9e \u2013 offre des possibilit\u00e9s fascinantes qui, d\u00e8s \u00e0 pr\u00e9sent, feront la joie d\u2019\u00e9quipes de chasseurs enti\u00e8res ! Notre conseil :\u00a0la r\u00e9alit\u00e9 augment\u00e9e est id\u00e9ale, p. ex. lors d\u2019une [&hellip;]<\/p>\n","protected":false},"author":4,"featured_media":0,"parent":159,"menu_order":2,"comment_status":"closed","ping_status":"closed","template":"","meta":[],"_links":{"self":[{"href":"https:\/\/huntersmapp.com\/fr\/wp-json\/wp\/v2\/pages\/199"}],"collection":[{"href":"https:\/\/huntersmapp.com\/fr\/wp-json\/wp\/v2\/pages"}],"about":[{"href":"https:\/\/huntersmapp.com\/fr\/wp-json\/wp\/v2\/types\/page"}],"author":[{"embeddable":true,"href":"https:\/\/huntersmapp.com\/fr\/wp-json\/wp\/v2\/users\/4"}],"replies":[{"embeddable":true,"href":"https:\/\/huntersmapp.com\/fr\/wp-json\/wp\/v2\/comments?post=199"}],"version-history":[{"count":38,"href":"https:\/\/huntersmapp.com\/fr\/wp-json\/wp\/v2\/pages\/199\/revisions"}],"predecessor-version":[{"id":2107,"href":"https:\/\/huntersmapp.com\/fr\/wp-json\/wp\/v2\/pages\/199\/revisions\/2107"}],"up":[{"embeddable":true,"href":"https:\/\/huntersmapp.com\/fr\/wp-json\/wp\/v2\/pages\/159"}],"wp:attachment":[{"href":"https:\/\/huntersmapp.com\/fr\/wp-json\/wp\/v2\/media?parent=199"}],"curies":[{"name":"wp","href":"https:\/\/api.w.org\/{rel}","templated":true}]}}