{"id":204,"date":"2017-01-26T17:47:27","date_gmt":"2017-01-26T16:47:27","guid":{"rendered":"http:\/\/huntersmapp.com\/?page_id=204"},"modified":"2019-01-04T17:25:05","modified_gmt":"2019-01-04T16:25:05","slug":"entfernungsmesser","status":"publish","type":"page","link":"https:\/\/huntersmapp.com\/fr\/revier\/entfernungsmesser\/","title":{"rendered":"T\u00e9l\u00e9m\u00e8tre"},"content":{"rendered":"<p>[vc_row][vc_column width=&#8221;5\/12&#8243;][vc_column_text]<\/p>\n<h1>T\u00e9l\u00e9m\u00e8tre<\/h1>\n<p>Sanglier, cerf ou chevreuil : estimer correctement les distances moyennant r\u00e9ticule 1, 4 ou 7 n\u2019est pas toujours simple, m\u00eame pour un chasseur exp\u00e9riment\u00e9. Il en est de m\u00eame pour estimer la distance entre deux lieux.<\/p>\n<p>Si, malgr\u00e9 votre excellente connaissance du territoire, vous n\u2019avez pas le temps, ni l\u2019envie de combiner les \u00e9cartements de barres et les tailles des pi\u00e8ces, vous \u00eates bien avis\u00e9 de miser sur notre module \u00ab\u00a0t\u00e9l\u00e9m\u00e8tre\u00a0\u00bb !<\/p>\n<h3>Point fort du t\u00e9l\u00e9m\u00e8tre :<\/h3>\n<p>Mesure pr\u00e9cise de la distance entre deux points au choix ou entre votre position et celle du gibier.<\/p>\n<p><strong>L\u2019utilisation du t\u00e9l\u00e9m\u00e8tre est aussi simple que \u00e7a :<\/strong><\/p>\n<ul>\n<li>Apr\u00e8s lancement du module \u00ab\u00a0territoire de chasse\u00a0\u00bb et s\u00e9lection du territoire, la carte du territoire de chasse s\u2019ouvre (vue satellite).<\/li>\n<li>S\u00e9lectionnez dans la barre de menu en bas l\u2019ic\u00f4ne r\u00e8gle pour le t\u00e9l\u00e9m\u00e8tre.<\/li>\n<li>Le point de d\u00e9part de la mesure est la position actuelle (point bleu sur la carte). Avec votre doigt vous pouvez le d\u00e9placer en toute position voulue.<\/li>\n<li>Pour s\u00e9lectionner le point final de la mesure, tapez simplement sur la position souhait\u00e9e sur la carte. Le point final est rep\u00e9r\u00e9 par un point rouge.<\/li>\n<li>Le r\u00e9sultat de la mesure, c\u2019est-\u00e0-dire la distance entre les deux points \u00e0 vol d\u2019oiseau, est affich\u00e9 dans l\u2019unit\u00e9 de mesure du pays respectif.<\/li>\n<\/ul>\n<p>[\/vc_column_text][\/vc_column][vc_column width=&#8221;7\/12&#8243;][vc_single_image image=&#8221;596&#8243; img_size=&#8221;large&#8221;][\/vc_column][\/vc_row]<\/p>","protected":false},"excerpt":{"rendered":"<p>[vc_row][vc_column width=&#8221;5\/12&#8243;][vc_column_text] T\u00e9l\u00e9m\u00e8tre Sanglier, cerf ou chevreuil : estimer correctement les distances moyennant r\u00e9ticule 1, 4 ou 7 n\u2019est pas toujours simple, m\u00eame pour un chasseur exp\u00e9riment\u00e9. Il en est de m\u00eame pour estimer la distance entre deux lieux. Si, malgr\u00e9 votre excellente connaissance du territoire, vous n\u2019avez pas le temps, ni l\u2019envie de combiner [&hellip;]<\/p>\n","protected":false},"author":4,"featured_media":0,"parent":42,"menu_order":5,"comment_status":"closed","ping_status":"closed","template":"","meta":[],"_links":{"self":[{"href":"https:\/\/huntersmapp.com\/fr\/wp-json\/wp\/v2\/pages\/204"}],"collection":[{"href":"https:\/\/huntersmapp.com\/fr\/wp-json\/wp\/v2\/pages"}],"about":[{"href":"https:\/\/huntersmapp.com\/fr\/wp-json\/wp\/v2\/types\/page"}],"author":[{"embeddable":true,"href":"https:\/\/huntersmapp.com\/fr\/wp-json\/wp\/v2\/users\/4"}],"replies":[{"embeddable":true,"href":"https:\/\/huntersmapp.com\/fr\/wp-json\/wp\/v2\/comments?post=204"}],"version-history":[{"count":27,"href":"https:\/\/huntersmapp.com\/fr\/wp-json\/wp\/v2\/pages\/204\/revisions"}],"predecessor-version":[{"id":2099,"href":"https:\/\/huntersmapp.com\/fr\/wp-json\/wp\/v2\/pages\/204\/revisions\/2099"}],"up":[{"embeddable":true,"href":"https:\/\/huntersmapp.com\/fr\/wp-json\/wp\/v2\/pages\/42"}],"wp:attachment":[{"href":"https:\/\/huntersmapp.com\/fr\/wp-json\/wp\/v2\/media?parent=204"}],"curies":[{"name":"wp","href":"https:\/\/api.w.org\/{rel}","templated":true}]}}