{"id":2064,"date":"2019-01-04T16:17:45","date_gmt":"2019-01-04T15:17:45","guid":{"rendered":"https:\/\/huntersmapp.com\/?page_id=2064"},"modified":"2019-01-04T16:45:35","modified_gmt":"2019-01-04T15:45:35","slug":"abschussplaene","status":"publish","type":"page","link":"https:\/\/huntersmapp.com\/fr\/revier\/abschussplaene\/","title":{"rendered":"(Deutsch) Abschusspl\u00e4ne"},"content":{"rendered":"<p class=\"qtranxs-available-languages-message qtranxs-available-languages-message-fr\">D\u00e9sol\u00e9, cet article est seulement disponible en <a href=\"https:\/\/huntersmapp.com\/de\/wp-json\/wp\/v2\/pages\/2064\" class=\"qtranxs-available-language-link qtranxs-available-language-link-de\" title=\"Deutsch\">Allemand<\/a>. Pour le confort de l\u2019utilisateur, le contenu est affich\u00e9 ci-dessous dans une autre langue. Vous pouvez cliquer le lien pour changer de langue active.<\/p><p>[vc_row][vc_column width=&#8221;5\/12&#8243;][vc_column_text]<\/p>\n<h1>Abschusspl\u00e4ne<\/h1>\n<p>Ob eigene Abschussplanung oder Abschussplanvorgaben des Revierp\u00e4chters, mit diesem Tool haben Sie alles im \u00dcberblick!<\/p>\n<h2>Highlights Modul Abschusspl\u00e4ne:<\/h2>\n<ul>\n<li>Vergebe Sie einen Namen f\u00fcr Ihren Abschussplan<\/li>\n<li>W\u00e4hlen Sie Ihr Revier aus, f\u00fcr das der Abschussplan gelten soll<\/li>\n<li>W\u00e4hlen Sie den G\u00fcltigkeitszeitraum, also z.B. vom 01.04.2019 &#8211; 31.03.2020<\/li>\n<li>Jetzt k\u00f6nnen Sie einzelne Wildarten mit eine entsprechenden &#8220;Sollvorgabe&#8221; hinterlegen. W\u00e4hlen Sie hierzu die Wildart, das Geschlecht, die Klasse (freie Einteilung m\u00f6glich) und eine Sollvorgabe (Anzahl)<\/li>\n<li>Bei einem <a href=\"https:\/\/huntersmapp.com\/jagdplaner\/jagdtagebuch\/\">Jagdtagebucheintrag<\/a> der Kategorie &#8220;Erlegt&#8221; haben Sie jetzt die M\u00f6glichkeit den Eintrag einem Abschussplan und eine Klasse zuzuordnen. Bitte denken Sie auch daran im Tagebucheintrag den Erleger, das Datum und das Geschlecht zu pflegen, da diese Informationen im Abschussplan mit verwendet werden.<\/li>\n<\/ul>\n<p><strong>Ihr Plus:\u00a0<\/strong><\/p>\n<ul>\n<li>Sie k\u00f6nnen\u00a0Ihren Revierabschussplan auch auf Ihre Mitj\u00e4ger herunter brechen und die Abschusspl\u00e4ne \u00fcber den integrierten Messenger \u00fcber an die Mitj\u00e4ger verteilen. So kann jeder seinen eigenen Teilabschussplan f\u00fchren.<\/li>\n<li>Sie k\u00f6nnen aber auch einen gemeinsamen Abschussplan pflegen, in dem alle Mitj\u00e4ger Ihre Abschuss-Tagebucheintr\u00e4ge \u00fcber den Messenger an z.B. Ihre Revier-Chatgruppe senden. Tippen Sie jetzt einfach im <a href=\"https:\/\/huntersmapp.com\/kommunikation\/messenger\/\">Messenger<\/a> auf den Tagebucheintrag Ihres Mitt\u00e4ters und er wird automatisch in Ihr Tagebuch, mit entsprechendem Erleger-Namen \u00fcbernommen. Die Zuordnung zum Abschussplan wir ebenfalls \u00fcbernommen, soweit Ihr Mitj\u00e4ger dies in seinem Tagebucheintrag bereits gepflegt hat.<\/li>\n<\/ul>\n<p>[\/vc_column_text][\/vc_column][vc_column width=&#8221;7\/12&#8243;][vc_single_image image=&#8221;2038&#8243; img_size=&#8221;large&#8221;][vc_single_image image=&#8221;2053&#8243; img_size=&#8221;large&#8221;][\/vc_column][\/vc_row]<\/p>","protected":false},"excerpt":{"rendered":"<p>D\u00e9sol\u00e9, cet article est seulement disponible en Allemand. Pour le confort de l\u2019utilisateur, le contenu est affich\u00e9 ci-dessous dans une autre langue. Vous pouvez cliquer le lien pour changer de langue active.[vc_row][vc_column width=&#8221;5\/12&#8243;][vc_column_text] Abschusspl\u00e4ne Ob eigene Abschussplanung oder Abschussplanvorgaben des Revierp\u00e4chters, mit diesem Tool haben Sie alles im \u00dcberblick! Highlights Modul Abschusspl\u00e4ne: Vergebe Sie einen [&hellip;]<\/p>\n","protected":false},"author":4,"featured_media":0,"parent":42,"menu_order":6,"comment_status":"closed","ping_status":"closed","template":"","meta":[],"_links":{"self":[{"href":"https:\/\/huntersmapp.com\/fr\/wp-json\/wp\/v2\/pages\/2064"}],"collection":[{"href":"https:\/\/huntersmapp.com\/fr\/wp-json\/wp\/v2\/pages"}],"about":[{"href":"https:\/\/huntersmapp.com\/fr\/wp-json\/wp\/v2\/types\/page"}],"author":[{"embeddable":true,"href":"https:\/\/huntersmapp.com\/fr\/wp-json\/wp\/v2\/users\/4"}],"replies":[{"embeddable":true,"href":"https:\/\/huntersmapp.com\/fr\/wp-json\/wp\/v2\/comments?post=2064"}],"version-history":[{"count":5,"href":"https:\/\/huntersmapp.com\/fr\/wp-json\/wp\/v2\/pages\/2064\/revisions"}],"predecessor-version":[{"id":2076,"href":"https:\/\/huntersmapp.com\/fr\/wp-json\/wp\/v2\/pages\/2064\/revisions\/2076"}],"up":[{"embeddable":true,"href":"https:\/\/huntersmapp.com\/fr\/wp-json\/wp\/v2\/pages\/42"}],"wp:attachment":[{"href":"https:\/\/huntersmapp.com\/fr\/wp-json\/wp\/v2\/media?parent=2064"}],"curies":[{"name":"wp","href":"https:\/\/api.w.org\/{rel}","templated":true}]}}