{"id":214,"date":"2017-01-27T11:21:00","date_gmt":"2017-01-27T10:21:00","guid":{"rendered":"http:\/\/huntersmapp.com\/?page_id=214"},"modified":"2018-10-08T10:43:44","modified_gmt":"2018-10-08T08:43:44","slug":"versionen","status":"publish","type":"page","link":"https:\/\/huntersmapp.com\/fr\/versionen\/","title":{"rendered":"Prix"},"content":{"rendered":"<p>[vc_row][vc_column width=&#8221;5\/12&#8243;][vc_column_text]<\/p>\n<h1>Versions de la HuntersMapp<\/h1>\n<p>T\u00e9l\u00e9chargez la HuntersMapp de la boutique en ligne (App Store ou Google Play Store) et d\u00e9marrez l\u2019application.<\/p>\n<p><strong>In-App-Purchase :<\/strong><\/p>\n<p>L\u2019application vous permet ensuite de choisir entre la version gratuite, le viewer HuntersMapp, et la version int\u00e9grale, la HuntersMapp Pro !<\/p>\n<p><strong>D\u00e9couvrez les diff\u00e9rentes versions disponibles :<\/strong><\/p>\n<p><a href=\"http:\/\/huntersmapp.com\/versionen\/huntersmapp-pro\/\">HuntersMapp Pro<\/a><\/p>\n<p><a href=\"http:\/\/huntersmapp.com\/versionen\/viewer\/\">Viewer HuntersMapp (version gratuite)<\/a>[\/vc_column_text][\/vc_column][vc_column width=&#8221;7\/12&#8243;][vc_single_image image=&#8221;1191&#8243; img_size=&#8221;large&#8221;][\/vc_column][\/vc_row]<\/p>","protected":false},"excerpt":{"rendered":"<p>[vc_row][vc_column width=&#8221;5\/12&#8243;][vc_column_text] Versions de la HuntersMapp T\u00e9l\u00e9chargez la HuntersMapp de la boutique en ligne (App Store ou Google Play Store) et d\u00e9marrez l\u2019application. In-App-Purchase : L\u2019application vous permet ensuite de choisir entre la version gratuite, le viewer HuntersMapp, et la version int\u00e9grale, la HuntersMapp Pro ! D\u00e9couvrez les diff\u00e9rentes versions disponibles : HuntersMapp Pro Viewer [&hellip;]<\/p>\n","protected":false},"author":4,"featured_media":0,"parent":0,"menu_order":0,"comment_status":"closed","ping_status":"closed","template":"","meta":[],"_links":{"self":[{"href":"https:\/\/huntersmapp.com\/fr\/wp-json\/wp\/v2\/pages\/214"}],"collection":[{"href":"https:\/\/huntersmapp.com\/fr\/wp-json\/wp\/v2\/pages"}],"about":[{"href":"https:\/\/huntersmapp.com\/fr\/wp-json\/wp\/v2\/types\/page"}],"author":[{"embeddable":true,"href":"https:\/\/huntersmapp.com\/fr\/wp-json\/wp\/v2\/users\/4"}],"replies":[{"embeddable":true,"href":"https:\/\/huntersmapp.com\/fr\/wp-json\/wp\/v2\/comments?post=214"}],"version-history":[{"count":53,"href":"https:\/\/huntersmapp.com\/fr\/wp-json\/wp\/v2\/pages\/214\/revisions"}],"predecessor-version":[{"id":1922,"href":"https:\/\/huntersmapp.com\/fr\/wp-json\/wp\/v2\/pages\/214\/revisions\/1922"}],"wp:attachment":[{"href":"https:\/\/huntersmapp.com\/fr\/wp-json\/wp\/v2\/media?parent=214"}],"curies":[{"name":"wp","href":"https:\/\/api.w.org\/{rel}","templated":true}]}}