{"id":28,"date":"2017-01-20T10:31:03","date_gmt":"2017-01-20T09:31:03","guid":{"rendered":"http:\/\/huntersmapp.com\/?page_id=28"},"modified":"2018-07-20T10:59:36","modified_gmt":"2018-07-20T08:59:36","slug":"kommunikation","status":"publish","type":"page","link":"https:\/\/huntersmapp.com\/fr\/kommunikation\/","title":{"rendered":"Communication"},"content":{"rendered":"<p>[vc_row][vc_column width=&#8221;5\/12&#8243;][vc_column_text]<\/p>\n<h1>Communication<\/h1>\n<p>Gr\u00e2ce \u00e0 notre <a href=\"http:\/\/huntersmapp.com\/kommunikation\/messenger\/\">messenger chasse<\/a>\u00a0vous restez toujours en contact avec vos amis chasseurs et autres passionn\u00e9s de la chasse. Qu\u2019il s\u2019agisse de traque, battue ou chasse aux chiens courants : planifiez vos chasses collectives en toute facilit\u00e9 et invitez vos meilleurs amis !<\/p>\n<ul>\n<li style=\"text-align: left;\">Restez toujours en contact avec vos amis &#8211; m\u00eame si aucun r\u00e9seau public n&#8217;est disponible \u2013 gr\u00e2ce \u00e0 la <a href=\"http:\/\/huntersmapp.com\/kommunikation\/peer-to-peer\/\">technologie peer-to-peer<\/a>\u00a0int\u00e9gr\u00e9e cela est possible !<\/li>\n<li style=\"text-align: left;\">Recevez les derni\u00e8res\u00a0<a href=\"http:\/\/huntersmapp.com\/kommunikation\/jagdnews\/\">actualit\u00e9s de chasse<\/a>\u00a0en mati\u00e8re de r\u00e9glementations sur la chasse, l\u00e9gislation en mati\u00e8re d\u2019armes, actualit\u00e9s publi\u00e9es par les f\u00e9d\u00e9rations de chasse et d\u2019armes ainsi que par les m\u00e9dias de chasse, et bien plus, directement sur votre portable.<\/li>\n<li style=\"text-align: left;\">Le\u00a0<a href=\"http:\/\/huntersmapp.com\/kommunikation\/sos-modul\/\">module SOS<\/a>\u00a0vous permet d\u2019appeler les secours en appuyant tout simplement sur le bouton SOS. Pour cela, l\u2019application se sert de la fonction d\u2019appel d\u2019urgence de votre portable.<\/li>\n<\/ul>\n<p>[\/vc_column_text][\/vc_column][vc_column width=&#8221;7\/12&#8243;][vc_single_image image=&#8221;585&#8243; img_size=&#8221;large&#8221;][\/vc_column][\/vc_row]<\/p>","protected":false},"excerpt":{"rendered":"<p>[vc_row][vc_column width=&#8221;5\/12&#8243;][vc_column_text] Communication Gr\u00e2ce \u00e0 notre messenger chasse\u00a0vous restez toujours en contact avec vos amis chasseurs et autres passionn\u00e9s de la chasse. Qu\u2019il s\u2019agisse de traque, battue ou chasse aux chiens courants : planifiez vos chasses collectives en toute facilit\u00e9 et invitez vos meilleurs amis ! Restez toujours en contact avec vos amis &#8211; m\u00eame [&hellip;]<\/p>\n","protected":false},"author":1,"featured_media":0,"parent":0,"menu_order":1,"comment_status":"closed","ping_status":"closed","template":"","meta":[],"_links":{"self":[{"href":"https:\/\/huntersmapp.com\/fr\/wp-json\/wp\/v2\/pages\/28"}],"collection":[{"href":"https:\/\/huntersmapp.com\/fr\/wp-json\/wp\/v2\/pages"}],"about":[{"href":"https:\/\/huntersmapp.com\/fr\/wp-json\/wp\/v2\/types\/page"}],"author":[{"embeddable":true,"href":"https:\/\/huntersmapp.com\/fr\/wp-json\/wp\/v2\/users\/1"}],"replies":[{"embeddable":true,"href":"https:\/\/huntersmapp.com\/fr\/wp-json\/wp\/v2\/comments?post=28"}],"version-history":[{"count":37,"href":"https:\/\/huntersmapp.com\/fr\/wp-json\/wp\/v2\/pages\/28\/revisions"}],"predecessor-version":[{"id":1816,"href":"https:\/\/huntersmapp.com\/fr\/wp-json\/wp\/v2\/pages\/28\/revisions\/1816"}],"wp:attachment":[{"href":"https:\/\/huntersmapp.com\/fr\/wp-json\/wp\/v2\/media?parent=28"}],"curies":[{"name":"wp","href":"https:\/\/api.w.org\/{rel}","templated":true}]}}