{"id":32,"date":"2017-01-20T11:10:22","date_gmt":"2017-01-20T10:10:22","guid":{"rendered":"http:\/\/huntersmapp.com\/?page_id=32"},"modified":"2018-07-20T11:16:17","modified_gmt":"2018-07-20T09:16:17","slug":"jagdplaner","status":"publish","type":"page","link":"https:\/\/huntersmapp.com\/fr\/jagdplaner\/","title":{"rendered":"Chasse"},"content":{"rendered":"<p>[vc_row][vc_column width=&#8221;5\/12&#8243;][vc_column_text]<\/p>\n<h1>Chasse<\/h1>\n<p>L\u2019instinct infaillible du chasseur compl\u00e9t\u00e9 de bon flair, c\u2019est ce que vous apportez \u00e0 la chasse ! Tout ce dont vous avez besoin de plus, vous le trouverez ici. De la m\u00e9t\u00e9o chasse pr\u00e9cise jusqu\u2019\u00e0 la r\u00e9partition des chasseurs sur les installations cyn\u00e9g\u00e9tiques\/postes et sp\u00e9cifications relatives aux territoires \u00e0 traquer, tous vos souhaits sont exauc\u00e9s :<\/p>\n<ul>\n<li><a href=\"http:\/\/huntersmapp.com\/jagdplaner\/jagdwetter\/\">M\u00e9t\u00e9o chasse<\/a><\/li>\n<li><a href=\"http:\/\/huntersmapp.com\/jagdplaner\/jagdtagebuch\/\">Journal de chasse<\/a><\/li>\n<li><a href=\"http:\/\/huntersmapp.com\/jagdplaner\/lockrufe\/\">Appels<\/a><\/li>\n<li><a href=\"http:\/\/huntersmapp.com\/jagdplaner\/einfache-jagd\/\">Chasse simple<\/a>\u00a0(GPS, rep\u00e8res)<\/li>\n<li><a href=\"http:\/\/huntersmapp.com\/jagdplaner\/organisierte-jagd\/\">Chasse organis\u00e9e<\/a>\u00a0(organisation, GPS, rep\u00e8res, r\u00e9partition des chasseurs sur les postes etc.)<\/li>\n<\/ul>\n<p><strong>Bon \u00e0 savoir :<\/strong>\u00a0Tous les participants connect\u00e9s \u00e0 la chasse sont affich\u00e9s sur la carte de la chasse moyennant leur signal GPS.\u00a0La communication (texte, images, coordonn\u00e9es GPS) entre les personnes et au sein des groupes se fait via le chat HuntersMapp. Ici \u00e9galement, la technologie peer-to-peer entre en jeu.<\/p>\n<p><a href=\"http:\/\/huntersmapp.com\/kommunikation\/peer-to-peer\/\">D\u00e9couvrez la technologie peer-to-peer<\/a>[\/vc_column_text][\/vc_column][vc_column width=&#8221;7\/12&#8243;][vc_single_image image=&#8221;587&#8243; img_size=&#8221;large&#8221;][\/vc_column][\/vc_row]<\/p>","protected":false},"excerpt":{"rendered":"<p>[vc_row][vc_column width=&#8221;5\/12&#8243;][vc_column_text] Chasse L\u2019instinct infaillible du chasseur compl\u00e9t\u00e9 de bon flair, c\u2019est ce que vous apportez \u00e0 la chasse ! Tout ce dont vous avez besoin de plus, vous le trouverez ici. De la m\u00e9t\u00e9o chasse pr\u00e9cise jusqu\u2019\u00e0 la r\u00e9partition des chasseurs sur les installations cyn\u00e9g\u00e9tiques\/postes et sp\u00e9cifications relatives aux territoires \u00e0 traquer, tous vos [&hellip;]<\/p>\n","protected":false},"author":1,"featured_media":0,"parent":0,"menu_order":2,"comment_status":"closed","ping_status":"closed","template":"","meta":[],"_links":{"self":[{"href":"https:\/\/huntersmapp.com\/fr\/wp-json\/wp\/v2\/pages\/32"}],"collection":[{"href":"https:\/\/huntersmapp.com\/fr\/wp-json\/wp\/v2\/pages"}],"about":[{"href":"https:\/\/huntersmapp.com\/fr\/wp-json\/wp\/v2\/types\/page"}],"author":[{"embeddable":true,"href":"https:\/\/huntersmapp.com\/fr\/wp-json\/wp\/v2\/users\/1"}],"replies":[{"embeddable":true,"href":"https:\/\/huntersmapp.com\/fr\/wp-json\/wp\/v2\/comments?post=32"}],"version-history":[{"count":35,"href":"https:\/\/huntersmapp.com\/fr\/wp-json\/wp\/v2\/pages\/32\/revisions"}],"predecessor-version":[{"id":1837,"href":"https:\/\/huntersmapp.com\/fr\/wp-json\/wp\/v2\/pages\/32\/revisions\/1837"}],"wp:attachment":[{"href":"https:\/\/huntersmapp.com\/fr\/wp-json\/wp\/v2\/media?parent=32"}],"curies":[{"name":"wp","href":"https:\/\/api.w.org\/{rel}","templated":true}]}}